{"id":764338,"date":"2025-08-28T11:07:34","date_gmt":"2025-08-28T08:07:34","guid":{"rendered":"https:\/\/roveyayinevi.com.tr\/index.php\/urun\/kader\/"},"modified":"2026-04-15T03:30:15","modified_gmt":"2026-04-15T00:30:15","slug":"kader","status":"publish","type":"product","link":"https:\/\/roveyayinevi.com.tr\/index.php\/urun\/kader\/","title":{"rendered":"Kader"},"content":{"rendered":"<p>\u201cDo\u011fru zaman geldi\u011finde oyuna geri d\u00f6n ve kalbinin yeniden \u00e2\u015f\u0131k olmas\u0131na izin ver.\u201d   Gracelyn, hayat\u0131n\u0131 kendi kurallar\u0131yla ya\u015fayan bir kad\u0131nd\u0131r. Ancak bir g\u00fcn, karde\u015fi ve e\u015fi trajik bir kazada hayat\u0131n\u0131 kaybedince on ya\u015f\u0131ndaki ye\u011feni Gabriel\u2019e bakmakla y\u00fck\u00fcml\u00fc olur. Onun d\u00fczenini bozmamak i\u00e7in San Diego\u2019ya ta\u015f\u0131n\u0131r ve orada bir sahil evi kiralar.   Yan kom\u015fular\u0131, d\u00fcnyay\u0131 dola\u015ft\u0131ktan sonra eve d\u00f6nmeye haz\u0131rlanan \u00e7ekici anatomi profes\u00f6r\u00fc Nathaniel ve onun k\u00fc\u00e7\u00fck k\u0131z\u0131 Morgan\u2019d\u0131r. Son on y\u0131l\u0131n\u0131 bek\u00e2r bir baba olarak ge\u00e7iren Nathaniel, hayat\u0131na kimseyi almam\u0131\u015ft\u0131r. \u0130ki kom\u015fu aras\u0131nda giderek derinle\u015fen bir ba\u011f kurulur. Ancak Nathaniel\u2019in eve d\u00f6nme planlar\u0131 ile Gracelyn\u2019in San Diego\u2019da kalma zorunlulu\u011fu, aralar\u0131ndaki bu ba\u011f\u0131 s\u0131namaya ba\u015flar.   \u00d6p\u00fcc\u00fckler \u00e7al\u0131n\u0131rken, yasaklar bozulurken ve yaz sona ererken kalpler bir arada kalabilecek mi, yoksa her \u015feyi vedalar m\u0131 mahvedecek?<\/p>\n","protected":false},"excerpt":{"rendered":"<p>\u201cDo\u011fru zaman geldi\u011finde oyuna geri d\u00f6n ve kalbinin yeniden \u00e2\u015f\u0131k olmas\u0131na izin ver.\u201d Gracelyn, hayat\u0131n\u0131 kendi kurallar\u0131yla ya\u015fayan bir kad\u0131nd\u0131r. Ancak bir g\u00fcn, karde\u015fi ve e\u015fi<span class=\"excerpt-hellip\"> [\u2026]<\/span><\/p>\n","protected":false},"featured_media":0,"template":"","meta":{"_monsterinsights_skip_tracking":false,"_monsterinsights_sitenote_active":false,"_monsterinsights_sitenote_note":"","_monsterinsights_sitenote_category":0},"product_brand":[],"product_cat":[12291,12711],"product_tag":[],"class_list":{"0":"post-764338","1":"product","2":"type-product","3":"status-publish","5":"product_cat-edebiyat","6":"product_cat-roman-oyku","7":"pa_cilt-ciltsiz","8":"pa_tur-kitap","9":"pa_yayinevi-nemesis-kitap","10":"pa_yazar-jewel-e-ann","12":"first","13":"instock","14":"sale","15":"shipping-taxable","16":"purchasable","17":"product-type-simple"},"_links":{"self":[{"href":"https:\/\/roveyayinevi.com.tr\/index.php\/wp-json\/wp\/v2\/product\/764338","targetHints":{"allow":["GET"]}}],"collection":[{"href":"https:\/\/roveyayinevi.com.tr\/index.php\/wp-json\/wp\/v2\/product"}],"about":[{"href":"https:\/\/roveyayinevi.com.tr\/index.php\/wp-json\/wp\/v2\/types\/product"}],"wp:attachment":[{"href":"https:\/\/roveyayinevi.com.tr\/index.php\/wp-json\/wp\/v2\/media?parent=764338"}],"wp:term":[{"taxonomy":"product_brand","embeddable":true,"href":"https:\/\/roveyayinevi.com.tr\/index.php\/wp-json\/wp\/v2\/product_brand?post=764338"},{"taxonomy":"product_cat","embeddable":true,"href":"https:\/\/roveyayinevi.com.tr\/index.php\/wp-json\/wp\/v2\/product_cat?post=764338"},{"taxonomy":"product_tag","embeddable":true,"href":"https:\/\/roveyayinevi.com.tr\/index.php\/wp-json\/wp\/v2\/product_tag?post=764338"}],"curies":[{"name":"wp","href":"https:\/\/api.w.org\/{rel}","templated":true}]}}