{"id":764337,"date":"2025-08-28T11:07:32","date_gmt":"2025-08-28T08:07:32","guid":{"rendered":"https:\/\/roveyayinevi.com.tr\/index.php\/urun\/m-o-1177den-sonra-medeniyetlerin-kurtulusu\/"},"modified":"2026-04-15T03:30:15","modified_gmt":"2026-04-15T00:30:15","slug":"m-o-1177den-sonra-medeniyetlerin-kurtulusu","status":"publish","type":"product","link":"https:\/\/roveyayinevi.com.tr\/index.php\/urun\/m-o-1177den-sonra-medeniyetlerin-kurtulusu\/","title":{"rendered":"M.\u00d6 1177\u2019den Sonra Medeniyetlerin Kurtulu\u015fu"},"content":{"rendered":"<p>&#8220;D\u00f6n\u00fcm noktas\u0131 olacak bir kitap: anla\u015f\u0131l\u0131r, ayr\u0131nt\u0131l\u0131 ve ayd\u0131nlat\u0131c\u0131.&#8221; Nassim Nicholas Taleb, Siyah Ku\u011fu&#8217;nun \u00e7ok satan yazar\u0131 Eric H. Cline, bu kitapta M.\u00d6. 1177: Medeniyetin \u00c7\u00f6kt\u00fc\u011f\u00fc Y\u0131l adl\u0131 eseriyle ba\u015flatt\u0131\u011f\u0131 hik\u00e2yeyi devam ettirerek Ge\u00e7 Tun\u00e7 \u00c7a\u011f\u0131 \u00c7\u00f6k\u00fc\u015f\u00fc&#8217;nden sonraki d\u00f6nemi inceliyor. Tarih sahnesindeki b\u00fcy\u00fck medeniyetlerin \u00e7\u00f6k\u00fc\u015flerinin ard\u0131ndan toparlanma ve d\u00f6n\u00fc\u015f\u00fcm s\u00fcre\u00e7lerine odaklan\u0131yor. T\u00fcm Ege ve Do\u011fu Akdeniz&#8217;i etkileyen uluslararas\u0131 a\u011f\u0131n bozulmas\u0131yla birlikte her bir toplum hayatta kalma m\u00fccadelesi vermi\u015ftir. Medeniyetlerin yapabilecekleri, yeni normalle ba\u015fa \u00e7\u0131kmak, uyum sa\u011flamak ya da d\u00f6n\u00fc\u015fmekti, ki yapamad\u0131klar\u0131 takdirde tarih sahnesinden tamamen silinmeleri de ka\u00e7\u0131n\u0131lmazd\u0131. Ge\u00e7 Tun\u00e7 \u00c7a\u011f\u0131 \u00c7\u00f6k\u00fc\u015f\u00fc&#8217;nden sonraki d\u00f6nemde sadece hayatta kalanlar\u0131n nas\u0131l ba\u015fard\u0131\u011f\u0131 de\u011fil, ayn\u0131 zamanda ortadan kalkan medeniyetlerin neden ba\u015far\u0131s\u0131z olduklar\u0131 da ara\u015ft\u0131rman\u0131n konusudur. Bu kitapta, co\u011frafi bir yakla\u015f\u0131m benimsenerek her bir toplumun zaman i\u00e7inde nas\u0131l tepki verdi\u011fi ve bu tepkilerin birbirleriyle nas\u0131l etkile\u015fimde bulundu\u011fu incelenmektedir. Arkeolojik buluntulara, yaz\u0131tlara ve mektuplara dayanarak entelekt\u00fcel bir \u015feffafl\u0131k hedefleyen ve okuyucuya her bir toplumun hik\u00e2yesini anlatmay\u0131 ama\u00e7layan Cline, g\u00fcn\u00fcm\u00fcz d\u00fcnyas\u0131ndaki potansiyel felaketlerle ba\u015fa \u00e7\u0131kmak i\u00e7in ge\u00e7mi\u015ften \u00f6\u011frenilen derslerin hayat\u0131m\u0131za nas\u0131l tatbik edilebilece\u011fini de ele almaktad\u0131r. Ge\u00e7mi\u015f medeniyetlerin \u00e7\u00f6k\u00fc\u015f\u00fc ve yeniden in\u015fas\u0131 \u00fczerine yap\u0131lan ara\u015ft\u0131rmalara de\u011ferli bir katk\u0131 sundu\u011fu bu kitapta okuyucuyu tarihin derinliklerinden bug\u00fcn\u00fcn d\u00fcnyas\u0131na g\u00f6t\u00fcrmektedir. <\/p>\n","protected":false},"excerpt":{"rendered":"<p>&#8220;D\u00f6n\u00fcm noktas\u0131 olacak bir kitap: anla\u015f\u0131l\u0131r, ayr\u0131nt\u0131l\u0131 ve ayd\u0131nlat\u0131c\u0131.&#8221; Nassim Nicholas Taleb, Siyah Ku\u011fu&#8217;nun \u00e7ok satan yazar\u0131 Eric H. Cline, bu kitapta M.\u00d6. 1177: Medeniyetin \u00c7\u00f6kt\u00fc\u011f\u00fc<span class=\"excerpt-hellip\"> [\u2026]<\/span><\/p>\n","protected":false},"featured_media":0,"template":"","meta":{"_monsterinsights_skip_tracking":false,"_monsterinsights_sitenote_active":false,"_monsterinsights_sitenote_note":"","_monsterinsights_sitenote_category":0},"product_brand":[],"product_cat":[12305,12304],"product_tag":[],"class_list":{"0":"post-764337","1":"product","2":"type-product","3":"status-publish","5":"product_cat-dunya-tarihi","6":"product_cat-tarih","7":"pa_cilt-ciltsiz","8":"pa_tur-kitap","9":"pa_yayinevi-bilge-kultur-sanat","10":"pa_yazar-eric-h-cline","12":"first","13":"instock","14":"sale","15":"shipping-taxable","16":"purchasable","17":"product-type-simple"},"_links":{"self":[{"href":"https:\/\/roveyayinevi.com.tr\/index.php\/wp-json\/wp\/v2\/product\/764337","targetHints":{"allow":["GET"]}}],"collection":[{"href":"https:\/\/roveyayinevi.com.tr\/index.php\/wp-json\/wp\/v2\/product"}],"about":[{"href":"https:\/\/roveyayinevi.com.tr\/index.php\/wp-json\/wp\/v2\/types\/product"}],"wp:attachment":[{"href":"https:\/\/roveyayinevi.com.tr\/index.php\/wp-json\/wp\/v2\/media?parent=764337"}],"wp:term":[{"taxonomy":"product_brand","embeddable":true,"href":"https:\/\/roveyayinevi.com.tr\/index.php\/wp-json\/wp\/v2\/product_brand?post=764337"},{"taxonomy":"product_cat","embeddable":true,"href":"https:\/\/roveyayinevi.com.tr\/index.php\/wp-json\/wp\/v2\/product_cat?post=764337"},{"taxonomy":"product_tag","embeddable":true,"href":"https:\/\/roveyayinevi.com.tr\/index.php\/wp-json\/wp\/v2\/product_tag?post=764337"}],"curies":[{"name":"wp","href":"https:\/\/api.w.org\/{rel}","templated":true}]}}