{"id":764336,"date":"2025-08-28T11:07:31","date_gmt":"2025-08-28T08:07:31","guid":{"rendered":"https:\/\/roveyayinevi.com.tr\/index.php\/urun\/kapitalist-manifesto\/"},"modified":"2026-04-15T03:30:15","modified_gmt":"2026-04-15T00:30:15","slug":"kapitalist-manifesto","status":"publish","type":"product","link":"https:\/\/roveyayinevi.com.tr\/index.php\/urun\/kapitalist-manifesto\/","title":{"rendered":"Kapitalist Manifesto"},"content":{"rendered":"<p>OKULLARIMIZDA \u00d6\u011eRET\u0130LEN KOM\u00dcN\u0130ZME, EVLER\u0130M\u0130ZDE KAP\u0130TAL\u0130ZM\u0130 \u00d6\u011eRETEREK NASIL KAR\u015eI KOYAB\u0130L\u0130R\u0130Z?    B\u0130Z\u0130 UYARMI\u015eLARDI&#8230; \u201c\u00c7ocuklar\u0131n\u0131z\u0131n \u00e7ocuklar\u0131 kom\u00fcnizm alt\u0131nda ya\u015fayacak. Siz Amerikal\u0131lar \u00e7ok safs\u0131n\u0131z. Hay\u0131r, kom\u00fcnizmi a\u00e7\u0131k\u00e7a kabul etmeyeceksiniz, ama sonunda uyan\u0131p zaten kom\u00fcnizmin geldi\u011fini g\u00f6rene kadar sizi k\u00fc\u00e7\u00fck dozlarda sosyalizmle beslemeye devam edece\u011fiz. Sizinle sava\u015fmak zorunda kalmayaca\u011f\u0131z; ekonominizi o kadar zay\u0131flataca\u011f\u0131z ki, olgunla\u015fm\u0131\u015f meyve gibi elimize d\u00fc\u015feceksiniz.\u201c Nikita Kru\u015f\u00e7ev, 29 Eyl\u00fcl 1959  Sovyetler Birli\u011fi Kom\u00fcnist Partisi Birinci Sekreteri (1958-1964)       \u201cZengin Baba Yoksul Baba\u2019y\u0131 \u2013ve Zengin Baba serisindeki t\u00fcm kitaplar\u0131\u2013 \u015fu soruya yan\u0131t olarak yazd\u0131m: Okul bize para hakk\u0131nda ne \u00f6\u011fretti? Cevab\u0131 hepimiz biliyoruz: pek bir \u015fey de\u011fil. Asl\u0131nda, okulun bize \u00f6\u011fretti\u011fi \u015feylerin \u00e7o\u011fu modas\u0131 ge\u00e7mi\u015f, eskimi\u015f ve i\u015fe yaram\u0131yor. \u00d6rne\u011fin, bize \u201cpara biriktirmemiz\u201d \u00f6\u011fretilir. H\u00fck\u00fcmetler trilyonlarca kar\u015f\u0131l\u0131ks\u0131z para basarken biz neden para biriktirelim? Askeri okuldan mezun oldum ve Vietnam\u2019da ABD Deniz Piyadeleri i\u00e7in u\u00e7tum. Hayat\u0131m\u0131n b\u00fcy\u00fck bir b\u00f6l\u00fcm\u00fcnde kom\u00fcnizmle m\u00fccadele ettim. Nikita Kru\u015f\u00e7ev\u2019in uyard\u0131\u011f\u0131 gibi, bug\u00fcn okullar\u0131m\u0131zda Karl Marx\u2019\u0131n Kom\u00fcnist Manifesto\u2019sundan ilkelerin \u00f6\u011fretildi\u011fini g\u00f6r\u00fcyoruz. Sorun \u015fu ki, ger\u00e7ek finansal e\u011fitim olmay\u0131nca, zavall\u0131 babam gibi \u00f6\u011fretmenler Marksist fikirleri \u00f6\u011frettiklerinin fark\u0131nda olmuyorlar. 1997\u2018de Zengin Baba Yoksul Baba\u2019y\u0131 ve 2021\u2019de &#8230; Kapitalist Manifesto\u2019yu yazd\u0131m. Okullar\u0131m\u0131zda \u00f6\u011fretilen kom\u00fcnist ideallerle evlerimizde kapitalizmi \u00f6\u011freterek m\u00fccadele edebilmek i\u00e7in yaz\u0131yorum.\u201d<\/p>\n","protected":false},"excerpt":{"rendered":"<p>OKULLARIMIZDA \u00d6\u011eRET\u0130LEN KOM\u00dcN\u0130ZME, EVLER\u0130M\u0130ZDE KAP\u0130TAL\u0130ZM\u0130 \u00d6\u011eRETEREK NASIL KAR\u015eI KOYAB\u0130L\u0130R\u0130Z? B\u0130Z\u0130 UYARMI\u015eLARDI&#8230; \u201c\u00c7ocuklar\u0131n\u0131z\u0131n \u00e7ocuklar\u0131 kom\u00fcnizm alt\u0131nda ya\u015fayacak. Siz Amerikal\u0131lar \u00e7ok safs\u0131n\u0131z. Hay\u0131r, kom\u00fcnizmi a\u00e7\u0131k\u00e7a kabul etmeyeceksiniz, ama<span class=\"excerpt-hellip\"> [\u2026]<\/span><\/p>\n","protected":false},"featured_media":0,"template":"","meta":{"_monsterinsights_skip_tracking":false,"_monsterinsights_sitenote_active":false,"_monsterinsights_sitenote_note":"","_monsterinsights_sitenote_category":0},"product_brand":[],"product_cat":[13043],"product_tag":[],"class_list":{"0":"post-764336","1":"product","2":"type-product","3":"status-publish","5":"product_cat-ekonomi","6":"pa_cilt-ciltsiz","7":"pa_tur-kitap","8":"pa_yayinevi-alfa-yayinlari","9":"pa_yazar-robert-t-kiyosaki","11":"first","12":"instock","13":"sale","14":"shipping-taxable","15":"purchasable","16":"product-type-simple"},"_links":{"self":[{"href":"https:\/\/roveyayinevi.com.tr\/index.php\/wp-json\/wp\/v2\/product\/764336","targetHints":{"allow":["GET"]}}],"collection":[{"href":"https:\/\/roveyayinevi.com.tr\/index.php\/wp-json\/wp\/v2\/product"}],"about":[{"href":"https:\/\/roveyayinevi.com.tr\/index.php\/wp-json\/wp\/v2\/types\/product"}],"wp:attachment":[{"href":"https:\/\/roveyayinevi.com.tr\/index.php\/wp-json\/wp\/v2\/media?parent=764336"}],"wp:term":[{"taxonomy":"product_brand","embeddable":true,"href":"https:\/\/roveyayinevi.com.tr\/index.php\/wp-json\/wp\/v2\/product_brand?post=764336"},{"taxonomy":"product_cat","embeddable":true,"href":"https:\/\/roveyayinevi.com.tr\/index.php\/wp-json\/wp\/v2\/product_cat?post=764336"},{"taxonomy":"product_tag","embeddable":true,"href":"https:\/\/roveyayinevi.com.tr\/index.php\/wp-json\/wp\/v2\/product_tag?post=764336"}],"curies":[{"name":"wp","href":"https:\/\/api.w.org\/{rel}","templated":true}]}}