{"id":764335,"date":"2025-08-28T11:07:29","date_gmt":"2025-08-28T08:07:29","guid":{"rendered":"https:\/\/roveyayinevi.com.tr\/index.php\/urun\/rick-and-morty-evreni\/"},"modified":"2026-04-15T03:30:15","modified_gmt":"2026-04-15T00:30:15","slug":"rick-and-morty-evreni","status":"publish","type":"product","link":"https:\/\/roveyayinevi.com.tr\/index.php\/urun\/rick-and-morty-evreni\/","title":{"rendered":"Rick and Morty Evreni"},"content":{"rendered":"<p>WUBBALUBBADUBDUB!Rick and Morty\u2019nin s\u0131rad\u0131\u015f\u0131, u\u00e7uk ka\u00e7\u0131k, ba\u015f d\u00f6nd\u00fcr\u00fcc\u00fc, nefes kesici, ezber bozan, kafa patlatan, \u015fahane evrenine ho\u015f geldiniz!S\u0131radan (ve son derece s\u0131k\u0131c\u0131!) bir ailenin ortas\u0131na bir n\u00f6trino bombas\u0131 gibi d\u00fc\u015fen Rick Sanchez, evin garaj\u0131n\u0131 laboratuvara \u00e7evirdikten sonra, yan\u0131nda ailenin en k\u00fc\u00e7\u00fc\u011f\u00fc yeniyetme Morty\u2019yi de s\u00fcr\u00fckleyerek evren evren dola\u015fmaya, boyutlar aras\u0131nda t\u00fcrl\u00fc yarat\u0131k ve sim\u00fclasyonlarla dolu heyecan verici maceralara at\u0131l\u0131yor. Kimi zaman evreni yok olmaktan kurtar\u0131yor, yeri geliyor zaman\u0131 durdurup keyfine bak\u0131yor. Morty\u2019yle birlikte boyutlar aras\u0131 televizyon izleyip ne\u015felendi\u011fi de oluyor, paralel bir evrende kendi cesedini g\u00f6md\u00fc\u011f\u00fc de. Ama hayat\u0131 hep bilimsel bir deney gibi g\u00f6ren Rick Sanchez\u2019in hakikat aray\u0131\u015f\u0131 hi\u00e7 bitmiyor. Felsefeci yazar Chris Le Guelf bu kitapta, Rick\u2019in at\u0131ld\u0131\u011f\u0131 maceralar\u0131n ve aileyle olan diyaloglar\u0131n\u0131n alt\u0131nda yatan bilimsel ve felsefi meseleleri dizinin en \u00e7ok havada kalan, en kafa yak\u0131c\u0131 b\u00f6l\u00fcmleri \u00fczerinden a\u00e7\u0131klamaya giri\u015fiyor. Kuantum fizi\u011finden \u00e7oklu evrenlere, Platonculuktan varolu\u015f\u00e7ulu\u011fa pek \u00e7ok konuyu herkesin anlayaca\u011f\u0131 bir dille aktaran Rick and Morty Evreni maalesef size hayat\u0131n anlam\u0131n\u0131 bulman\u0131z\u0131 garanti edemiyor ama okuduktan sonra b\u00fct\u00fcn b\u00f6l\u00fcmleri yeniden izleyip, ya\u015fad\u0131\u011f\u0131n\u0131z hayata ve d\u00fcnyaya bamba\u015fka g\u00f6zlerle bakaca\u011f\u0131n\u0131z kesin!  <\/p>\n","protected":false},"excerpt":{"rendered":"<p>WUBBALUBBADUBDUB!Rick and Morty\u2019nin s\u0131rad\u0131\u015f\u0131, u\u00e7uk ka\u00e7\u0131k, ba\u015f d\u00f6nd\u00fcr\u00fcc\u00fc, nefes kesici, ezber bozan, kafa patlatan, \u015fahane evrenine ho\u015f geldiniz!S\u0131radan (ve son derece s\u0131k\u0131c\u0131!) bir ailenin ortas\u0131na bir<span class=\"excerpt-hellip\"> [\u2026]<\/span><\/p>\n","protected":false},"featured_media":0,"template":"","meta":{"_monsterinsights_skip_tracking":false,"_monsterinsights_sitenote_active":false,"_monsterinsights_sitenote_note":"","_monsterinsights_sitenote_category":0},"product_brand":[],"product_cat":[12416,12291],"product_tag":[],"class_list":{"0":"post-764335","1":"product","2":"type-product","3":"status-publish","5":"product_cat-cizgi-roman","6":"product_cat-edebiyat","7":"pa_cilt-ciltsiz","8":"pa_tur-kitap","9":"pa_yayinevi-teras-kitap","10":"pa_yazar-chris-le-guelf","12":"first","13":"instock","14":"sale","15":"shipping-taxable","16":"purchasable","17":"product-type-simple"},"_links":{"self":[{"href":"https:\/\/roveyayinevi.com.tr\/index.php\/wp-json\/wp\/v2\/product\/764335","targetHints":{"allow":["GET"]}}],"collection":[{"href":"https:\/\/roveyayinevi.com.tr\/index.php\/wp-json\/wp\/v2\/product"}],"about":[{"href":"https:\/\/roveyayinevi.com.tr\/index.php\/wp-json\/wp\/v2\/types\/product"}],"wp:attachment":[{"href":"https:\/\/roveyayinevi.com.tr\/index.php\/wp-json\/wp\/v2\/media?parent=764335"}],"wp:term":[{"taxonomy":"product_brand","embeddable":true,"href":"https:\/\/roveyayinevi.com.tr\/index.php\/wp-json\/wp\/v2\/product_brand?post=764335"},{"taxonomy":"product_cat","embeddable":true,"href":"https:\/\/roveyayinevi.com.tr\/index.php\/wp-json\/wp\/v2\/product_cat?post=764335"},{"taxonomy":"product_tag","embeddable":true,"href":"https:\/\/roveyayinevi.com.tr\/index.php\/wp-json\/wp\/v2\/product_tag?post=764335"}],"curies":[{"name":"wp","href":"https:\/\/api.w.org\/{rel}","templated":true}]}}