{"id":764332,"date":"2025-08-28T11:07:24","date_gmt":"2025-08-28T08:07:24","guid":{"rendered":"https:\/\/roveyayinevi.com.tr\/index.php\/urun\/dogru-takviye-nasil-secilir\/"},"modified":"2026-04-15T03:30:15","modified_gmt":"2026-04-15T00:30:15","slug":"dogru-takviye-nasil-secilir","status":"publish","type":"product","link":"https:\/\/roveyayinevi.com.tr\/index.php\/urun\/dogru-takviye-nasil-secilir\/","title":{"rendered":"Do\u011fru Takviye Nas\u0131l Se\u00e7ilir?"},"content":{"rendered":"<p>Bir doktor olarak hastalar\u0131m\u0131n sa\u011fl\u0131\u011f\u0131n\u0131 \u00f6nemsiyor, onlar\u0131n ya\u015fam tarzlar\u0131n\u0131 d\u00fczeltirken en fazla ihtiya\u00e7 duyduklar\u0131 g\u0131da takviyelerini \u2018re\u00e7ete\u2019 ediyorum. \u2018Re\u00e7ete\u2019 kelimesini \u00f6zellikle kullan\u0131yorum \u00e7\u00fcnk\u00fc bir doktorun \u00f6nerdi\u011fi her takviye veya tavsiye asl\u0131nda bir ila\u00e7t\u0131r. Re\u00e7eteye giren ve hastam\u0131n kulland\u0131\u011f\u0131 her ila\u00e7 gibi, g\u0131da takviyelerinin sorumlulu\u011fu da bana aittir. Ait olmak zorundad\u0131r. Hayata yeniden tutunmak isteyen, sa\u011fl\u0131kl\u0131 ya\u015fama ad\u0131m atmak i\u00e7in haz\u0131rl\u0131k yapan ya da \u00e7ocuklar\u0131na daha iyi bir beslenme d\u00fczeni olu\u015fturmak isteyen herkesin ilk akl\u0131na gelen konulardan biridir g\u0131da takviyeleri. Ayn\u0131 zamanda yanl\u0131\u015f kullan\u0131m sonucu \u00e7ok can yakabilen, organlar\u0131m\u0131z\u0131n iflas\u0131na veya en iyi ihtimalle sermayemizin kayb\u0131na neden olabilen, yo\u011fun bir bilgi kirlili\u011finin oldu\u011fu bir aland\u0131r. Kalp damar sa\u011fl\u0131\u011f\u0131n\u0131 ve sa\u011fl\u0131kl\u0131 beslenmeyi \u00f6nemseyen bir hekim olarak bu yanl\u0131\u015flarla m\u00fccadeleme daha g\u00fc\u00e7l\u00fc ve kal\u0131c\u0131 bir katk\u0131 olmas\u0131 i\u00e7in bu kitab\u0131 yazmaya karar verdim. Bu kitapta, g\u00fcnl\u00fck hayatta en s\u0131k kullan\u0131lan ve en fazla re\u00e7ete edilen takviyeleri bulacak, dolab\u0131n\u0131zda veya yan\u0131 ba\u015f\u0131n\u0131zda duran g\u0131da takviyelerini daha iyi tan\u0131yacak, kendiniz i\u00e7in en do\u011fru g\u0131da takviyesini en uygun dozda kullanmay\u0131 \u00f6\u011freneceksiniz. Hepinize iyi okumalar diliyorum&#8230;<\/p>\n","protected":false},"excerpt":{"rendered":"<p>Bir doktor olarak hastalar\u0131m\u0131n sa\u011fl\u0131\u011f\u0131n\u0131 \u00f6nemsiyor, onlar\u0131n ya\u015fam tarzlar\u0131n\u0131 d\u00fczeltirken en fazla ihtiya\u00e7 duyduklar\u0131 g\u0131da takviyelerini \u2018re\u00e7ete\u2019 ediyorum. \u2018Re\u00e7ete\u2019 kelimesini \u00f6zellikle kullan\u0131yorum \u00e7\u00fcnk\u00fc bir doktorun \u00f6nerdi\u011fi<span class=\"excerpt-hellip\"> [\u2026]<\/span><\/p>\n","protected":false},"featured_media":0,"template":"","meta":{"_monsterinsights_skip_tracking":false,"_monsterinsights_sitenote_active":false,"_monsterinsights_sitenote_note":"","_monsterinsights_sitenote_category":0},"product_brand":[],"product_cat":[13365],"product_tag":[],"class_list":{"0":"post-764332","1":"product","2":"type-product","3":"status-publish","5":"product_cat-saglik","6":"pa_cilt-ciltsiz","7":"pa_tur-kitap","8":"pa_yayinevi-hayykitap","9":"pa_yazar-muhammed-keskin","11":"first","12":"instock","13":"sale","14":"shipping-taxable","15":"purchasable","16":"product-type-simple"},"_links":{"self":[{"href":"https:\/\/roveyayinevi.com.tr\/index.php\/wp-json\/wp\/v2\/product\/764332","targetHints":{"allow":["GET"]}}],"collection":[{"href":"https:\/\/roveyayinevi.com.tr\/index.php\/wp-json\/wp\/v2\/product"}],"about":[{"href":"https:\/\/roveyayinevi.com.tr\/index.php\/wp-json\/wp\/v2\/types\/product"}],"wp:attachment":[{"href":"https:\/\/roveyayinevi.com.tr\/index.php\/wp-json\/wp\/v2\/media?parent=764332"}],"wp:term":[{"taxonomy":"product_brand","embeddable":true,"href":"https:\/\/roveyayinevi.com.tr\/index.php\/wp-json\/wp\/v2\/product_brand?post=764332"},{"taxonomy":"product_cat","embeddable":true,"href":"https:\/\/roveyayinevi.com.tr\/index.php\/wp-json\/wp\/v2\/product_cat?post=764332"},{"taxonomy":"product_tag","embeddable":true,"href":"https:\/\/roveyayinevi.com.tr\/index.php\/wp-json\/wp\/v2\/product_tag?post=764332"}],"curies":[{"name":"wp","href":"https:\/\/api.w.org\/{rel}","templated":true}]}}