{"id":764331,"date":"2025-08-28T11:07:21","date_gmt":"2025-08-28T08:07:21","guid":{"rendered":"https:\/\/roveyayinevi.com.tr\/index.php\/urun\/vejetaryenligin-faydalari\/"},"modified":"2026-04-15T03:30:15","modified_gmt":"2026-04-15T00:30:15","slug":"vejetaryenligin-faydalari","status":"publish","type":"product","link":"https:\/\/roveyayinevi.com.tr\/index.php\/urun\/vejetaryenligin-faydalari\/","title":{"rendered":"Vejetaryenli\u011fin Faydalar\u0131"},"content":{"rendered":"<p>\u201cKendi kalplerimizin do\u011fal ve saf duygular\u0131n\u0131 zorla bast\u0131rmad\u0131\u011f\u0131m\u0131z s\u00fcrece, her insan\u0131n i\u00e7indeki di\u011fer hayvanlar\u0131 \u00f6ld\u00fcrme ve onlara ac\u0131 \u00e7ektirme duygusundan nefret edece\u011fi a\u00e7\u0131kt\u0131r. Ayr\u0131ca insanlar yedikleri hayvanlar\u0131 bizzat kendileri \u00f6ld\u00fcrmek zorunda kalsayd\u0131, \u00e7o\u011fu et yemeyi b\u0131rak\u0131rd\u0131.\u201d Vejetaryenli\u011fin Faydalar\u0131, modern \u0130ran Edebiyat\u0131n\u0131n cesur, g\u00fc\u00e7l\u00fc kalemlerinden Sad\u0131k Hidayet\u2019in 20. y\u00fczy\u0131l ba\u015flar\u0131nda kaleme ald\u0131\u011f\u0131 denemelerini bir araya getirdi\u011fi kitab\u0131d\u0131r. Et t\u00fcketimini vicdani boyutuyla de\u011ferlendirerek, insanl\u0131k ele\u015ftirisi olarak ele alan Sad\u0131k Hidayet vejetaryenli\u011fi bir d\u00fcnya g\u00f6r\u00fc\u015f\u00fc olarak savunuyor. Kendisini savunamayan, masum canl\u0131lar\u0131 i\u015fkenceyle \u00f6ld\u00fcrmeyi, onlara ac\u0131 \u00e7ektirmeyi ve zulmetmeyi insanl\u0131k onuruna ve makam\u0131na edilmi\u015f bir k\u00fcf\u00fcr olarak yorumluyor. Tarihin \u00f6nemli \u015fahsiyetlerinden ald\u0131\u011f\u0131 referanslara ve bilim insanlar\u0131n\u0131n deneylerine dayanarak vejetaryenli\u011fin bedensel ve ruhsal faydalar\u0131n\u0131 a\u00e7\u0131kl\u0131yor. Okuru do\u011fa, insan, ahlak, merhamet ve hak kavramlar\u0131 \u00fczerinde yeniden d\u00fc\u015f\u00fcnmeye cesaretlendiren Sad\u0131k Hidayet\u2019in Vejetaryenli\u011fin Faydalar\u0131 g\u00fcn\u00fcm\u00fczde de de\u011ferini koruyor. <\/p>\n","protected":false},"excerpt":{"rendered":"<p>\u201cKendi kalplerimizin do\u011fal ve saf duygular\u0131n\u0131 zorla bast\u0131rmad\u0131\u011f\u0131m\u0131z s\u00fcrece, her insan\u0131n i\u00e7indeki di\u011fer hayvanlar\u0131 \u00f6ld\u00fcrme ve onlara ac\u0131 \u00e7ektirme duygusundan nefret edece\u011fi a\u00e7\u0131kt\u0131r. Ayr\u0131ca insanlar yedikleri<span class=\"excerpt-hellip\"> [\u2026]<\/span><\/p>\n","protected":false},"featured_media":0,"template":"","meta":{"_monsterinsights_skip_tracking":false,"_monsterinsights_sitenote_active":false,"_monsterinsights_sitenote_note":"","_monsterinsights_sitenote_category":0},"product_brand":[],"product_cat":[12777,12291],"product_tag":[],"class_list":{"0":"post-764331","1":"product","2":"type-product","3":"status-publish","5":"product_cat-deneme","6":"product_cat-edebiyat","7":"pa_cilt-ciltsiz","8":"pa_tur-kitap","9":"pa_yayinevi-alfa-yayinlari","10":"pa_yazar-sadik-hidayet","12":"first","13":"instock","14":"sale","15":"shipping-taxable","16":"purchasable","17":"product-type-simple"},"_links":{"self":[{"href":"https:\/\/roveyayinevi.com.tr\/index.php\/wp-json\/wp\/v2\/product\/764331","targetHints":{"allow":["GET"]}}],"collection":[{"href":"https:\/\/roveyayinevi.com.tr\/index.php\/wp-json\/wp\/v2\/product"}],"about":[{"href":"https:\/\/roveyayinevi.com.tr\/index.php\/wp-json\/wp\/v2\/types\/product"}],"wp:attachment":[{"href":"https:\/\/roveyayinevi.com.tr\/index.php\/wp-json\/wp\/v2\/media?parent=764331"}],"wp:term":[{"taxonomy":"product_brand","embeddable":true,"href":"https:\/\/roveyayinevi.com.tr\/index.php\/wp-json\/wp\/v2\/product_brand?post=764331"},{"taxonomy":"product_cat","embeddable":true,"href":"https:\/\/roveyayinevi.com.tr\/index.php\/wp-json\/wp\/v2\/product_cat?post=764331"},{"taxonomy":"product_tag","embeddable":true,"href":"https:\/\/roveyayinevi.com.tr\/index.php\/wp-json\/wp\/v2\/product_tag?post=764331"}],"curies":[{"name":"wp","href":"https:\/\/api.w.org\/{rel}","templated":true}]}}