{"id":764327,"date":"2025-08-28T11:07:14","date_gmt":"2025-08-28T08:07:14","guid":{"rendered":"https:\/\/roveyayinevi.com.tr\/index.php\/urun\/bilincli-anne-baba-olmak-dogum-oncesi-egitim-rehberi\/"},"modified":"2026-04-15T03:30:15","modified_gmt":"2026-04-15T00:30:15","slug":"bilincli-anne-baba-olmak-dogum-oncesi-egitim-rehberi","status":"publish","type":"product","link":"https:\/\/roveyayinevi.com.tr\/index.php\/urun\/bilincli-anne-baba-olmak-dogum-oncesi-egitim-rehberi\/","title":{"rendered":"Bilin\u00e7li Anne Baba Olmak Do\u011fum \u00d6ncesi E\u011fitim Rehberi"},"content":{"rendered":"<p>Bu kitap, ya\u015fam\u0131 boyunca insan e\u011fitiminin en \u00f6nemli d\u00f6nemlerinden biri olan do\u011fum \u00f6ncesi d\u00f6neme odaklanmaktad\u0131r. Anne karn\u0131ndaki bebeklerin, d\u00fcnyaya gelmeden \u00f6nce ald\u0131\u011f\u0131 e\u011fitimden pek s\u00f6z edilmez. Ancak son y\u0131llarda yap\u0131lan ara\u015ft\u0131rmalar, bebeklerin anne karn\u0131nda ge\u00e7irdikleri d\u00f6nemin, onlar\u0131n hayatlar\u0131 boyunca ta\u015f\u0131yacaklar\u0131 temel izleri belirledi\u011fini g\u00f6stermektedir. Do\u011fum \u00f6ncesi e\u011fitim, anne karn\u0131ndaki bebeklerin duygusal, zihinsel ve ruhsal geli\u015fimini desteklemeyi ama\u00e7lar. Bu s\u00fcre\u00e7te anne baban\u0131n yan\u0131 s\u0131ra \u00e7evre fakt\u00f6rleri de olduk\u00e7a \u00f6nemlidir. Bebe\u011fin duydu\u011fu m\u00fczikten, anne baban\u0131n ileti\u015fim \u015fekline kadar her \u015fey, annesinin sevdi\u011fi, sevmedi\u011fi \u015feyler, korkular\u0131, hobileri, fobileri, \u00f6zetle davran\u0131\u015f ve ki\u015filik \u00f6zelliklerinin \u00e7o\u011fu onun geli\u015fimine etki eder. Bu d\u00f6nemde bebe\u011fin fiziksel ve zihinsel geli\u015fiminin sa\u011fl\u0131kl\u0131 olmas\u0131, anne babalar\u0131n en \u00e7ok ilgilendi\u011fi konular\u0131n ba\u015f\u0131nda gelmektedir. \u00c7ocuklar\u0131n\u0131n zeki ve sa\u011fl\u0131kl\u0131 olmas\u0131n\u0131 istemek elbette anne babalar\u0131n en \u00f6nemli hakk\u0131d\u0131r. Ancak ayn\u0131 zamanda onlar\u0131n ruhsal (duygusal ve manevi) geli\u015fiminin sa\u011fl\u0131kl\u0131 olmas\u0131n\u0131 istemek de \u00e7ok \u00f6nemlidir. Bu kitap, do\u011fum \u00f6ncesi e\u011fitimin \u00f6nemini vurgulaman\u0131n yan\u0131 s\u0131ra, anne baba adaylar\u0131na ve ilgili herkese \u00e7ocu\u011fun duygusal ve manevi geli\u015fimi a\u00e7\u0131s\u0131ndan bu s\u00fcreci nas\u0131l daha bilin\u00e7li ve etkili bir \u015fekilde y\u00f6netebileceklerine dair pratik bilgiler sunmay\u0131 ama\u00e7lamaktad\u0131r. Uzman g\u00f6r\u00fc\u015fleri, bilimsel \u00e7al\u0131\u015fmalar ve ger\u00e7ek ya\u015fam deneyimlerinden \u00f6rneklerle dolu olan bu kitab\u0131n e\u011fitimde do\u011fum \u00f6ncesi d\u00f6nemin \u00f6neminin anla\u015f\u0131lmas\u0131n\u0131 ve gelecekteki nesillerin daha sa\u011fl\u0131kl\u0131 ve mutlu bir \u015fekilde yeti\u015ftirilmesine katk\u0131da bulunmas\u0131n\u0131 umut ediyorum. <\/p>\n","protected":false},"excerpt":{"rendered":"<p>Bu kitap, ya\u015fam\u0131 boyunca insan e\u011fitiminin en \u00f6nemli d\u00f6nemlerinden biri olan do\u011fum \u00f6ncesi d\u00f6neme odaklanmaktad\u0131r. Anne karn\u0131ndaki bebeklerin, d\u00fcnyaya gelmeden \u00f6nce ald\u0131\u011f\u0131 e\u011fitimden pek s\u00f6z edilmez.<span class=\"excerpt-hellip\"> [\u2026]<\/span><\/p>\n","protected":false},"featured_media":0,"template":"","meta":{"_monsterinsights_skip_tracking":false,"_monsterinsights_sitenote_active":false,"_monsterinsights_sitenote_note":"","_monsterinsights_sitenote_category":0},"product_brand":[],"product_cat":[12567,12566],"product_tag":[],"class_list":{"0":"post-764327","1":"product","2":"type-product","3":"status-publish","5":"product_cat-diger-egitim","6":"product_cat-egitim","7":"pa_cilt-ciltsiz","8":"pa_tur-kitap","9":"pa_yayinevi-soncag-akademik-kitaplar","10":"pa_yazar-ismail-polat","12":"first","13":"instock","14":"sale","15":"shipping-taxable","16":"purchasable","17":"product-type-simple"},"_links":{"self":[{"href":"https:\/\/roveyayinevi.com.tr\/index.php\/wp-json\/wp\/v2\/product\/764327","targetHints":{"allow":["GET"]}}],"collection":[{"href":"https:\/\/roveyayinevi.com.tr\/index.php\/wp-json\/wp\/v2\/product"}],"about":[{"href":"https:\/\/roveyayinevi.com.tr\/index.php\/wp-json\/wp\/v2\/types\/product"}],"wp:attachment":[{"href":"https:\/\/roveyayinevi.com.tr\/index.php\/wp-json\/wp\/v2\/media?parent=764327"}],"wp:term":[{"taxonomy":"product_brand","embeddable":true,"href":"https:\/\/roveyayinevi.com.tr\/index.php\/wp-json\/wp\/v2\/product_brand?post=764327"},{"taxonomy":"product_cat","embeddable":true,"href":"https:\/\/roveyayinevi.com.tr\/index.php\/wp-json\/wp\/v2\/product_cat?post=764327"},{"taxonomy":"product_tag","embeddable":true,"href":"https:\/\/roveyayinevi.com.tr\/index.php\/wp-json\/wp\/v2\/product_tag?post=764327"}],"curies":[{"name":"wp","href":"https:\/\/api.w.org\/{rel}","templated":true}]}}