{"id":764326,"date":"2025-08-28T11:07:13","date_gmt":"2025-08-28T08:07:13","guid":{"rendered":"https:\/\/roveyayinevi.com.tr\/index.php\/urun\/islam-kulturunde-besmele-hamdele-salvele\/"},"modified":"2026-04-15T03:30:15","modified_gmt":"2026-04-15T00:30:15","slug":"islam-kulturunde-besmele-hamdele-salvele","status":"publish","type":"product","link":"https:\/\/roveyayinevi.com.tr\/index.php\/urun\/islam-kulturunde-besmele-hamdele-salvele\/","title":{"rendered":"\u0130slam K\u00fclt\u00fcr\u00fcnde Besmele Hamdele Salvele"},"content":{"rendered":"<p>Bir M\u00fcsl\u00fcman herhangi bir i\u015fe ba\u015flamadan \u00f6nce Besmele \u00e7ekmekle \u201cHerhangi bir varl\u0131k ad\u0131na de\u011fil, Rahman ve Rahim olan Allah ad\u0131na, O\u2019nun r\u0131zas\u0131 ve O\u2019nun izniyle ba\u015fl\u0131yorum\u201d demek ister. Helal olan her lokmaya, her eyleme Besmele ile ba\u015flamak Allah\u2019\u0131n emridir. Yenilmesi helal olan bir hayvan\u0131n etinin bile yenilebilmesi i\u00e7in bile Besmele ile kesilmesi \u015fartt\u0131r. Besmele, m\u00fcminin koruyucu z\u0131rh\u0131d\u0131r. Besmelesiz her i\u015fe \u015feytan kar\u0131\u015f\u0131r d\u00fc\u015f\u00fcncesi bo\u015funa de\u011fildir. Yeme\u011fin ve i\u015fin bitiminde Allah\u2019a hamd, verdi\u011fi nimetlere \u015f\u00fckretmek gerekir. Kur\u2019an-\u0131 Kerim\u2019in ilk ayeti de \u201chamd\u201d kelimesiyle, \u201c\u00c2lemlerin Rabbine hamd\u201d ile ba\u015flar. Onun i\u00e7indir ki \u015f\u00fckretmeyi bilmeyene nank\u00f6r denilir. Cenab-\u0131 Hak \u201cBana \u015f\u00fckredin. Sak\u0131n bana nank\u00f6rl\u00fck etmeyin\u201d buyuruyor. Allah\u2019\u0131n son peygamberi, \u00e2lemlere rahmet olarak g\u00f6nderilen, hem insanlar\u0131n hem de cinlerin resul\u00fc olan Hz. Muhammed\u2019e salat \u00fc selam getirmek, hem Allah\u2019\u0131n emri hem de Peygamber Efendimizin bizden beklentisidir. M\u00fcsl\u00fcman her i\u015fe Besmele ile ba\u015flar, hamd ve \u015f\u00fck\u00fcr ile bitirir. Resul-i Ekrem\u2019in an\u0131ld\u0131\u011f\u0131 her yerde salat ve selam getirmeyi ihmal etmez. Bu anlay\u0131\u015f, \u0130slam k\u00fclt\u00fcr\u00fcne iyice yerle\u015fmi\u015ftir. <\/p>\n","protected":false},"excerpt":{"rendered":"<p>Bir M\u00fcsl\u00fcman herhangi bir i\u015fe ba\u015flamadan \u00f6nce Besmele \u00e7ekmekle \u201cHerhangi bir varl\u0131k ad\u0131na de\u011fil, Rahman ve Rahim olan Allah ad\u0131na, O\u2019nun r\u0131zas\u0131 ve O\u2019nun izniyle ba\u015fl\u0131yorum\u201d<span class=\"excerpt-hellip\"> [\u2026]<\/span><\/p>\n","protected":false},"featured_media":0,"template":"","meta":{"_monsterinsights_skip_tracking":false,"_monsterinsights_sitenote_active":false,"_monsterinsights_sitenote_note":"","_monsterinsights_sitenote_category":0},"product_brand":[],"product_cat":[13036,12718,12719],"product_tag":[],"class_list":{"0":"post-764326","1":"product","2":"type-product","3":"status-publish","5":"product_cat-arastirma-inceleme-islam","6":"product_cat-din","7":"product_cat-islam","8":"pa_cilt-ciltsiz","9":"pa_tur-kitap","10":"pa_yayinevi-gulnar-yayinlari","11":"pa_yazar-ethem-erkoc","13":"first","14":"instock","15":"sale","16":"shipping-taxable","17":"purchasable","18":"product-type-simple"},"_links":{"self":[{"href":"https:\/\/roveyayinevi.com.tr\/index.php\/wp-json\/wp\/v2\/product\/764326","targetHints":{"allow":["GET"]}}],"collection":[{"href":"https:\/\/roveyayinevi.com.tr\/index.php\/wp-json\/wp\/v2\/product"}],"about":[{"href":"https:\/\/roveyayinevi.com.tr\/index.php\/wp-json\/wp\/v2\/types\/product"}],"wp:attachment":[{"href":"https:\/\/roveyayinevi.com.tr\/index.php\/wp-json\/wp\/v2\/media?parent=764326"}],"wp:term":[{"taxonomy":"product_brand","embeddable":true,"href":"https:\/\/roveyayinevi.com.tr\/index.php\/wp-json\/wp\/v2\/product_brand?post=764326"},{"taxonomy":"product_cat","embeddable":true,"href":"https:\/\/roveyayinevi.com.tr\/index.php\/wp-json\/wp\/v2\/product_cat?post=764326"},{"taxonomy":"product_tag","embeddable":true,"href":"https:\/\/roveyayinevi.com.tr\/index.php\/wp-json\/wp\/v2\/product_tag?post=764326"}],"curies":[{"name":"wp","href":"https:\/\/api.w.org\/{rel}","templated":true}]}}