{"id":764325,"date":"2025-08-28T11:07:12","date_gmt":"2025-08-28T08:07:12","guid":{"rendered":"https:\/\/roveyayinevi.com.tr\/index.php\/urun\/kara-atena-ciltli\/"},"modified":"2026-04-15T03:30:15","modified_gmt":"2026-04-15T00:30:15","slug":"kara-atena-ciltli","status":"publish","type":"product","link":"https:\/\/roveyayinevi.com.tr\/index.php\/urun\/kara-atena-ciltli\/","title":{"rendered":"Kara Atena (Ciltli)"},"content":{"rendered":"<p>Avrupamerkezci teoriler, Asya ve Afrikal\u0131 toplumlar\u0131 d\u00fcnyan\u0131n tarihsel geli\u015fme yata\u011f\u0131n\u0131n d\u0131\u015f\u0131na itmektedir. B\u00f6ylece Avrupa toplumu, s\u00f6z\u00fcm ona insanl\u0131\u011f\u0131n biricik geli\u015fme yata\u011f\u0131 ve \u00f6nc\u00fcs\u00fc olmaktad\u0131r. Do\u011fu toplumlar\u0131n\u0131n ise, geli\u015fme dinami\u011fine yap\u0131sal olarak sahip olmad\u0131klar\u0131; sosyoekonomik kurulu\u015flar\u0131 nedeniyle t\u0131kand\u0131klar\u0131 ileri s\u00fcr\u00fclmektedir. Sonu\u00e7 olarak, \u201cgeri\u201d \u00fc\u00e7\u00fcnc\u00fc d\u00fcnya halklar\u0131n\u0131n bu t\u0131kan\u0131kl\u0131\u011f\u0131n\u0131 a\u015facak olan Bat\u0131 emperyalizmi ve s\u00f6m\u00fcrgecilik hakl\u0131 k\u0131l\u0131nmaktad\u0131r. Martin Bernal, bu kitab\u0131nda \u201ceski\u00e7a\u011f modeli\u201d ad\u0131n\u0131 verdi\u011fi tarihsel-k\u00fclt\u00fcrel modelin 19. y\u00fczy\u0131l\u0131n ba\u015f\u0131na kadar ge\u00e7erlili\u011fini korudu\u011funu; oysa, Yunan tarihinin okullarda \u00f6\u011fretilen versiyonunun ancak 1840 ve 1850\u2019lerde geli\u015ftirildi\u011fini; 19. y\u00fczy\u0131lda Kuzey Avrupa \u0131rk\u00e7\u0131l\u0131\u011f\u0131n\u0131n patlamas\u0131yla birlikte \u201c\u00f6zg\u00fcn Avrupa uygarl\u0131\u011f\u0131n\u0131n be\u015fi\u011fi Yunanistan\u201d efsanesinin ortaya at\u0131ld\u0131\u011f\u0131n\u0131 ve Yunanistan\u2019\u0131 olu\u015fturan Avrupa d\u0131\u015f\u0131 unsurlar\u0131n yok say\u0131lmaya ba\u015fland\u0131\u011f\u0131n\u0131 belirtmektedir. Bernal\u2019in Avrupamerkezcili\u011fe \u00e7ok g\u00fc\u00e7l\u00fc darbeler vuran ve alan\u0131nda \u00e7\u0131\u011f\u0131r a\u00e7an bu \u00f6nemli eserini \u00d6zcan Buze\u2019nin T\u00fcrk\u00e7esiyle okura sunuyoruz.<\/p>\n","protected":false},"excerpt":{"rendered":"<p>Avrupamerkezci teoriler, Asya ve Afrikal\u0131 toplumlar\u0131 d\u00fcnyan\u0131n tarihsel geli\u015fme yata\u011f\u0131n\u0131n d\u0131\u015f\u0131na itmektedir. B\u00f6ylece Avrupa toplumu, s\u00f6z\u00fcm ona insanl\u0131\u011f\u0131n biricik geli\u015fme yata\u011f\u0131 ve \u00f6nc\u00fcs\u00fc olmaktad\u0131r. Do\u011fu toplumlar\u0131n\u0131n<span class=\"excerpt-hellip\"> [\u2026]<\/span><\/p>\n","protected":false},"featured_media":0,"template":"","meta":{"_monsterinsights_skip_tracking":false,"_monsterinsights_sitenote_active":false,"_monsterinsights_sitenote_note":"","_monsterinsights_sitenote_category":0},"product_brand":[],"product_cat":[16038,12388],"product_tag":[],"class_list":{"0":"post-764325","1":"product","2":"type-product","3":"status-publish","5":"product_cat-arastirma-inceleme-referans-felsefe","6":"product_cat-felsefe","7":"pa_cilt-ciltli","8":"pa_tur-kitap","9":"pa_yayinevi-ketebe-yayinlari","10":"pa_yazar-martin-bernal","12":"first","13":"instock","14":"sale","15":"shipping-taxable","16":"purchasable","17":"product-type-simple"},"_links":{"self":[{"href":"https:\/\/roveyayinevi.com.tr\/index.php\/wp-json\/wp\/v2\/product\/764325","targetHints":{"allow":["GET"]}}],"collection":[{"href":"https:\/\/roveyayinevi.com.tr\/index.php\/wp-json\/wp\/v2\/product"}],"about":[{"href":"https:\/\/roveyayinevi.com.tr\/index.php\/wp-json\/wp\/v2\/types\/product"}],"wp:attachment":[{"href":"https:\/\/roveyayinevi.com.tr\/index.php\/wp-json\/wp\/v2\/media?parent=764325"}],"wp:term":[{"taxonomy":"product_brand","embeddable":true,"href":"https:\/\/roveyayinevi.com.tr\/index.php\/wp-json\/wp\/v2\/product_brand?post=764325"},{"taxonomy":"product_cat","embeddable":true,"href":"https:\/\/roveyayinevi.com.tr\/index.php\/wp-json\/wp\/v2\/product_cat?post=764325"},{"taxonomy":"product_tag","embeddable":true,"href":"https:\/\/roveyayinevi.com.tr\/index.php\/wp-json\/wp\/v2\/product_tag?post=764325"}],"curies":[{"name":"wp","href":"https:\/\/api.w.org\/{rel}","templated":true}]}}