{"id":764320,"date":"2025-08-28T11:07:03","date_gmt":"2025-08-28T08:07:03","guid":{"rendered":"https:\/\/roveyayinevi.com.tr\/index.php\/urun\/buyuk-ana-disilin-imge-ve-simgeleri\/"},"modified":"2026-04-15T03:30:15","modified_gmt":"2026-04-15T00:30:15","slug":"buyuk-ana-disilin-imge-ve-simgeleri","status":"publish","type":"product","link":"https:\/\/roveyayinevi.com.tr\/index.php\/urun\/buyuk-ana-disilin-imge-ve-simgeleri\/","title":{"rendered":"B\u00fcy\u00fck Ana &#8211; Di\u015filin \u0130mge ve Simgeleri"},"content":{"rendered":"<p>Jung psikolojisinin temel kavramlar\u0131ndan olan arketip her bireyin bilin\u00e7d\u0131\u015f\u0131nda var olan evrensel, kolektif imge ve \u00f6r\u00fcnt\u00fclerdir. Jung\u2019un en \u00fcnl\u00fc \u00f6\u011frencilerinden Erich Neumann bu kitab\u0131nda \u201cB\u00fcy\u00fck Ana\u201d arketipinin yap\u0131s\u0131n\u0131 \u00e7ok say\u0131da g\u00f6rsel temsilden yola \u00e7\u0131karak tarif etmeye \u00e7al\u0131\u015f\u0131rken dinler tarihi, arkeoloji, etnoloji gibi alanlardan m\u00fcthi\u015f zengin bir malzemeyi yorumluyor. B\u00fcy\u00fck Ana arketipi zaman ve mek\u00e2nda var olan somut bir imge de\u011fil insan ruhsall\u0131\u011f\u0131nda faaliyet g\u00f6steren i\u00e7sel bir imgedir. Hem bireyde ve grupta hem de kad\u0131nda ve erkekte ya\u015far. Bu sebeple de Neumann\u2019\u0131n bu eserini bir arkeoloji, sanat tarihi veya mitoloji kitab\u0131 olarak d\u00fc\u015f\u00fcnmemek gerekir. Yazar\u0131n amac\u0131 ruhsall\u0131kta temel bir yeri olan Di\u015fil arketipinin insanl\u0131\u011f\u0131n eserlerinde ve mitlerdeki simgesel d\u0131\u015favurumunu anla\u015f\u0131l\u0131r k\u0131lmak ve modern insan i\u00e7in de ge\u00e7erli olan bilin\u00e7d\u0131\u015f\u0131 sembolizminin bir tahlilini yapmakt\u0131r.<\/p>\n","protected":false},"excerpt":{"rendered":"<p>Jung psikolojisinin temel kavramlar\u0131ndan olan arketip her bireyin bilin\u00e7d\u0131\u015f\u0131nda var olan evrensel, kolektif imge ve \u00f6r\u00fcnt\u00fclerdir. Jung\u2019un en \u00fcnl\u00fc \u00f6\u011frencilerinden Erich Neumann bu kitab\u0131nda \u201cB\u00fcy\u00fck Ana\u201d<span class=\"excerpt-hellip\"> [\u2026]<\/span><\/p>\n","protected":false},"featured_media":0,"template":"","meta":{"_monsterinsights_skip_tracking":false,"_monsterinsights_sitenote_active":false,"_monsterinsights_sitenote_note":"","_monsterinsights_sitenote_category":0},"product_brand":[],"product_cat":[12358,12357],"product_tag":[],"class_list":{"0":"post-764320","1":"product","2":"type-product","3":"status-publish","5":"product_cat-genel-psikoloji","6":"product_cat-psikoloji","7":"pa_cilt-ciltsiz","8":"pa_tur-kitap","9":"pa_yayinevi-is-bankasi-kultur-yayinlari","10":"pa_yazar-erich-neumann","12":"first","13":"instock","14":"sale","15":"shipping-taxable","16":"purchasable","17":"product-type-simple"},"_links":{"self":[{"href":"https:\/\/roveyayinevi.com.tr\/index.php\/wp-json\/wp\/v2\/product\/764320","targetHints":{"allow":["GET"]}}],"collection":[{"href":"https:\/\/roveyayinevi.com.tr\/index.php\/wp-json\/wp\/v2\/product"}],"about":[{"href":"https:\/\/roveyayinevi.com.tr\/index.php\/wp-json\/wp\/v2\/types\/product"}],"wp:attachment":[{"href":"https:\/\/roveyayinevi.com.tr\/index.php\/wp-json\/wp\/v2\/media?parent=764320"}],"wp:term":[{"taxonomy":"product_brand","embeddable":true,"href":"https:\/\/roveyayinevi.com.tr\/index.php\/wp-json\/wp\/v2\/product_brand?post=764320"},{"taxonomy":"product_cat","embeddable":true,"href":"https:\/\/roveyayinevi.com.tr\/index.php\/wp-json\/wp\/v2\/product_cat?post=764320"},{"taxonomy":"product_tag","embeddable":true,"href":"https:\/\/roveyayinevi.com.tr\/index.php\/wp-json\/wp\/v2\/product_tag?post=764320"}],"curies":[{"name":"wp","href":"https:\/\/api.w.org\/{rel}","templated":true}]}}