{"id":764317,"date":"2025-08-28T11:06:57","date_gmt":"2025-08-28T08:06:57","guid":{"rendered":"https:\/\/roveyayinevi.com.tr\/index.php\/urun\/bilim-ve-din\/"},"modified":"2026-04-15T03:30:15","modified_gmt":"2026-04-15T00:30:15","slug":"bilim-ve-din","status":"publish","type":"product","link":"https:\/\/roveyayinevi.com.tr\/index.php\/urun\/bilim-ve-din\/","title":{"rendered":"Bilim ve Din"},"content":{"rendered":"<p>Bilim-din \u00e7at\u0131\u015fmas\u0131 hep g\u00fcndemde. Evrimden a\u015f\u0131 kar\u015f\u0131tl\u0131\u011f\u0131na, m\u00fcfredat tart\u0131\u015fmalar\u0131ndan bilim ink\u00e2rc\u0131l\u0131\u011f\u0131na dek bir\u00e7ok g\u00fcncel konu ve sorun dinin emirleri ile bilimin y\u00f6ntem ve ilkeleri aras\u0131nda kurulan z\u0131tl\u0131\u011fa s\u0131k\u0131\u015ft\u0131r\u0131labiliyor. Bu kitaptaysa Thomas Dixon ve Adam R. Shapiro can al\u0131c\u0131 bir soru sorarak konuyu ele al\u0131yor: Bilim-din gerilimini belirleyen as\u0131l mesele ne? Bu ezeli ve \u00e7etrefil ikili\u011fe dair pe\u015fin h\u00fck\u00fcmleri felsefi a\u00e7\u0131dan sorgulayan yazarlar, t\u0131pk\u0131 Galileo\u2019nun me\u015fhur davas\u0131nda oldu\u011fu gibi, bilim-din ihtilaf\u0131n\u0131n birtak\u0131m iktidar ve h\u00e2kimiyet m\u00fccadelelerini nas\u0131l \u00f6rtbas edebildi\u011fini \u2013s\u0131ras\u0131nda Avrupa merkezli perspektifin d\u0131\u015f\u0131na \u00e7\u0131k\u0131p s\u00f6m\u00fcrgecilik tarihiyle de hesapla\u015fmaya \u00e7al\u0131\u015farak\u2013 g\u00f6zler \u00f6n\u00fcne seriyorlar.<\/p>\n","protected":false},"excerpt":{"rendered":"<p>Bilim-din \u00e7at\u0131\u015fmas\u0131 hep g\u00fcndemde. Evrimden a\u015f\u0131 kar\u015f\u0131tl\u0131\u011f\u0131na, m\u00fcfredat tart\u0131\u015fmalar\u0131ndan bilim ink\u00e2rc\u0131l\u0131\u011f\u0131na dek bir\u00e7ok g\u00fcncel konu ve sorun dinin emirleri ile bilimin y\u00f6ntem ve ilkeleri aras\u0131nda kurulan<span class=\"excerpt-hellip\"> [\u2026]<\/span><\/p>\n","protected":false},"featured_media":0,"template":"","meta":{"_monsterinsights_skip_tracking":false,"_monsterinsights_sitenote_active":false,"_monsterinsights_sitenote_note":"","_monsterinsights_sitenote_category":0},"product_brand":[],"product_cat":[13005,37328],"product_tag":[],"class_list":{"0":"post-764317","1":"product","2":"type-product","3":"status-publish","5":"product_cat-bilim-muhendislik","6":"product_cat-diger-bilim-muhendislik","7":"pa_cilt-ciltsiz","8":"pa_tur-kitap","9":"pa_yayinevi-is-bankasi-kultur-yayinlari","10":"pa_yazar-thomas-dixon-adam-r-shapiro","12":"first","13":"instock","14":"sale","15":"shipping-taxable","16":"purchasable","17":"product-type-simple"},"_links":{"self":[{"href":"https:\/\/roveyayinevi.com.tr\/index.php\/wp-json\/wp\/v2\/product\/764317","targetHints":{"allow":["GET"]}}],"collection":[{"href":"https:\/\/roveyayinevi.com.tr\/index.php\/wp-json\/wp\/v2\/product"}],"about":[{"href":"https:\/\/roveyayinevi.com.tr\/index.php\/wp-json\/wp\/v2\/types\/product"}],"wp:attachment":[{"href":"https:\/\/roveyayinevi.com.tr\/index.php\/wp-json\/wp\/v2\/media?parent=764317"}],"wp:term":[{"taxonomy":"product_brand","embeddable":true,"href":"https:\/\/roveyayinevi.com.tr\/index.php\/wp-json\/wp\/v2\/product_brand?post=764317"},{"taxonomy":"product_cat","embeddable":true,"href":"https:\/\/roveyayinevi.com.tr\/index.php\/wp-json\/wp\/v2\/product_cat?post=764317"},{"taxonomy":"product_tag","embeddable":true,"href":"https:\/\/roveyayinevi.com.tr\/index.php\/wp-json\/wp\/v2\/product_tag?post=764317"}],"curies":[{"name":"wp","href":"https:\/\/api.w.org\/{rel}","templated":true}]}}