{"id":764311,"date":"2025-08-28T11:06:43","date_gmt":"2025-08-28T08:06:43","guid":{"rendered":"https:\/\/roveyayinevi.com.tr\/index.php\/urun\/temsili-yonetim-uzerine-dusunceler\/"},"modified":"2026-04-15T03:30:14","modified_gmt":"2026-04-15T00:30:14","slug":"temsili-yonetim-uzerine-dusunceler","status":"publish","type":"product","link":"https:\/\/roveyayinevi.com.tr\/index.php\/urun\/temsili-yonetim-uzerine-dusunceler\/","title":{"rendered":"Temsili Y\u00f6netim \u00dczerine D\u00fc\u015f\u00fcnceler"},"content":{"rendered":"<p>John Stuart Mill (1806-1873): \u0130ngiliz d\u00fc\u015f\u00fcn\u00fcr, iktisat\u00e7\u0131 ve siyaset\u00e7i. Babas\u0131 James Mill taraf\u0131ndan evde e\u011fitildi. Hukuk bilimci John Austin\u2019den dersler ald\u0131. Bir s\u00fcre Montpellier\u2019de Facult\u00e9 des Sciences\u2019ta k\u0131\u015f kurslar\u0131na kat\u0131ld\u0131, Oxford ve Cambridge\u2019e girmek i\u00e7in \u015fart ko\u015fulan dinsel yemine babas\u0131 da kendisi de itiraz etti\u011fi i\u00e7in \u00fcniversiteye gitmedi. 1831\u2019de \u00c7a\u011f\u0131n Ruhu adl\u0131 ilk eseri yay\u0131mland\u0131. 1865\u2019te liberal \u00fcye olarak parlamentoya girdi. \u0130\u015f\u00e7i s\u0131n\u0131f\u0131n\u0131n haklar\u0131n\u0131 destekledi ve kad\u0131nlar\u0131n oy hakk\u0131 i\u00e7in m\u00fccadele etti. Temsil\u00ee Y\u00f6netim \u00dczerine D\u00fc\u015f\u00fcnceler eserinde demokratik bir siyasal rejim i\u00e7in gereken siyasal, iktisadi ve toplumsal ko\u015fullar \u00fczerine derinlemesine fikir y\u00fcr\u00fct\u00fcr. Makul bir siyasal rejim hangi demokratik k\u0131staslar\u0131 esas almal\u0131d\u0131r? \u00d6zg\u00fcrl\u00fc\u011f\u00fcn tali k\u0131l\u0131nd\u0131\u011f\u0131 bir d\u00fczlemde e\u015fitli\u011fin ne t\u00fcrden bir k\u0131ymeti vard\u0131r? \u0130fade \u00f6zg\u00fcrl\u00fc\u011f\u00fcn\u00fcn s\u0131n\u0131rlar\u0131 nerelerde ba\u015flar nerelerde son bulur gibi sorulara cevaplar \u00f6ne s\u00fcren, tart\u0131\u015fmaya a\u00e7\u0131k yorumlar \u00fcreten Mill, eserinde bug\u00fcn de varl\u0131\u011f\u0131n\u0131 s\u00fcrd\u00fcren temel bir siyasal krize odaklan\u0131r: Siyasal temsil m\u00fcmk\u00fcn m\u00fcd\u00fcr?<\/p>\n","protected":false},"excerpt":{"rendered":"<p>John Stuart Mill (1806-1873): \u0130ngiliz d\u00fc\u015f\u00fcn\u00fcr, iktisat\u00e7\u0131 ve siyaset\u00e7i. Babas\u0131 James Mill taraf\u0131ndan evde e\u011fitildi. Hukuk bilimci John Austin\u2019den dersler ald\u0131. Bir s\u00fcre Montpellier\u2019de Facult\u00e9 des<span class=\"excerpt-hellip\"> [\u2026]<\/span><\/p>\n","protected":false},"featured_media":0,"template":"","meta":{"_monsterinsights_skip_tracking":false,"_monsterinsights_sitenote_active":false,"_monsterinsights_sitenote_note":"","_monsterinsights_sitenote_category":0},"product_brand":[],"product_cat":[18545,12291],"product_tag":[],"class_list":{"0":"post-764311","1":"product","2":"type-product","3":"status-publish","5":"product_cat-anlati","6":"product_cat-edebiyat","7":"pa_cilt-ciltsiz","8":"pa_tur-kitap","9":"pa_yayinevi-is-bankasi-kultur-yayinlari","10":"pa_yazar-john-stuart-mill","12":"first","13":"instock","14":"sale","15":"shipping-taxable","16":"purchasable","17":"product-type-simple"},"_links":{"self":[{"href":"https:\/\/roveyayinevi.com.tr\/index.php\/wp-json\/wp\/v2\/product\/764311","targetHints":{"allow":["GET"]}}],"collection":[{"href":"https:\/\/roveyayinevi.com.tr\/index.php\/wp-json\/wp\/v2\/product"}],"about":[{"href":"https:\/\/roveyayinevi.com.tr\/index.php\/wp-json\/wp\/v2\/types\/product"}],"wp:attachment":[{"href":"https:\/\/roveyayinevi.com.tr\/index.php\/wp-json\/wp\/v2\/media?parent=764311"}],"wp:term":[{"taxonomy":"product_brand","embeddable":true,"href":"https:\/\/roveyayinevi.com.tr\/index.php\/wp-json\/wp\/v2\/product_brand?post=764311"},{"taxonomy":"product_cat","embeddable":true,"href":"https:\/\/roveyayinevi.com.tr\/index.php\/wp-json\/wp\/v2\/product_cat?post=764311"},{"taxonomy":"product_tag","embeddable":true,"href":"https:\/\/roveyayinevi.com.tr\/index.php\/wp-json\/wp\/v2\/product_tag?post=764311"}],"curies":[{"name":"wp","href":"https:\/\/api.w.org\/{rel}","templated":true}]}}