{"id":764310,"date":"2025-08-28T11:06:42","date_gmt":"2025-08-28T08:06:42","guid":{"rendered":"https:\/\/roveyayinevi.com.tr\/index.php\/urun\/islam-kulturunun-yumusak-karni-kadin\/"},"modified":"2026-04-15T03:30:14","modified_gmt":"2026-04-15T00:30:14","slug":"islam-kulturunun-yumusak-karni-kadin","status":"publish","type":"product","link":"https:\/\/roveyayinevi.com.tr\/index.php\/urun\/islam-kulturunun-yumusak-karni-kadin\/","title":{"rendered":"\u0130slam K\u00fclt\u00fcr\u00fcn\u00fcn Yumu\u015fak Karn\u0131 Kad\u0131n"},"content":{"rendered":"<p>\u0130slam gelene\u011finde kad\u0131n, tabirin tam anlam\u0131yla bir \u201cyumu\u015fak kar\u0131n\u201dd\u0131r. \u00c7\u00fcnk\u00fc hem \u0130slam\u0131n temel kaynaklar\u0131nda tan\u0131mlan\u0131\u015f\u0131 hem temel kaynaklar\u0131n yorumlan\u0131\u015f\u0131 ve hem de bu yorumun tepeden t\u0131rna\u011fa ataerkil zihniyet marifetiyle ger\u00e7ek hayat alan\u0131na ta\u015f\u0131n\u0131\u015f\u0131 itibariyle kad\u0131n adeta bir sorunlar yuma\u011f\u0131d\u0131r. Bizim as\u0131l maksad\u0131m\u0131z, \u201c\u0130slam\u201d dininin temel metinlerinde ve gelene\u011finde yer alan, \u201ckad\u0131n\u201d\u0131 pek \u00e7ok a\u00e7\u0131dan problemli bir varl\u0131k olarak konu\u015fup tart\u0131\u015fmam\u0131za yol a\u00e7an beyan, yorum ve anlay\u0131\u015flar\u0131n \u201cdin\u201d kapsam\u0131nda de\u011ferlendirilmemesi gerekti\u011fini vurgulamak. Ayr\u0131ca bunun da M\u00fcsl\u00fcman kimlikten s\u0131yr\u0131lmak gibi bir anlam ta\u015f\u0131mad\u0131\u011f\u0131n\u0131 g\u00f6stermeye \u00e7al\u0131\u015fmak. Mustafa \u00d6zt\u00fcrk<\/p>\n","protected":false},"excerpt":{"rendered":"<p>\u0130slam gelene\u011finde kad\u0131n, tabirin tam anlam\u0131yla bir \u201cyumu\u015fak kar\u0131n\u201dd\u0131r. \u00c7\u00fcnk\u00fc hem \u0130slam\u0131n temel kaynaklar\u0131nda tan\u0131mlan\u0131\u015f\u0131 hem temel kaynaklar\u0131n yorumlan\u0131\u015f\u0131 ve hem de bu yorumun tepeden t\u0131rna\u011fa<span class=\"excerpt-hellip\"> [\u2026]<\/span><\/p>\n","protected":false},"featured_media":0,"template":"","meta":{"_monsterinsights_skip_tracking":false,"_monsterinsights_sitenote_active":false,"_monsterinsights_sitenote_note":"","_monsterinsights_sitenote_category":0},"product_brand":[],"product_cat":[13036,12718,12719],"product_tag":[],"class_list":{"0":"post-764310","1":"product","2":"type-product","3":"status-publish","5":"product_cat-arastirma-inceleme-islam","6":"product_cat-din","7":"product_cat-islam","8":"pa_cilt-ciltsiz","9":"pa_tur-kitap","10":"pa_yayinevi-kirmizi-kedi-yayinevi","11":"pa_yazar-mustafa-ozturk","13":"first","14":"instock","15":"sale","16":"shipping-taxable","17":"purchasable","18":"product-type-simple"},"_links":{"self":[{"href":"https:\/\/roveyayinevi.com.tr\/index.php\/wp-json\/wp\/v2\/product\/764310","targetHints":{"allow":["GET"]}}],"collection":[{"href":"https:\/\/roveyayinevi.com.tr\/index.php\/wp-json\/wp\/v2\/product"}],"about":[{"href":"https:\/\/roveyayinevi.com.tr\/index.php\/wp-json\/wp\/v2\/types\/product"}],"wp:attachment":[{"href":"https:\/\/roveyayinevi.com.tr\/index.php\/wp-json\/wp\/v2\/media?parent=764310"}],"wp:term":[{"taxonomy":"product_brand","embeddable":true,"href":"https:\/\/roveyayinevi.com.tr\/index.php\/wp-json\/wp\/v2\/product_brand?post=764310"},{"taxonomy":"product_cat","embeddable":true,"href":"https:\/\/roveyayinevi.com.tr\/index.php\/wp-json\/wp\/v2\/product_cat?post=764310"},{"taxonomy":"product_tag","embeddable":true,"href":"https:\/\/roveyayinevi.com.tr\/index.php\/wp-json\/wp\/v2\/product_tag?post=764310"}],"curies":[{"name":"wp","href":"https:\/\/api.w.org\/{rel}","templated":true}]}}