{"id":764308,"date":"2025-08-28T11:06:38","date_gmt":"2025-08-28T08:06:38","guid":{"rendered":"https:\/\/roveyayinevi.com.tr\/index.php\/urun\/erkekleri-oldurup-pacayi-siyirmanin-yollari\/"},"modified":"2026-04-15T03:30:14","modified_gmt":"2026-04-15T00:30:14","slug":"erkekleri-oldurup-pacayi-siyirmanin-yollari","status":"publish","type":"product","link":"https:\/\/roveyayinevi.com.tr\/index.php\/urun\/erkekleri-oldurup-pacayi-siyirmanin-yollari\/","title":{"rendered":"Erkekleri \u00d6ld\u00fcr\u00fcp Pa\u00e7ay\u0131 S\u0131y\u0131rman\u0131n Yollar\u0131"},"content":{"rendered":"<p>Arkada\u015f. \u00c2\u015f\u0131k. Influencer. Katil.   Gece kul\u00fcb\u00fcndeki \u015fu adam bir t\u00fcrl\u00fc pe\u015fimi b\u0131rakm\u0131yordu.    Elbette niyetim onu \u00f6ld\u00fcrmek de\u011fildi ama \u00f6ld\u00fc\u011f\u00fcnde moralimin bozuldu\u011fu da s\u00f6ylenemezdi. \u00dcstelik yaratt\u0131\u011f\u0131m b\u00fct\u00fcn o karga\u015faya ra\u011fmen pa\u00e7ay\u0131 s\u0131y\u0131rm\u0131\u015f gibiydim.   \u0130\u015fte ba\u011f\u0131ml\u0131l\u0131\u011f\u0131m da b\u00f6yle ba\u015flad\u0131. \u0130ntikam\u0131n tad\u0131n\u0131 alm\u0131\u015ft\u0131m bir kere ve etrafta temizlenecek \u00e7ok pislik vard\u0131.   Bu i\u015fte ne kadar iyi oldu\u011fumu s\u00f6ylemi\u015f miydim?   \u201cKaranl\u0131\u011f\u0131n tad\u0131na varabilece\u011finiz, deh\u015feti tam k\u0131vam\u0131nda ve sizi k\u0131k\u0131r k\u0131k\u0131r g\u00fcld\u00fcrecek bir kitap ar\u0131yorsan\u0131z, Erkekleri \u00d6ld\u00fcr\u00fcp Pa\u00e7ay\u0131 S\u0131y\u0131rman\u0131n Yollar\u0131\u2019n\u0131 mutlaka okunacaklar listenize eklemelisiniz. Katy Brent\u2019in bir sonraki kitab\u0131n\u0131 okumak i\u00e7in sab\u0131rs\u0131zlan\u0131yorum!\u201d \u2013Featz Reviews     \u201cErkekleri \u00d6ld\u00fcr\u00fcp Pa\u00e7ay\u0131 S\u0131y\u0131rman\u0131n Yollar\u0131 sizi do\u011frudan aksiyonun i\u00e7ine at\u0131yor ve ilk sayfadan itibaren hop oturup hop kalkman\u0131za neden oluyor.\u201d \u2013Lizzie\u2019s Little Book Nook   \u201cSex and the City ve Dexter\u2019\u0131 bir blender\u2019a atarsan\u0131z a\u015fa\u011f\u0131 yukar\u0131 Erkekleri \u00d6ld\u00fcr\u00fcp Pa\u00e7ay\u0131 S\u0131y\u0131rman\u0131n Yollar\u0131\u2019n\u0131 elde edersiniz. Yazar kara mizahla birlikte \u00e7arp\u0131k heyecanlardan ho\u015flananlar i\u00e7in olduk\u00e7a \u00e7ekici bir konsept sunuyor.\u201d  \u2013The Library Ladies   <\/p>\n","protected":false},"excerpt":{"rendered":"<p>Arkada\u015f. \u00c2\u015f\u0131k. Influencer. Katil. Gece kul\u00fcb\u00fcndeki \u015fu adam bir t\u00fcrl\u00fc pe\u015fimi b\u0131rakm\u0131yordu. Elbette niyetim onu \u00f6ld\u00fcrmek de\u011fildi ama \u00f6ld\u00fc\u011f\u00fcnde moralimin bozuldu\u011fu da s\u00f6ylenemezdi. \u00dcstelik yaratt\u0131\u011f\u0131m b\u00fct\u00fcn<span class=\"excerpt-hellip\"> [\u2026]<\/span><\/p>\n","protected":false},"featured_media":0,"template":"","meta":{"_monsterinsights_skip_tracking":false,"_monsterinsights_sitenote_active":false,"_monsterinsights_sitenote_note":"","_monsterinsights_sitenote_category":0},"product_brand":[],"product_cat":[12291,12711],"product_tag":[],"class_list":{"0":"post-764308","1":"product","2":"type-product","3":"status-publish","5":"product_cat-edebiyat","6":"product_cat-roman-oyku","7":"pa_cilt-ciltsiz","8":"pa_tur-kitap","9":"pa_yayinevi-indigo-kitap","10":"pa_yazar-katy-brent","12":"first","13":"instock","14":"sale","15":"shipping-taxable","16":"purchasable","17":"product-type-simple"},"_links":{"self":[{"href":"https:\/\/roveyayinevi.com.tr\/index.php\/wp-json\/wp\/v2\/product\/764308","targetHints":{"allow":["GET"]}}],"collection":[{"href":"https:\/\/roveyayinevi.com.tr\/index.php\/wp-json\/wp\/v2\/product"}],"about":[{"href":"https:\/\/roveyayinevi.com.tr\/index.php\/wp-json\/wp\/v2\/types\/product"}],"wp:attachment":[{"href":"https:\/\/roveyayinevi.com.tr\/index.php\/wp-json\/wp\/v2\/media?parent=764308"}],"wp:term":[{"taxonomy":"product_brand","embeddable":true,"href":"https:\/\/roveyayinevi.com.tr\/index.php\/wp-json\/wp\/v2\/product_brand?post=764308"},{"taxonomy":"product_cat","embeddable":true,"href":"https:\/\/roveyayinevi.com.tr\/index.php\/wp-json\/wp\/v2\/product_cat?post=764308"},{"taxonomy":"product_tag","embeddable":true,"href":"https:\/\/roveyayinevi.com.tr\/index.php\/wp-json\/wp\/v2\/product_tag?post=764308"}],"curies":[{"name":"wp","href":"https:\/\/api.w.org\/{rel}","templated":true}]}}