{"id":764307,"date":"2025-08-28T11:06:36","date_gmt":"2025-08-28T08:06:36","guid":{"rendered":"https:\/\/roveyayinevi.com.tr\/index.php\/urun\/sistem-liderligi\/"},"modified":"2026-04-15T03:30:14","modified_gmt":"2026-04-15T00:30:14","slug":"sistem-liderligi","status":"publish","type":"product","link":"https:\/\/roveyayinevi.com.tr\/index.php\/urun\/sistem-liderligi\/","title":{"rendered":"Sistem Liderli\u011fi"},"content":{"rendered":"<p>Ahmet \u015eerif \u0130zg\u00f6ren\u2019in bug\u00fcne kadar 54 bask\u0131 yaparak 100 binden fazla okurla bulu\u015fan \u201c\u0130\u015f Ya\u015fam\u0131nda 100 Kanguru\u201d kitab\u0131 g\u00fcncellendi ve ismi \u201cSistem Liderli\u011fi: \u0130\u015f Ya\u015fam\u0131nda 100 Kanguru\u201d olarak revize edildi. Kitapta pratik uygulamalar ve \u00f6rnekler e\u015fli\u011finde \u201cSistem Liderli\u011fi Modeli\u201d anlat\u0131l\u0131yor.   \u201cSadece y\u00f6neticilik vas\u0131flar\u0131na sahip olan insanlar var olan bir yap\u0131y\u0131 s\u00fcrd\u00fcr\u00fcrler. Liderler ise pe\u015finden s\u00fcr\u00fckledikleri gruplar yarat\u0131rlar, bir sistem yaratma pe\u015finde de\u011fillerdir. Onlar\u0131 i\u015fin ba\u015f\u0131ndayken hareket halinde, liderin direktifleriyle y\u00f6nlenen bir grup \u015feklinde g\u00f6rebilirsiniz; lider olmad\u0131\u011f\u0131 zaman grup da\u011f\u0131l\u0131r. Bir Sistem Lideri; Sistem Liderli\u011fi Modeli \u00e7er\u00e7evesinde kendisinden sonra da ya\u015fayan \u2018devaml\u0131 geli\u015fim ve de\u011fi\u015fim\u2019 anlay\u0131\u015f\u0131nda bir sistem olu\u015fturur. \u0130zg\u00f6ren Akademi ve Elma Yay\u0131nevinin ba\u015far\u0131l\u0131 \u00e7izgileri, uygulaman\u0131n ba\u015far\u0131s\u0131 konusunda \u00e7ok \u00f6nemli birer kan\u0131t niteli\u011finde. Modelde savunulan nitelik; beceri ve prensipler do\u011fru temel al\u0131nd\u0131\u011f\u0131nda sistemin i\u015flememe ihtimali \u00e7ok d\u00fc\u015f\u00fck. Uygulama i\u00e7in belirtilen ba\u015fl\u0131klar aras\u0131nda hepsine y\u00fczde y\u00fcz sahip olman\u0131z\u0131 gerektiren bir ba\u015fl\u0131k yok, tek bir tanesi d\u0131\u015f\u0131nda; g\u00fcven. Ekibinize yayd\u0131\u011f\u0131n\u0131z g\u00fcven %100 olmal\u0131. Birisine % 99 g\u00fcveniyorsan\u0131z, o %1\u2019lik g\u00fcvensizlik her \u015feyi ba\u015flamadan bitirir.\u201d <\/p>\n","protected":false},"excerpt":{"rendered":"<p>Ahmet \u015eerif \u0130zg\u00f6ren\u2019in bug\u00fcne kadar 54 bask\u0131 yaparak 100 binden fazla okurla bulu\u015fan \u201c\u0130\u015f Ya\u015fam\u0131nda 100 Kanguru\u201d kitab\u0131 g\u00fcncellendi ve ismi \u201cSistem Liderli\u011fi: \u0130\u015f Ya\u015fam\u0131nda 100<span class=\"excerpt-hellip\"> [\u2026]<\/span><\/p>\n","protected":false},"featured_media":0,"template":"","meta":{"_monsterinsights_skip_tracking":false,"_monsterinsights_sitenote_active":false,"_monsterinsights_sitenote_note":"","_monsterinsights_sitenote_category":0},"product_brand":[],"product_cat":[13043,19008],"product_tag":[],"class_list":{"0":"post-764307","1":"product","2":"type-product","3":"status-publish","5":"product_cat-ekonomi","6":"product_cat-yonetim","7":"pa_cilt-ciltsiz","8":"pa_tur-kitap","9":"pa_yayinevi-elma-yayinevi","10":"pa_yazar-ahmet-serif-izgoren","12":"first","13":"instock","14":"sale","15":"shipping-taxable","16":"purchasable","17":"product-type-simple"},"_links":{"self":[{"href":"https:\/\/roveyayinevi.com.tr\/index.php\/wp-json\/wp\/v2\/product\/764307","targetHints":{"allow":["GET"]}}],"collection":[{"href":"https:\/\/roveyayinevi.com.tr\/index.php\/wp-json\/wp\/v2\/product"}],"about":[{"href":"https:\/\/roveyayinevi.com.tr\/index.php\/wp-json\/wp\/v2\/types\/product"}],"wp:attachment":[{"href":"https:\/\/roveyayinevi.com.tr\/index.php\/wp-json\/wp\/v2\/media?parent=764307"}],"wp:term":[{"taxonomy":"product_brand","embeddable":true,"href":"https:\/\/roveyayinevi.com.tr\/index.php\/wp-json\/wp\/v2\/product_brand?post=764307"},{"taxonomy":"product_cat","embeddable":true,"href":"https:\/\/roveyayinevi.com.tr\/index.php\/wp-json\/wp\/v2\/product_cat?post=764307"},{"taxonomy":"product_tag","embeddable":true,"href":"https:\/\/roveyayinevi.com.tr\/index.php\/wp-json\/wp\/v2\/product_tag?post=764307"}],"curies":[{"name":"wp","href":"https:\/\/api.w.org\/{rel}","templated":true}]}}