{"id":764304,"date":"2025-08-28T11:06:31","date_gmt":"2025-08-28T08:06:31","guid":{"rendered":"https:\/\/roveyayinevi.com.tr\/index.php\/urun\/sorularla-siirin-ve-sairin-kisa-tarihi\/"},"modified":"2026-04-15T03:30:14","modified_gmt":"2026-04-15T00:30:14","slug":"sorularla-siirin-ve-sairin-kisa-tarihi","status":"publish","type":"product","link":"https:\/\/roveyayinevi.com.tr\/index.php\/urun\/sorularla-siirin-ve-sairin-kisa-tarihi\/","title":{"rendered":"Sorularla \u015eiirin ve \u015eairin K\u0131sa Tarihi"},"content":{"rendered":"<p>\u015eiir ve \u015fair\u2026 S\u00f6z\u00fcn do\u011fu\u015fundan beri ikisi de yan yana\u2026 T\u00fcrk dili her zaman \u015fair ve \u015fiirle ya\u015fad\u0131\u2026 T\u00fcrk edebiyat\u0131n\u0131n kronolojisi, \u015fiir ve \u015fairin de sa\u00e7aklan\u0131\u015f\u0131d\u0131r\u2026 Peki, hem \u015fiir hem de \u015fair devir devir nas\u0131l ortaya \u00e7\u0131kt\u0131? Elinizdeki kitap belirli sorular etraf\u0131nda bu eksende konumlan\u0131yor. B\u00f6ylece okurlar\u0131na \u201c\u015fair\u201din ve \u201c\u015fiir\u201din ne olabilece\u011fi bak\u0131\u015f\u0131n\u0131 sunuyor\u2026 T\u00fcrk k\u00fclt\u00fcr\u00fcn\u00fcn k\u00f6kl\u00fc aya\u011f\u0131n\u0131 kuran bu iki meselenin kavramsal yolculu\u011funu takip etmekle \u015fairin ve \u015fiirin yolculu\u011fu, tarihin estetik izd\u00fc\u015f\u00fcm\u00fcne d\u00f6n\u00fc\u015f\u00fcyor\u2026 Bazen y\u00fcksek sesle, bazen i\u00e7e do\u011fru\u2026 Bazen uzak bir ge\u00e7mi\u015fte, bazen yan\u0131 ba\u015f\u0131m\u0131zda\u2026 T\u00fcrk \u015fiiri ve \u015fairi, ge\u00e7mi\u015ften g\u00fcn\u00fcm\u00fcze, yeniden cevaplan\u0131yor\u2026 <\/p>\n","protected":false},"excerpt":{"rendered":"<p>\u015eiir ve \u015fair\u2026 S\u00f6z\u00fcn do\u011fu\u015fundan beri ikisi de yan yana\u2026 T\u00fcrk dili her zaman \u015fair ve \u015fiirle ya\u015fad\u0131\u2026 T\u00fcrk edebiyat\u0131n\u0131n kronolojisi, \u015fiir ve \u015fairin de sa\u00e7aklan\u0131\u015f\u0131d\u0131r\u2026<span class=\"excerpt-hellip\"> [\u2026]<\/span><\/p>\n","protected":false},"featured_media":0,"template":"","meta":{"_monsterinsights_skip_tracking":false,"_monsterinsights_sitenote_active":false,"_monsterinsights_sitenote_note":"","_monsterinsights_sitenote_category":0},"product_brand":[],"product_cat":[12291,12509],"product_tag":[],"class_list":{"0":"post-764304","1":"product","2":"type-product","3":"status-publish","5":"product_cat-edebiyat","6":"product_cat-siir","7":"pa_cilt-ciltsiz","8":"pa_tur-kitap","9":"pa_yayinevi-kapi-yayinlari","10":"pa_yazar-songul-yagcioglu-bahanur-garan-goksen-gamze-ilicak-yucel","12":"first","13":"instock","14":"sale","15":"shipping-taxable","16":"purchasable","17":"product-type-simple"},"_links":{"self":[{"href":"https:\/\/roveyayinevi.com.tr\/index.php\/wp-json\/wp\/v2\/product\/764304","targetHints":{"allow":["GET"]}}],"collection":[{"href":"https:\/\/roveyayinevi.com.tr\/index.php\/wp-json\/wp\/v2\/product"}],"about":[{"href":"https:\/\/roveyayinevi.com.tr\/index.php\/wp-json\/wp\/v2\/types\/product"}],"wp:attachment":[{"href":"https:\/\/roveyayinevi.com.tr\/index.php\/wp-json\/wp\/v2\/media?parent=764304"}],"wp:term":[{"taxonomy":"product_brand","embeddable":true,"href":"https:\/\/roveyayinevi.com.tr\/index.php\/wp-json\/wp\/v2\/product_brand?post=764304"},{"taxonomy":"product_cat","embeddable":true,"href":"https:\/\/roveyayinevi.com.tr\/index.php\/wp-json\/wp\/v2\/product_cat?post=764304"},{"taxonomy":"product_tag","embeddable":true,"href":"https:\/\/roveyayinevi.com.tr\/index.php\/wp-json\/wp\/v2\/product_tag?post=764304"}],"curies":[{"name":"wp","href":"https:\/\/api.w.org\/{rel}","templated":true}]}}