{"id":764302,"date":"2025-08-28T11:06:26","date_gmt":"2025-08-28T08:06:26","guid":{"rendered":"https:\/\/roveyayinevi.com.tr\/index.php\/urun\/kan-kitaplari-1\/"},"modified":"2026-04-15T03:30:14","modified_gmt":"2026-04-15T00:30:14","slug":"kan-kitaplari-1","status":"publish","type":"product","link":"https:\/\/roveyayinevi.com.tr\/index.php\/urun\/kan-kitaplari-1\/","title":{"rendered":"Kan Kitaplar\u0131 1"},"content":{"rendered":"<p>Korku edebiyat\u0131n\u0131n ya\u015fayan en b\u00fcy\u00fck ustalar\u0131ndan olan ve Hellraiser\u2019\u0131n, unutulmaz Pinhead\u2019in yarat\u0131c\u0131s\u0131 Clive Barker\u2019\u0131n alt\u0131 kitapl\u0131k Kan Kitaplar\u0131 serisinin birinci kitab\u0131 \u015fu an elinizde.   Okuru hayal g\u00fcc\u00fcn\u00fcn eri\u015febilece\u011fi en tekinsiz, en t\u00fcyler \u00fcrperten, en kanl\u0131 s\u0131n\u0131rlarda gezdiren bu alt\u0131 \u00f6yk\u00fcyle Clive Barker evrenine girecek, gece yar\u0131s\u0131 trenlerinden, tiyatrolardan, paranormal kav\u015faklar\u0131n kesi\u015fti\u011fi evlerden, sava\u015fan \u015fehirlerden ge\u00e7erek bamba\u015fka bir d\u00fcnyaya ad\u0131m atacaks\u0131n\u0131z.   Yazar\u0131n deyi\u015fiyle, \u201cHerkes birer kan kitab\u0131d\u0131r; neremizden a\u00e7\u0131lsak k\u0131rm\u0131z\u0131y\u0131zd\u0131r.\u201d   Clive Barker, Kan Kitaplar\u0131 ile okuru, sayfalar\u0131na kan s\u0131\u00e7ratmaktan hi\u00e7 \u00e7ekinmedi\u011fi hik\u00e2yelerine buyur ediyor.   \u201cBarker yapt\u0131\u011f\u0131 \u015feyle hepimizin son on y\u0131ld\u0131r uyuyormu\u015fuz gibi g\u00f6r\u00fcnmesine yol a\u00e7\u0131yor.\u201d \u2013Stephen King   \u201cKorku hik\u00e2yesini daha \u00f6nce hi\u00e7 gidilmedik yerlere ta\u015f\u0131yor. Kendi neslinin en b\u00fcy\u00fck yazarlar\u0131ndan.\u201d \u2013Ramsey Campbell <\/p>\n","protected":false},"excerpt":{"rendered":"<p>Korku edebiyat\u0131n\u0131n ya\u015fayan en b\u00fcy\u00fck ustalar\u0131ndan olan ve Hellraiser\u2019\u0131n, unutulmaz Pinhead\u2019in yarat\u0131c\u0131s\u0131 Clive Barker\u2019\u0131n alt\u0131 kitapl\u0131k Kan Kitaplar\u0131 serisinin birinci kitab\u0131 \u015fu an elinizde. Okuru hayal<span class=\"excerpt-hellip\"> [\u2026]<\/span><\/p>\n","protected":false},"featured_media":0,"template":"","meta":{"_monsterinsights_skip_tracking":false,"_monsterinsights_sitenote_active":false,"_monsterinsights_sitenote_note":"","_monsterinsights_sitenote_category":0},"product_brand":[],"product_cat":[12291,17033],"product_tag":[],"class_list":{"0":"post-764302","1":"product","2":"type-product","3":"status-publish","5":"product_cat-edebiyat","6":"product_cat-korku-gerilim","7":"pa_cilt-ciltsiz","8":"pa_tur-kitap","9":"pa_yayinevi-alfa-yayinlari","10":"pa_yazar-clive-barker","12":"first","13":"instock","14":"sale","15":"shipping-taxable","16":"purchasable","17":"product-type-simple"},"_links":{"self":[{"href":"https:\/\/roveyayinevi.com.tr\/index.php\/wp-json\/wp\/v2\/product\/764302","targetHints":{"allow":["GET"]}}],"collection":[{"href":"https:\/\/roveyayinevi.com.tr\/index.php\/wp-json\/wp\/v2\/product"}],"about":[{"href":"https:\/\/roveyayinevi.com.tr\/index.php\/wp-json\/wp\/v2\/types\/product"}],"wp:attachment":[{"href":"https:\/\/roveyayinevi.com.tr\/index.php\/wp-json\/wp\/v2\/media?parent=764302"}],"wp:term":[{"taxonomy":"product_brand","embeddable":true,"href":"https:\/\/roveyayinevi.com.tr\/index.php\/wp-json\/wp\/v2\/product_brand?post=764302"},{"taxonomy":"product_cat","embeddable":true,"href":"https:\/\/roveyayinevi.com.tr\/index.php\/wp-json\/wp\/v2\/product_cat?post=764302"},{"taxonomy":"product_tag","embeddable":true,"href":"https:\/\/roveyayinevi.com.tr\/index.php\/wp-json\/wp\/v2\/product_tag?post=764302"}],"curies":[{"name":"wp","href":"https:\/\/api.w.org\/{rel}","templated":true}]}}