{"id":764301,"date":"2025-08-28T11:06:24","date_gmt":"2025-08-28T08:06:24","guid":{"rendered":"https:\/\/roveyayinevi.com.tr\/index.php\/urun\/hipnozcunun-yegeni\/"},"modified":"2026-04-15T03:30:14","modified_gmt":"2026-04-15T00:30:14","slug":"hipnozcunun-yegeni","status":"publish","type":"product","link":"https:\/\/roveyayinevi.com.tr\/index.php\/urun\/hipnozcunun-yegeni\/","title":{"rendered":"Hipnozcunun  Ye\u011feni"},"content":{"rendered":"<p>\u00c7al\u0131\u015fkan ve ilkeli bir \u00f6\u011frenci olan P\u00f6tr hayat\u0131n\u0131n gidi\u015fat\u0131 birden de\u011fi\u015fip y\u0131llard\u0131r verdi\u011fi emekler ve \u00f6\u011frencilik hayat\u0131 tehlikeye girince \u00e7areyi okulun bir numaral\u0131 belal\u0131s\u0131na dan\u0131\u015fmakta bulur. Bu zeki, oyunbaz, hileci yeni arkada\u015f\u0131 ile t\u00fcrl\u00fc maceraya at\u0131l\u0131rlar.   Ke\u00e7iyi Beklerken\u2019den sonra, Dubrovin\u2019in aile-\u00e7ocuk, gen\u00e7lik, e\u011fitim konular\u0131n\u0131n yan\u0131 s\u0131ra ikiy\u00fczl\u00fcl\u00fck, h\u0131rs, budalal\u0131k gibi konular\u0131 toplumsal bir hicivle ele ald\u0131\u011f\u0131 bir ba\u015fka kitab\u0131 Hipnozcunun Ye\u011feni Sovyetler Birli\u011fi d\u00f6neminde \u00fcniversite gen\u00e7li\u011finin sorunlar\u0131n\u0131 irdelerken, kolhozlar\u0131n \u00e7al\u0131\u015fmalar\u0131ndan kesitler sunuyor. \u00c7ok ele\u015ftirilen Sovyet sisteminde ya\u015fam\u0131\u015f gen\u00e7li\u011fin \u00f6zg\u00fcrl\u00fcklerini, yarat\u0131c\u0131l\u0131klar\u0131n\u0131, boyun e\u011fmemek i\u00e7in g\u00f6sterdikleri \u00e7abay\u0131 ve dayan\u0131\u015fmay\u0131 lirik, mizahi bir dille ele al\u0131yor. <\/p>\n","protected":false},"excerpt":{"rendered":"<p>\u00c7al\u0131\u015fkan ve ilkeli bir \u00f6\u011frenci olan P\u00f6tr hayat\u0131n\u0131n gidi\u015fat\u0131 birden de\u011fi\u015fip y\u0131llard\u0131r verdi\u011fi emekler ve \u00f6\u011frencilik hayat\u0131 tehlikeye girince \u00e7areyi okulun bir numaral\u0131 belal\u0131s\u0131na dan\u0131\u015fmakta bulur.<span class=\"excerpt-hellip\"> [\u2026]<\/span><\/p>\n","protected":false},"featured_media":0,"template":"","meta":{"_monsterinsights_skip_tracking":false,"_monsterinsights_sitenote_active":false,"_monsterinsights_sitenote_note":"","_monsterinsights_sitenote_category":0},"product_brand":[],"product_cat":[12291,12711],"product_tag":[],"class_list":{"0":"post-764301","1":"product","2":"type-product","3":"status-publish","5":"product_cat-edebiyat","6":"product_cat-roman-oyku","7":"pa_cilt-ciltsiz","8":"pa_tur-kitap","9":"pa_yayinevi-alfa-yayinlari","10":"pa_yazar-yevgeniy-panteleyevic-dubrovin","12":"first","13":"instock","14":"sale","15":"shipping-taxable","16":"purchasable","17":"product-type-simple"},"_links":{"self":[{"href":"https:\/\/roveyayinevi.com.tr\/index.php\/wp-json\/wp\/v2\/product\/764301","targetHints":{"allow":["GET"]}}],"collection":[{"href":"https:\/\/roveyayinevi.com.tr\/index.php\/wp-json\/wp\/v2\/product"}],"about":[{"href":"https:\/\/roveyayinevi.com.tr\/index.php\/wp-json\/wp\/v2\/types\/product"}],"wp:attachment":[{"href":"https:\/\/roveyayinevi.com.tr\/index.php\/wp-json\/wp\/v2\/media?parent=764301"}],"wp:term":[{"taxonomy":"product_brand","embeddable":true,"href":"https:\/\/roveyayinevi.com.tr\/index.php\/wp-json\/wp\/v2\/product_brand?post=764301"},{"taxonomy":"product_cat","embeddable":true,"href":"https:\/\/roveyayinevi.com.tr\/index.php\/wp-json\/wp\/v2\/product_cat?post=764301"},{"taxonomy":"product_tag","embeddable":true,"href":"https:\/\/roveyayinevi.com.tr\/index.php\/wp-json\/wp\/v2\/product_tag?post=764301"}],"curies":[{"name":"wp","href":"https:\/\/api.w.org\/{rel}","templated":true}]}}