{"id":764297,"date":"2025-08-28T11:06:17","date_gmt":"2025-08-28T08:06:17","guid":{"rendered":"https:\/\/roveyayinevi.com.tr\/index.php\/urun\/elmer-ara-bul-ciltli\/"},"modified":"2026-04-15T03:30:14","modified_gmt":"2026-04-15T00:30:14","slug":"elmer-ara-bul-ciltli","status":"publish","type":"product","link":"https:\/\/roveyayinevi.com.tr\/index.php\/urun\/elmer-ara-bul-ciltli\/","title":{"rendered":"Elmer Ara Bul (Ciltli)"},"content":{"rendered":"<p>Ara bul maceras\u0131nda Elmer\u2019e kat\u0131l! Her sayfa Elmer\u2019in reng\u00e2renk d\u00fcnyas\u0131ndan bulunacak \u015feyler, cevaplanacak sorular ve ke\u015ffedilecek ayr\u0131nt\u0131larla dolu. <\/p>\n","protected":false},"excerpt":{"rendered":"<p>Ara bul maceras\u0131nda Elmer\u2019e kat\u0131l! Her sayfa Elmer\u2019in reng\u00e2renk d\u00fcnyas\u0131ndan bulunacak \u015feyler, cevaplanacak sorular ve ke\u015ffedilecek ayr\u0131nt\u0131larla dolu.<\/p>\n","protected":false},"featured_media":0,"template":"","meta":{"_monsterinsights_skip_tracking":false,"_monsterinsights_sitenote_active":false,"_monsterinsights_sitenote_note":"","_monsterinsights_sitenote_category":0},"product_brand":[],"product_cat":[12274,12518],"product_tag":[],"class_list":{"0":"post-764297","1":"product","2":"type-product","3":"status-publish","5":"product_cat-cocuk-ve-genclik-kitaplari","6":"product_cat-okul-oncesi-kitaplar","7":"pa_cilt-ciltli","8":"pa_tur-kitap","9":"pa_yayinevi-mundi","10":"pa_yazar-david-mckee","12":"first","13":"instock","14":"sale","15":"shipping-taxable","16":"purchasable","17":"product-type-simple"},"_links":{"self":[{"href":"https:\/\/roveyayinevi.com.tr\/index.php\/wp-json\/wp\/v2\/product\/764297","targetHints":{"allow":["GET"]}}],"collection":[{"href":"https:\/\/roveyayinevi.com.tr\/index.php\/wp-json\/wp\/v2\/product"}],"about":[{"href":"https:\/\/roveyayinevi.com.tr\/index.php\/wp-json\/wp\/v2\/types\/product"}],"wp:attachment":[{"href":"https:\/\/roveyayinevi.com.tr\/index.php\/wp-json\/wp\/v2\/media?parent=764297"}],"wp:term":[{"taxonomy":"product_brand","embeddable":true,"href":"https:\/\/roveyayinevi.com.tr\/index.php\/wp-json\/wp\/v2\/product_brand?post=764297"},{"taxonomy":"product_cat","embeddable":true,"href":"https:\/\/roveyayinevi.com.tr\/index.php\/wp-json\/wp\/v2\/product_cat?post=764297"},{"taxonomy":"product_tag","embeddable":true,"href":"https:\/\/roveyayinevi.com.tr\/index.php\/wp-json\/wp\/v2\/product_tag?post=764297"}],"curies":[{"name":"wp","href":"https:\/\/api.w.org\/{rel}","templated":true}]}}