{"id":764295,"date":"2025-08-28T11:06:13","date_gmt":"2025-08-28T08:06:13","guid":{"rendered":"https:\/\/roveyayinevi.com.tr\/index.php\/urun\/carpma-ve-bolme-etkinlik-kitabi\/"},"modified":"2026-04-15T03:30:14","modified_gmt":"2026-04-15T00:30:14","slug":"carpma-ve-bolme-etkinlik-kitabi","status":"publish","type":"product","link":"https:\/\/roveyayinevi.com.tr\/index.php\/urun\/carpma-ve-bolme-etkinlik-kitabi\/","title":{"rendered":"\u00c7arpma ve B\u00f6lme Etkinlik Kitab\u0131"},"content":{"rendered":"<p>\u00c7ocuklar i\u00e7in \u00e7arpma ve b\u00f6lme i\u015flemlerini \u00f6\u011frenip peki\u015ftirmek art\u0131k \u00e7ok kolay ve keyifli! \u00c7arpma ve B\u00f6lme Etkinlik Kitab\u0131, \u00e7ocuklar\u0131n \u00e7arpma ve b\u00f6lmeyi \u00f6\u011frenip peki\u015ftirmeleri i\u00e7in bir s\u00fcr\u00fc e\u011flenceli bulmaca, oyun ve etkinlik i\u00e7eriyor. Bu i\u015flemleri kolay ve h\u0131zl\u0131 yapmalar\u0131n\u0131 sa\u011flayan pek \u00e7ok ipucu da i\u00e7eren bu kitap sayesinde \u00e7ocuklar, matemati\u011fin e\u011flenceli d\u00fcnyas\u0131na ad\u0131m at\u0131p \u00e7arpma ve b\u00f6lmede ustala\u015facaklar.   Evde, d\u0131\u015far\u0131da, tatilde\u2026 Hatta yolculuk yaparken! Nerede, ne zaman isterse\u2026 \u00c7ok say\u0131da e\u011flenceli etkinlikle dolu bu kitap, \u00e7ocu\u011funuzun \u00e7arpma ve b\u00f6lme i\u015flemlerini daha iyi kavramas\u0131na ve pratik etmesine yard\u0131mc\u0131 olmas\u0131n\u0131n yan\u0131nda dikkat, el-g\u00f6z koordinasyonu, g\u00f6rsel alg\u0131 ve motor becerilerinin geli\u015fimine katk\u0131 sa\u011flayacak, \u00e7ocuklar bu kitab\u0131 ellerinden d\u00fc\u015f\u00fcrmeyecek!<\/p>\n","protected":false},"excerpt":{"rendered":"<p>\u00c7ocuklar i\u00e7in \u00e7arpma ve b\u00f6lme i\u015flemlerini \u00f6\u011frenip peki\u015ftirmek art\u0131k \u00e7ok kolay ve keyifli! \u00c7arpma ve B\u00f6lme Etkinlik Kitab\u0131, \u00e7ocuklar\u0131n \u00e7arpma ve b\u00f6lmeyi \u00f6\u011frenip peki\u015ftirmeleri i\u00e7in bir<span class=\"excerpt-hellip\"> [\u2026]<\/span><\/p>\n","protected":false},"featured_media":0,"template":"","meta":{"_monsterinsights_skip_tracking":false,"_monsterinsights_sitenote_active":false,"_monsterinsights_sitenote_note":"","_monsterinsights_sitenote_category":0},"product_brand":[],"product_cat":[12274,15842],"product_tag":[],"class_list":{"0":"post-764295","1":"product","2":"type-product","3":"status-publish","5":"product_cat-cocuk-ve-genclik-kitaplari","6":"product_cat-egitici-kitaplar","7":"pa_cilt-ciltsiz","8":"pa_tur-kitap","9":"pa_yayinevi-1001-cicek-kitaplar","10":"pa_yazar-darran-stobbart","12":"first","13":"instock","14":"sale","15":"shipping-taxable","16":"purchasable","17":"product-type-simple"},"_links":{"self":[{"href":"https:\/\/roveyayinevi.com.tr\/index.php\/wp-json\/wp\/v2\/product\/764295","targetHints":{"allow":["GET"]}}],"collection":[{"href":"https:\/\/roveyayinevi.com.tr\/index.php\/wp-json\/wp\/v2\/product"}],"about":[{"href":"https:\/\/roveyayinevi.com.tr\/index.php\/wp-json\/wp\/v2\/types\/product"}],"wp:attachment":[{"href":"https:\/\/roveyayinevi.com.tr\/index.php\/wp-json\/wp\/v2\/media?parent=764295"}],"wp:term":[{"taxonomy":"product_brand","embeddable":true,"href":"https:\/\/roveyayinevi.com.tr\/index.php\/wp-json\/wp\/v2\/product_brand?post=764295"},{"taxonomy":"product_cat","embeddable":true,"href":"https:\/\/roveyayinevi.com.tr\/index.php\/wp-json\/wp\/v2\/product_cat?post=764295"},{"taxonomy":"product_tag","embeddable":true,"href":"https:\/\/roveyayinevi.com.tr\/index.php\/wp-json\/wp\/v2\/product_tag?post=764295"}],"curies":[{"name":"wp","href":"https:\/\/api.w.org\/{rel}","templated":true}]}}