{"id":764294,"date":"2025-08-28T11:06:11","date_gmt":"2025-08-28T08:06:11","guid":{"rendered":"https:\/\/roveyayinevi.com.tr\/index.php\/urun\/elmer-ve-kayip-ayicik\/"},"modified":"2026-04-15T03:30:14","modified_gmt":"2026-04-15T00:30:14","slug":"elmer-ve-kayip-ayicik","status":"publish","type":"product","link":"https:\/\/roveyayinevi.com.tr\/index.php\/urun\/elmer-ve-kayip-ayicik\/","title":{"rendered":"Elmer ve Kay\u0131p Ay\u0131c\u0131k"},"content":{"rendered":"<p>Bebek Fil oyuncak ay\u0131s\u0131n\u0131 kaybetti\u011fi i\u00e7in uyuyam\u0131yor. Tabii ki Elmer ay\u0131y\u0131 bulmak i\u00e7in kollar\u0131 s\u0131v\u0131yor. &#8220;Yard\u0131m edin! Kayboldum!&#8221; sesini duyan Elmer, merak etmeden duram\u0131yor: Bebek Fil&#8217;in oyuncak ay\u0131s\u0131 konu\u015fabiliyor mu, yoksa Wilbur her zamanki gibi Elmer&#8217;e bir oyun mu oynuyor? <\/p>\n","protected":false},"excerpt":{"rendered":"<p>Bebek Fil oyuncak ay\u0131s\u0131n\u0131 kaybetti\u011fi i\u00e7in uyuyam\u0131yor. Tabii ki Elmer ay\u0131y\u0131 bulmak i\u00e7in kollar\u0131 s\u0131v\u0131yor. &#8220;Yard\u0131m edin! Kayboldum!&#8221; sesini duyan Elmer, merak etmeden duram\u0131yor: Bebek Fil&#8217;in<span class=\"excerpt-hellip\"> [\u2026]<\/span><\/p>\n","protected":false},"featured_media":0,"template":"","meta":{"_monsterinsights_skip_tracking":false,"_monsterinsights_sitenote_active":false,"_monsterinsights_sitenote_note":"","_monsterinsights_sitenote_category":0},"product_brand":[],"product_cat":[12274,12284],"product_tag":[],"class_list":{"0":"post-764294","1":"product","2":"type-product","3":"status-publish","5":"product_cat-cocuk-ve-genclik-kitaplari","6":"product_cat-hikayeler","7":"pa_cilt-ciltsiz","8":"pa_tur-kitap","9":"pa_yayinevi-mundi","10":"pa_yazar-david-mckee","12":"first","13":"instock","14":"sale","15":"shipping-taxable","16":"purchasable","17":"product-type-simple"},"_links":{"self":[{"href":"https:\/\/roveyayinevi.com.tr\/index.php\/wp-json\/wp\/v2\/product\/764294","targetHints":{"allow":["GET"]}}],"collection":[{"href":"https:\/\/roveyayinevi.com.tr\/index.php\/wp-json\/wp\/v2\/product"}],"about":[{"href":"https:\/\/roveyayinevi.com.tr\/index.php\/wp-json\/wp\/v2\/types\/product"}],"wp:attachment":[{"href":"https:\/\/roveyayinevi.com.tr\/index.php\/wp-json\/wp\/v2\/media?parent=764294"}],"wp:term":[{"taxonomy":"product_brand","embeddable":true,"href":"https:\/\/roveyayinevi.com.tr\/index.php\/wp-json\/wp\/v2\/product_brand?post=764294"},{"taxonomy":"product_cat","embeddable":true,"href":"https:\/\/roveyayinevi.com.tr\/index.php\/wp-json\/wp\/v2\/product_cat?post=764294"},{"taxonomy":"product_tag","embeddable":true,"href":"https:\/\/roveyayinevi.com.tr\/index.php\/wp-json\/wp\/v2\/product_tag?post=764294"}],"curies":[{"name":"wp","href":"https:\/\/api.w.org\/{rel}","templated":true}]}}