{"id":764290,"date":"2025-08-28T11:06:03","date_gmt":"2025-08-28T08:06:03","guid":{"rendered":"https:\/\/roveyayinevi.com.tr\/index.php\/urun\/akifin-maceralari-akif-surelerin-anlamlarini-ogreniyor\/"},"modified":"2026-04-15T03:30:14","modified_gmt":"2026-04-15T00:30:14","slug":"akifin-maceralari-akif-surelerin-anlamlarini-ogreniyor","status":"publish","type":"product","link":"https:\/\/roveyayinevi.com.tr\/index.php\/urun\/akifin-maceralari-akif-surelerin-anlamlarini-ogreniyor\/","title":{"rendered":"Akif&#8217;in Maceralar\u0131 &#8211; Akif Surelerin Anlamlar\u0131n\u0131 \u00d6\u011freniyor"},"content":{"rendered":"<p>\u0130ftara az bir vakit kalm\u0131\u015ft\u0131. Annesi sofray\u0131 haz\u0131rlarken babas\u0131 Akif&#8217;le muhabbet ediyordu: -Bak evlat, kalemi kuvvetli \u015fair \u0130smet \u00d6zel der ki &#8220;Biz oru\u00e7 tutmak suretiyle b\u00fct\u00fcn yarat\u0131lm\u0131\u015flara bir \u00fcmmet olarak, \u00fcmmetin tamam\u0131 olarak hitap ediyoruz: Bizi yaratan Allah&#8217;t\u0131r. Biz hayatta kal\u0131yorsak yediklerimiz, i\u00e7tiklerimiz y\u00fcz\u00fcnden de\u011fil. Allah bizi ya\u015fatt\u0131\u011f\u0131 i\u00e7in hayattay\u0131z. Bu d\u00fcnya hayat\u0131n\u0131 Allah bize nasip etti\u011fi i\u00e7in b\u00f6yledir. Bunu b\u00fct\u00fcn bir \u00fcmmet olarak ba\u015fta k\u00e2firlere, sonra da b\u00fct\u00fcn mahl\u00fbkata ilan ediyoruz, tebli\u011f ediyoruz. \u0130slam&#8217;da ibadetlerin hepsi k\u00fcfre darbe vurmakla alakal\u0131d\u0131r.&#8221; -Babac\u0131\u011f\u0131m, yani biz namazda oldu\u011fu gibi oru\u00e7 tutarak da k\u00fcfre darbe vurmu\u015f mu oluyoruz? -Bak ne g\u00fczel anlad\u0131n. Hadi sofraya ge\u00e7elim. \u015eimdi ezan okunacak. -Teravihten sonra da Kadir Suresi\u2019ni okuyal\u0131m m\u0131 baba? Malum son on g\u00fcn geldi bile. -Tabi ya \u00e7ok iyi d\u00fc\u015f\u00fcnd\u00fcn. Hadi bakal\u0131m. Allah kabul etsin. <\/p>\n","protected":false},"excerpt":{"rendered":"<p>\u0130ftara az bir vakit kalm\u0131\u015ft\u0131. Annesi sofray\u0131 haz\u0131rlarken babas\u0131 Akif&#8217;le muhabbet ediyordu: -Bak evlat, kalemi kuvvetli \u015fair \u0130smet \u00d6zel der ki &#8220;Biz oru\u00e7 tutmak suretiyle b\u00fct\u00fcn<span class=\"excerpt-hellip\"> [\u2026]<\/span><\/p>\n","protected":false},"featured_media":0,"template":"","meta":{"_monsterinsights_skip_tracking":false,"_monsterinsights_sitenote_active":false,"_monsterinsights_sitenote_note":"","_monsterinsights_sitenote_category":0},"product_brand":[],"product_cat":[12274,12284],"product_tag":[],"class_list":{"0":"post-764290","1":"product","2":"type-product","3":"status-publish","5":"product_cat-cocuk-ve-genclik-kitaplari","6":"product_cat-hikayeler","7":"pa_cilt-ciltsiz","8":"pa_tur-kitap","9":"pa_yayinevi-gulnar-yayinlari","10":"pa_yazar-havva-butun-sarac","12":"first","13":"instock","14":"sale","15":"shipping-taxable","16":"purchasable","17":"product-type-simple"},"_links":{"self":[{"href":"https:\/\/roveyayinevi.com.tr\/index.php\/wp-json\/wp\/v2\/product\/764290","targetHints":{"allow":["GET"]}}],"collection":[{"href":"https:\/\/roveyayinevi.com.tr\/index.php\/wp-json\/wp\/v2\/product"}],"about":[{"href":"https:\/\/roveyayinevi.com.tr\/index.php\/wp-json\/wp\/v2\/types\/product"}],"wp:attachment":[{"href":"https:\/\/roveyayinevi.com.tr\/index.php\/wp-json\/wp\/v2\/media?parent=764290"}],"wp:term":[{"taxonomy":"product_brand","embeddable":true,"href":"https:\/\/roveyayinevi.com.tr\/index.php\/wp-json\/wp\/v2\/product_brand?post=764290"},{"taxonomy":"product_cat","embeddable":true,"href":"https:\/\/roveyayinevi.com.tr\/index.php\/wp-json\/wp\/v2\/product_cat?post=764290"},{"taxonomy":"product_tag","embeddable":true,"href":"https:\/\/roveyayinevi.com.tr\/index.php\/wp-json\/wp\/v2\/product_tag?post=764290"}],"curies":[{"name":"wp","href":"https:\/\/api.w.org\/{rel}","templated":true}]}}