{"id":764289,"date":"2025-08-28T11:06:02","date_gmt":"2025-08-28T08:06:02","guid":{"rendered":"https:\/\/roveyayinevi.com.tr\/index.php\/urun\/sirri-uzerinde-tasiyan-insan\/"},"modified":"2026-04-15T03:30:14","modified_gmt":"2026-04-15T00:30:14","slug":"sirri-uzerinde-tasiyan-insan","status":"publish","type":"product","link":"https:\/\/roveyayinevi.com.tr\/index.php\/urun\/sirri-uzerinde-tasiyan-insan\/","title":{"rendered":"S\u0131rr\u0131 \u00dczerinde Ta\u015f\u0131yan \u0130nsan"},"content":{"rendered":"<p>D\u00fcnya ya\u015fant\u0131s\u0131na kendi hik\u00e2yesine uygun olan bir kap\u0131dan \u00e7a\u011fr\u0131l\u0131p giren insan, g\u00fcn geldi d\u00fcnyaya gelme amac\u0131n\u0131 unuttu ve d\u00fcnyadan insanl\u0131\u011f\u0131n\u0131 giyinerek \u00e7\u0131kaca\u011f\u0131 kap\u0131y\u0131 da kaybetti. Kendini sadece bu d\u00fcnyadan ibaret bir varl\u0131k zannederek eksikliklerini ya\u015fam tela\u015f\u0131yla unutmaya \u00e7al\u0131\u015ft\u0131. Aceleci, h\u0131zl\u0131 ve savurgan davranarak d\u00fc\u015f\u00fcnmeden hareket etti ve olaylara nefsani anlamlar katt\u0131. Katt\u0131\u011f\u0131 anlamlarla esareti yaratt\u0131 kendine, gecenin i\u00e7indeki huzuru ka\u00e7\u0131rd\u0131. Uyumad\u0131, uyuyamad\u0131. G\u00fcn \u0131\u015f\u0131\u011f\u0131yla da kendinden ka\u00e7arcas\u0131na hep ba\u015fkalar\u0131na ko\u015ftu ve kendini bilmekten uzakla\u015ft\u0131. B\u00f6ylece s\u0131rra v\u00e2k\u0131f olamad\u0131. Oysa s\u0131r bilinmek isteyen hazinenin \u0131\u015f\u0131lt\u0131s\u0131n\u0131 ta\u015f\u0131yan insana verilmi\u015fti. Nas\u0131l ki cam, S\u0131r\u2019lanarak derinlik kazanm\u0131\u015f, g\u00f6r\u00fcn\u00fcr ve g\u00f6rd\u00fc\u011f\u00fcn\u00fc yans\u0131t\u0131r olmu\u015f, bu da cam\u0131n de\u011ferini art\u0131rm\u0131\u015f ise, insan\u0131n \u00fczerinde ta\u015f\u0131d\u0131\u011f\u0131 S\u0131r da t\u0131pk\u0131 bu durum gibi onun de\u011ferine de\u011fer katm\u0131\u015ft\u0131. \u00c2dem\u2019i derinle\u015ftirmi\u015f ve kendinden yans\u0131yan \u00e2lemden kendini seyretmesini sa\u011flam\u0131\u015ft\u0131. Lakin bu S\u0131r\u2019a ula\u015fman\u0131n yolu insan\u0131n kendi \u00f6z\u00fcne yol almas\u0131ndan, madde ve manay\u0131 birleyerek taml\u0131\u011fa ula\u015fmas\u0131ndan ge\u00e7iyordu. Bu s\u00fcrecin sonunda da insan, b\u00fct\u00fcn\u00fcn i\u00e7indeki biricikli\u011fini seyrediyor ve i\u00e7indeki cevheri a\u00e7\u0131\u011fa \u00e7\u0131karabiliyordu. Ancak bu durum, Misal \u00c2lemi\u2019nin nurundan a\u00e7\u0131\u011fa \u00e7\u0131kan, hayal ve r\u00fcya ilmine v\u00e2k\u0131f olanlar\u0131n ve g\u00f6nl\u00fc a\u015fkla y\u0131kananlar\u0131n ula\u015fabilece\u011fi bir seviyedir. His mertebesinde \u00e7ok oyaland\u0131k, art\u0131k s\u0131rra yol alma vakti&#8230;<\/p>\n","protected":false},"excerpt":{"rendered":"<p>D\u00fcnya ya\u015fant\u0131s\u0131na kendi hik\u00e2yesine uygun olan bir kap\u0131dan \u00e7a\u011fr\u0131l\u0131p giren insan, g\u00fcn geldi d\u00fcnyaya gelme amac\u0131n\u0131 unuttu ve d\u00fcnyadan insanl\u0131\u011f\u0131n\u0131 giyinerek \u00e7\u0131kaca\u011f\u0131 kap\u0131y\u0131 da kaybetti. Kendini<span class=\"excerpt-hellip\"> [\u2026]<\/span><\/p>\n","protected":false},"featured_media":0,"template":"","meta":{"_monsterinsights_skip_tracking":false,"_monsterinsights_sitenote_active":false,"_monsterinsights_sitenote_note":"","_monsterinsights_sitenote_category":0},"product_brand":[],"product_cat":[12364,12376],"product_tag":[],"class_list":{"0":"post-764289","1":"product","2":"type-product","3":"status-publish","5":"product_cat-genel-konular","6":"product_cat-kisisel-gelisim","7":"pa_cilt-ciltsiz","8":"pa_tur-kitap","9":"pa_yayinevi-destek-yayinlari","10":"pa_yazar-aysegul-harputlu","12":"first","13":"instock","14":"sale","15":"shipping-taxable","16":"purchasable","17":"product-type-simple"},"_links":{"self":[{"href":"https:\/\/roveyayinevi.com.tr\/index.php\/wp-json\/wp\/v2\/product\/764289","targetHints":{"allow":["GET"]}}],"collection":[{"href":"https:\/\/roveyayinevi.com.tr\/index.php\/wp-json\/wp\/v2\/product"}],"about":[{"href":"https:\/\/roveyayinevi.com.tr\/index.php\/wp-json\/wp\/v2\/types\/product"}],"wp:attachment":[{"href":"https:\/\/roveyayinevi.com.tr\/index.php\/wp-json\/wp\/v2\/media?parent=764289"}],"wp:term":[{"taxonomy":"product_brand","embeddable":true,"href":"https:\/\/roveyayinevi.com.tr\/index.php\/wp-json\/wp\/v2\/product_brand?post=764289"},{"taxonomy":"product_cat","embeddable":true,"href":"https:\/\/roveyayinevi.com.tr\/index.php\/wp-json\/wp\/v2\/product_cat?post=764289"},{"taxonomy":"product_tag","embeddable":true,"href":"https:\/\/roveyayinevi.com.tr\/index.php\/wp-json\/wp\/v2\/product_tag?post=764289"}],"curies":[{"name":"wp","href":"https:\/\/api.w.org\/{rel}","templated":true}]}}