{"id":764288,"date":"2025-08-28T11:05:59","date_gmt":"2025-08-28T08:05:59","guid":{"rendered":"https:\/\/roveyayinevi.com.tr\/index.php\/urun\/ferhat-ile-sirin-3\/"},"modified":"2026-04-15T03:30:14","modified_gmt":"2026-04-15T00:30:14","slug":"ferhat-ile-sirin-3","status":"publish","type":"product","link":"https:\/\/roveyayinevi.com.tr\/index.php\/urun\/ferhat-ile-sirin-3\/","title":{"rendered":"Ferhat ile \u015eirin"},"content":{"rendered":"<p>\u201cDerler ki, \u015eirin bir hakan\u0131n k\u0131z\u0131yd\u0131. Hi\u00e7 de de\u011fil. Bir halk k\u0131z\u0131yd\u0131. \u0130\u00e7inizden birinin k\u0131z\u0131yd\u0131. Birinin ye\u011feni, birinin bac\u0131s\u0131, birinin torunuydu. G\u00fczeldi. Bir bakan, bir daha bakmadan edemezdi\u2026 Sevmek, sevilmek yaln\u0131z hakanlar\u0131n, \u015fahlar\u0131n harc\u0131ym\u0131\u015f gibi onu bizden ay\u0131rmak isterler. Ba\u015fka bir yarat\u0131km\u0131\u015f gibi anlat\u0131rlar. Oysa\u2026\u201d Toplumca ger\u00e7ek\u00e7i sanat anlay\u0131\u015f\u0131yla, yal\u0131n bir T\u00fcrk\u00e7e ile eserler veren K\u00f6y Enstit\u00fcl\u00fc ozan Talip Apayd\u0131n, bizleri y\u00fczy\u0131llard\u0131n anlat\u0131larak daha da g\u00fc\u00e7lenen Ferhat ile \u015eirin\u2019in a\u015fk\u0131na konuk ediyor. Ferhat ile \u015eirin\u2019in hik\u00e2yesi; Azerbaycan, \u0130ran ve T\u00fcrk yaz\u0131nlar\u0131nda \u00f6nemli bir yere sahiptir. Bu iki \u00e2\u015f\u0131k hem Divan \u015eiirlerinde hem de T\u00fcrk Halk \u015eiirinde \u00f6nemli fig\u00fcrler haline gelmi\u015f, farkl\u0131 yazarlarca yeniden yorumlanm\u0131\u015f, ortaoyunlar\u0131na, filmlere ve resimlere de konu olmu\u015ftur. Nitekim elinizdeki eserde de T\u00fcrk resminin \u00f6l\u00fcms\u00fcz ismi \u0130brahim Balaban\u2019\u0131n \u00e7izimleri kullan\u0131lm\u0131\u015ft\u0131r. Anadolu\u2019ya y\u00f6nelik ba\u015far\u0131l\u0131 g\u00f6zlemleri olan Talip Apayd\u0131n, ku\u015fkusuz ki Ferhat ile \u015eirin \u00f6yk\u00fcs\u00fc i\u00e7in de ayn\u0131 g\u00fc\u00e7l\u00fc g\u00f6zlem yetene\u011fini kullanm\u0131\u015f, sevmenin Ferhat ile \u015eirin yan\u0131n\u0131 okura sunmu\u015ftur. <\/p>\n","protected":false},"excerpt":{"rendered":"<p>\u201cDerler ki, \u015eirin bir hakan\u0131n k\u0131z\u0131yd\u0131. Hi\u00e7 de de\u011fil. Bir halk k\u0131z\u0131yd\u0131. \u0130\u00e7inizden birinin k\u0131z\u0131yd\u0131. Birinin ye\u011feni, birinin bac\u0131s\u0131, birinin torunuydu. G\u00fczeldi. Bir bakan, bir daha<span class=\"excerpt-hellip\"> [\u2026]<\/span><\/p>\n","protected":false},"featured_media":0,"template":"","meta":{"_monsterinsights_skip_tracking":false,"_monsterinsights_sitenote_active":false,"_monsterinsights_sitenote_note":"","_monsterinsights_sitenote_category":0},"product_brand":[],"product_cat":[12291,12711],"product_tag":[],"class_list":{"0":"post-764288","1":"product","2":"type-product","3":"status-publish","5":"product_cat-edebiyat","6":"product_cat-roman-oyku","7":"pa_cilt-ciltsiz","8":"pa_tur-kitap","9":"pa_yayinevi-cumhuriyet-kitaplari","10":"pa_yazar-talip-apaydin","12":"first","13":"instock","14":"sale","15":"shipping-taxable","16":"purchasable","17":"product-type-simple"},"_links":{"self":[{"href":"https:\/\/roveyayinevi.com.tr\/index.php\/wp-json\/wp\/v2\/product\/764288","targetHints":{"allow":["GET"]}}],"collection":[{"href":"https:\/\/roveyayinevi.com.tr\/index.php\/wp-json\/wp\/v2\/product"}],"about":[{"href":"https:\/\/roveyayinevi.com.tr\/index.php\/wp-json\/wp\/v2\/types\/product"}],"wp:attachment":[{"href":"https:\/\/roveyayinevi.com.tr\/index.php\/wp-json\/wp\/v2\/media?parent=764288"}],"wp:term":[{"taxonomy":"product_brand","embeddable":true,"href":"https:\/\/roveyayinevi.com.tr\/index.php\/wp-json\/wp\/v2\/product_brand?post=764288"},{"taxonomy":"product_cat","embeddable":true,"href":"https:\/\/roveyayinevi.com.tr\/index.php\/wp-json\/wp\/v2\/product_cat?post=764288"},{"taxonomy":"product_tag","embeddable":true,"href":"https:\/\/roveyayinevi.com.tr\/index.php\/wp-json\/wp\/v2\/product_tag?post=764288"}],"curies":[{"name":"wp","href":"https:\/\/api.w.org\/{rel}","templated":true}]}}