{"id":764278,"date":"2025-08-28T11:05:38","date_gmt":"2025-08-28T08:05:38","guid":{"rendered":"https:\/\/roveyayinevi.com.tr\/index.php\/urun\/yunus-emreyi-anlamak\/"},"modified":"2026-04-15T03:30:14","modified_gmt":"2026-04-15T00:30:14","slug":"yunus-emreyi-anlamak","status":"publish","type":"product","link":"https:\/\/roveyayinevi.com.tr\/index.php\/urun\/yunus-emreyi-anlamak\/","title":{"rendered":"Yunus Emre\u2019yi Anlamak"},"content":{"rendered":"<p>Bu eserde Yunus Emre\u2019nin hayat hik\u00e2yesi, bir T\u00fcrk ayd\u0131n\u0131, mill\u00ee birli\u011fi sa\u011flayan bir millet \u00f6nderi olu\u015fu, g\u00fcncelli\u011fini korumas\u0131, mill\u00ee birli\u011fi sa\u011flamadaki rol\u00fc, mill\u00ee birli\u011fi sa\u011flamada T\u00fcrk\u00e7eye \u00f6nem vermesi, milletle\u015fmede \u0130slam\u2019\u0131n b\u00fcy\u00fck kayna\u015ft\u0131r\u0131c\u0131 rol\u00fcne yer vermesi, aktif bir uyar\u0131c\u0131 millet ayd\u0131n\u0131 olu\u015fu, yerle\u015fik medeniyet yay\u0131c\u0131s\u0131 olu\u015fu, bar\u0131\u015f\u00e7\u0131 ki\u015fili\u011fi, Mo\u011fol emperyalizmine kar\u015f\u0131 direnmesi, Bacon\u2019la kar\u015f\u0131la\u015ft\u0131r\u0131lmas\u0131, panteist olup olmamas\u0131, insan sevgisi ve h\u00fcmanistli\u011fi meselesi, onda T\u00fcrk devlet felsefesi, milliyet duygusu, tasavvuf\u00ee duyarl\u0131l\u0131k, tabiat alg\u0131s\u0131 gibi konular i\u015flenmi\u015ftir.<\/p>\n","protected":false},"excerpt":{"rendered":"<p>Bu eserde Yunus Emre\u2019nin hayat hik\u00e2yesi, bir T\u00fcrk ayd\u0131n\u0131, mill\u00ee birli\u011fi sa\u011flayan bir millet \u00f6nderi olu\u015fu, g\u00fcncelli\u011fini korumas\u0131, mill\u00ee birli\u011fi sa\u011flamadaki rol\u00fc, mill\u00ee birli\u011fi sa\u011flamada T\u00fcrk\u00e7eye<span class=\"excerpt-hellip\"> [\u2026]<\/span><\/p>\n","protected":false},"featured_media":0,"template":"","meta":{"_monsterinsights_skip_tracking":false,"_monsterinsights_sitenote_active":false,"_monsterinsights_sitenote_note":"","_monsterinsights_sitenote_category":0},"product_brand":[],"product_cat":[13072,12291],"product_tag":[],"class_list":{"0":"post-764278","1":"product","2":"type-product","3":"status-publish","5":"product_cat-arastirma-inceleme-referans","6":"product_cat-edebiyat","7":"pa_cilt-ciltsiz","8":"pa_tur-kitap","9":"pa_yayinevi-bilgekut-yayinlari","10":"pa_yazar-prof-dr-nurullah-cetin","12":"first","13":"instock","14":"sale","15":"shipping-taxable","16":"purchasable","17":"product-type-simple"},"_links":{"self":[{"href":"https:\/\/roveyayinevi.com.tr\/index.php\/wp-json\/wp\/v2\/product\/764278","targetHints":{"allow":["GET"]}}],"collection":[{"href":"https:\/\/roveyayinevi.com.tr\/index.php\/wp-json\/wp\/v2\/product"}],"about":[{"href":"https:\/\/roveyayinevi.com.tr\/index.php\/wp-json\/wp\/v2\/types\/product"}],"wp:attachment":[{"href":"https:\/\/roveyayinevi.com.tr\/index.php\/wp-json\/wp\/v2\/media?parent=764278"}],"wp:term":[{"taxonomy":"product_brand","embeddable":true,"href":"https:\/\/roveyayinevi.com.tr\/index.php\/wp-json\/wp\/v2\/product_brand?post=764278"},{"taxonomy":"product_cat","embeddable":true,"href":"https:\/\/roveyayinevi.com.tr\/index.php\/wp-json\/wp\/v2\/product_cat?post=764278"},{"taxonomy":"product_tag","embeddable":true,"href":"https:\/\/roveyayinevi.com.tr\/index.php\/wp-json\/wp\/v2\/product_tag?post=764278"}],"curies":[{"name":"wp","href":"https:\/\/api.w.org\/{rel}","templated":true}]}}