{"id":764277,"date":"2025-08-28T11:05:36","date_gmt":"2025-08-28T08:05:36","guid":{"rendered":"https:\/\/roveyayinevi.com.tr\/index.php\/urun\/turk-edebiyatinda-turan\/"},"modified":"2026-04-15T03:30:14","modified_gmt":"2026-04-15T00:30:14","slug":"turk-edebiyatinda-turan","status":"publish","type":"product","link":"https:\/\/roveyayinevi.com.tr\/index.php\/urun\/turk-edebiyatinda-turan\/","title":{"rendered":"T\u00fcrk Edebiyat\u0131nda Turan"},"content":{"rendered":"<p>Bu eserde Atat\u00fcrk\u2019\u00fcn Turanc\u0131l\u0131\u011f\u0131, Turan terimi, Turanc\u0131l\u0131k fikrinin ortaya \u00e7\u0131k\u0131\u015f\u0131, Turanc\u0131l\u0131k t\u00fcrleri, Turanc\u0131 kurumsal de\u011fer ve yap\u0131lar, dilde, fikirde, i\u015fte birli\u011fin m\u00fcmk\u00fcn yollar\u0131, T\u00fcrk birli\u011finin e\u011fitim zemini, k\u00fclt\u00fcrel zemini, T\u00fcrk birli\u011fi i\u00e7in bir ortak de\u011fer zemini olarak edebiyat, d\u00fcnya T\u00fcrkl\u00fc\u011f\u00fcn\u00fcn edebiyat birli\u011fi i\u00e7in \u00f6neriler, Turanc\u0131 mill\u00ee edebiyat, Ziya G\u00f6kalp\u2019ta Turanc\u0131l\u0131k d\u00fc\u015f\u00fcncesi, T\u00fcrk \u015fiirinde Turanc\u0131l\u0131k alg\u0131s\u0131, \u00d6mer Seyfeddin\u2019de Turanc\u0131l\u0131k d\u00fc\u015f\u00fcncesi, T\u00fcrk roman\u0131nda Turanc\u0131l\u0131k gibi konular i\u015flenmi\u015ftir.<\/p>\n","protected":false},"excerpt":{"rendered":"<p>Bu eserde Atat\u00fcrk\u2019\u00fcn Turanc\u0131l\u0131\u011f\u0131, Turan terimi, Turanc\u0131l\u0131k fikrinin ortaya \u00e7\u0131k\u0131\u015f\u0131, Turanc\u0131l\u0131k t\u00fcrleri, Turanc\u0131 kurumsal de\u011fer ve yap\u0131lar, dilde, fikirde, i\u015fte birli\u011fin m\u00fcmk\u00fcn yollar\u0131, T\u00fcrk birli\u011finin e\u011fitim<span class=\"excerpt-hellip\"> [\u2026]<\/span><\/p>\n","protected":false},"featured_media":0,"template":"","meta":{"_monsterinsights_skip_tracking":false,"_monsterinsights_sitenote_active":false,"_monsterinsights_sitenote_note":"","_monsterinsights_sitenote_category":0},"product_brand":[],"product_cat":[13072,12291],"product_tag":[],"class_list":{"0":"post-764277","1":"product","2":"type-product","3":"status-publish","5":"product_cat-arastirma-inceleme-referans","6":"product_cat-edebiyat","7":"pa_cilt-ciltsiz","8":"pa_tur-kitap","9":"pa_yayinevi-bilgekut-yayinlari","10":"pa_yazar-prof-dr-nurullah-cetin","12":"first","13":"instock","14":"sale","15":"shipping-taxable","16":"purchasable","17":"product-type-simple"},"_links":{"self":[{"href":"https:\/\/roveyayinevi.com.tr\/index.php\/wp-json\/wp\/v2\/product\/764277","targetHints":{"allow":["GET"]}}],"collection":[{"href":"https:\/\/roveyayinevi.com.tr\/index.php\/wp-json\/wp\/v2\/product"}],"about":[{"href":"https:\/\/roveyayinevi.com.tr\/index.php\/wp-json\/wp\/v2\/types\/product"}],"wp:attachment":[{"href":"https:\/\/roveyayinevi.com.tr\/index.php\/wp-json\/wp\/v2\/media?parent=764277"}],"wp:term":[{"taxonomy":"product_brand","embeddable":true,"href":"https:\/\/roveyayinevi.com.tr\/index.php\/wp-json\/wp\/v2\/product_brand?post=764277"},{"taxonomy":"product_cat","embeddable":true,"href":"https:\/\/roveyayinevi.com.tr\/index.php\/wp-json\/wp\/v2\/product_cat?post=764277"},{"taxonomy":"product_tag","embeddable":true,"href":"https:\/\/roveyayinevi.com.tr\/index.php\/wp-json\/wp\/v2\/product_tag?post=764277"}],"curies":[{"name":"wp","href":"https:\/\/api.w.org\/{rel}","templated":true}]}}