{"id":764276,"date":"2025-08-28T11:05:34","date_gmt":"2025-08-28T08:05:34","guid":{"rendered":"https:\/\/roveyayinevi.com.tr\/index.php\/urun\/yanik-kalem\/"},"modified":"2026-04-15T03:30:14","modified_gmt":"2026-04-15T00:30:14","slug":"yanik-kalem","status":"publish","type":"product","link":"https:\/\/roveyayinevi.com.tr\/index.php\/urun\/yanik-kalem\/","title":{"rendered":"Yan\u0131k Kalem"},"content":{"rendered":"<p>YAKTINZaten yakt\u0131n beni&#8230;Ate\u015f olsan da olmasan da bildi\u011fin gibi&#8230;K\u0131v\u0131lc\u0131m olman gerekmez ki,Ate\u015flemek i\u00e7in sana hasret y\u00fcre\u011fimi.\u0130\u00e7im bir yang\u0131n yeri&#8230;Dokunsan da tutu\u015fmu\u015f,Dokunmasan da&#8230;Y\u0131k\u0131k bir harabe gibi.\u0130\u00e7im s\u00f6nmeyece\u011fini bildi\u011fin, bir yang\u0131n yeriGel beni kurtar der gibi&#8230;<\/p>\n","protected":false},"excerpt":{"rendered":"<p>YAKTINZaten yakt\u0131n beni&#8230;Ate\u015f olsan da olmasan da bildi\u011fin gibi&#8230;K\u0131v\u0131lc\u0131m olman gerekmez ki,Ate\u015flemek i\u00e7in sana hasret y\u00fcre\u011fimi.\u0130\u00e7im bir yang\u0131n yeri&#8230;Dokunsan da tutu\u015fmu\u015f,Dokunmasan da&#8230;Y\u0131k\u0131k bir harabe gibi.\u0130\u00e7im s\u00f6nmeyece\u011fini<span class=\"excerpt-hellip\"> [\u2026]<\/span><\/p>\n","protected":false},"featured_media":0,"template":"","meta":{"_monsterinsights_skip_tracking":false,"_monsterinsights_sitenote_active":false,"_monsterinsights_sitenote_note":"","_monsterinsights_sitenote_category":0},"product_brand":[],"product_cat":[12291,12509],"product_tag":[],"class_list":{"0":"post-764276","1":"product","2":"type-product","3":"status-publish","5":"product_cat-edebiyat","6":"product_cat-siir","7":"pa_cilt-ciltsiz","8":"pa_tur-kitap","9":"pa_yayinevi-imbik-yayinlari","10":"pa_yazar-gulay-ozdemir","12":"first","13":"instock","14":"sale","15":"shipping-taxable","16":"purchasable","17":"product-type-simple"},"_links":{"self":[{"href":"https:\/\/roveyayinevi.com.tr\/index.php\/wp-json\/wp\/v2\/product\/764276","targetHints":{"allow":["GET"]}}],"collection":[{"href":"https:\/\/roveyayinevi.com.tr\/index.php\/wp-json\/wp\/v2\/product"}],"about":[{"href":"https:\/\/roveyayinevi.com.tr\/index.php\/wp-json\/wp\/v2\/types\/product"}],"wp:attachment":[{"href":"https:\/\/roveyayinevi.com.tr\/index.php\/wp-json\/wp\/v2\/media?parent=764276"}],"wp:term":[{"taxonomy":"product_brand","embeddable":true,"href":"https:\/\/roveyayinevi.com.tr\/index.php\/wp-json\/wp\/v2\/product_brand?post=764276"},{"taxonomy":"product_cat","embeddable":true,"href":"https:\/\/roveyayinevi.com.tr\/index.php\/wp-json\/wp\/v2\/product_cat?post=764276"},{"taxonomy":"product_tag","embeddable":true,"href":"https:\/\/roveyayinevi.com.tr\/index.php\/wp-json\/wp\/v2\/product_tag?post=764276"}],"curies":[{"name":"wp","href":"https:\/\/api.w.org\/{rel}","templated":true}]}}