{"id":764275,"date":"2025-08-28T11:05:32","date_gmt":"2025-08-28T08:05:32","guid":{"rendered":"https:\/\/roveyayinevi.com.tr\/index.php\/urun\/turk-aydinlarinin-genclik-tasarimi\/"},"modified":"2026-04-15T03:30:14","modified_gmt":"2026-04-15T00:30:14","slug":"turk-aydinlarinin-genclik-tasarimi","status":"publish","type":"product","link":"https:\/\/roveyayinevi.com.tr\/index.php\/urun\/turk-aydinlarinin-genclik-tasarimi\/","title":{"rendered":"T\u00fcrk Ayd\u0131nlar\u0131n\u0131n Gen\u00e7lik Tasar\u0131m\u0131"},"content":{"rendered":"<p>Bu kitapta Tevfik Fikret, Mehmet Akif Ersoy, Ziya G\u00f6kalp, Mustafa Kemal Atat\u00fcrk ve Necip Faz\u0131l K\u0131sak\u00fcrek\u2019in gen\u00e7lik anlay\u0131\u015f\u0131, nas\u0131l bir gen\u00e7lik tasarlad\u0131klar\u0131, gen\u00e7likte arad\u0131klar\u0131 \u00f6zellikler, ideal gen\u00e7lik tipi i\u00e7in \u00f6ng\u00f6rd\u00fckleri temel de\u011ferler ayr\u0131nt\u0131l\u0131 bi\u00e7imde ele al\u0131n\u0131p irdelenmi\u015ftir.<\/p>\n","protected":false},"excerpt":{"rendered":"<p>Bu kitapta Tevfik Fikret, Mehmet Akif Ersoy, Ziya G\u00f6kalp, Mustafa Kemal Atat\u00fcrk ve Necip Faz\u0131l K\u0131sak\u00fcrek\u2019in gen\u00e7lik anlay\u0131\u015f\u0131, nas\u0131l bir gen\u00e7lik tasarlad\u0131klar\u0131, gen\u00e7likte arad\u0131klar\u0131 \u00f6zellikler, ideal<span class=\"excerpt-hellip\"> [\u2026]<\/span><\/p>\n","protected":false},"featured_media":0,"template":"","meta":{"_monsterinsights_skip_tracking":false,"_monsterinsights_sitenote_active":false,"_monsterinsights_sitenote_note":"","_monsterinsights_sitenote_category":0},"product_brand":[],"product_cat":[13072,12291],"product_tag":[],"class_list":{"0":"post-764275","1":"product","2":"type-product","3":"status-publish","5":"product_cat-arastirma-inceleme-referans","6":"product_cat-edebiyat","7":"pa_cilt-ciltsiz","8":"pa_tur-kitap","9":"pa_yayinevi-bilgekut-yayinlari","10":"pa_yazar-prof-dr-nurullah-cetin","12":"first","13":"instock","14":"sale","15":"shipping-taxable","16":"purchasable","17":"product-type-simple"},"_links":{"self":[{"href":"https:\/\/roveyayinevi.com.tr\/index.php\/wp-json\/wp\/v2\/product\/764275","targetHints":{"allow":["GET"]}}],"collection":[{"href":"https:\/\/roveyayinevi.com.tr\/index.php\/wp-json\/wp\/v2\/product"}],"about":[{"href":"https:\/\/roveyayinevi.com.tr\/index.php\/wp-json\/wp\/v2\/types\/product"}],"wp:attachment":[{"href":"https:\/\/roveyayinevi.com.tr\/index.php\/wp-json\/wp\/v2\/media?parent=764275"}],"wp:term":[{"taxonomy":"product_brand","embeddable":true,"href":"https:\/\/roveyayinevi.com.tr\/index.php\/wp-json\/wp\/v2\/product_brand?post=764275"},{"taxonomy":"product_cat","embeddable":true,"href":"https:\/\/roveyayinevi.com.tr\/index.php\/wp-json\/wp\/v2\/product_cat?post=764275"},{"taxonomy":"product_tag","embeddable":true,"href":"https:\/\/roveyayinevi.com.tr\/index.php\/wp-json\/wp\/v2\/product_tag?post=764275"}],"curies":[{"name":"wp","href":"https:\/\/api.w.org\/{rel}","templated":true}]}}