{"id":764273,"date":"2025-08-28T11:05:30","date_gmt":"2025-08-28T08:05:30","guid":{"rendered":"https:\/\/roveyayinevi.com.tr\/index.php\/urun\/sor-coz\/"},"modified":"2026-04-15T03:30:13","modified_gmt":"2026-04-15T00:30:13","slug":"sor-coz","status":"publish","type":"product","link":"https:\/\/roveyayinevi.com.tr\/index.php\/urun\/sor-coz\/","title":{"rendered":"Sor &#8211; \u00c7\u00f6z"},"content":{"rendered":"<p>\u201cSor-\u00c7\u00f6z Y\u00f6ntemiyle \u0130li\u015fki Sorunlar\u0131 ve \u00c7\u00f6z\u00fcmleri\u201d kitab\u0131, ili\u015fkilerde kar\u015f\u0131la\u015f\u0131lan sorunlara pratik ve yenilik\u00e7i \u00e7\u00f6z\u00fcmler sunan bir rehber olarak \u00f6ne \u00e7\u0131k\u0131yor. Psikoloji ve ileti\u015fim alanlar\u0131nda \u00f6d\u00fcll\u00fc uzman yazar Ekrem \u00c7ulfa taraf\u0131ndan kaleme al\u0131nan bu eser, ili\u015fkilerde s\u0131k\u00e7a rastlanan problemleri derinlemesine ele alarak okuyuculara bu sorunlar\u0131 a\u015fmalar\u0131 i\u00e7in etkili y\u00f6ntemler \u00f6nermektedir. Kitap, herkesin kendi ili\u015fkisinde uygulayabilece\u011fi basit ama g\u00fc\u00e7l\u00fc tekniklerle doludur. Kitab\u0131n temelini olu\u015fturan \u201cSor-\u00c7\u00f6z Y\u00f6ntemi\u201d, okuyucular\u0131n kendi ili\u015fkilerinde kar\u015f\u0131la\u015ft\u0131klar\u0131 spesifik sorunlar\u0131 tan\u0131mlamalar\u0131na ve bu sorunlara uygun \u00e7\u00f6z\u00fcm yollar\u0131n\u0131 bulmalar\u0131na olanak tan\u0131r. Bu sayede, okuyucular hem kendilerini hem de partnerlerini daha iyi anlama f\u0131rsat\u0131 bulacaklar. Kitap ayr\u0131ca, anla\u015fmazl\u0131klar, g\u00fcven sorunlar\u0131, ileti\u015fim eksiklikleri gibi konular\u0131 irdelerken; partnerler aras\u0131ndaki ba\u011f\u0131n g\u00fc\u00e7lenmesine yard\u0131mc\u0131 olacak \u00f6nerilerde de bulunur. \u201cSor-\u00c7\u00f6z Y\u00f6ntemiyle \u0130li\u015fki Sorunlar\u0131 ve \u00c7\u00f6z\u00fcmleri\u201d kitab\u0131, \u00e7iftlerin birbirleriyle daha sa\u011fl\u0131kl\u0131 ileti\u015fim kurmalar\u0131n\u0131 sa\u011flayacak pratik egzersizler sunar ve ger\u00e7ek hayat \u00f6rnekleri ile uygulamal\u0131 tavsiyeler vererek okuyucular\u0131n ili\u015fkilerini daha mutlu ve tatmin edici bir hale getirmelerine yard\u0131mc\u0131 olur. Kitap; evli \u00e7iftlerden yeni tan\u0131\u015fanlara, uzun s\u00fcreli ili\u015fkisi olanlardan ayr\u0131l\u0131\u011f\u0131 d\u00fc\u015f\u00fcnenlere kadar geni\u015f bir yelpazedeki insanlara hitap ediyor ve her t\u00fcrl\u00fc ili\u015fki durumunda kar\u015f\u0131la\u015f\u0131labilecek zorluklar\u0131n \u00fcstesinden gelmek i\u00e7in gerekli bilgi ve becerileri sunmay\u0131 ama\u00e7l\u0131yor. Bu eserle ilgili olarak; e\u011fer siz de ili\u015fkinizde kar\u015f\u0131la\u015ft\u0131\u011f\u0131n\u0131z sorunlar\u0131n \u00fcstesinden gelmek, partnerinizle daha derin bir ba\u011f kurmak ya da sadece mutlu ve sa\u011fl\u0131kl\u0131 bir ili\u015fki i\u00e7in ipu\u00e7lar\u0131 ar\u0131yorsan\u0131z, \u201cSor-\u00c7\u00f6z Y\u00f6ntemiyle \u0130li\u015fki Sorunlar\u0131 ve \u00c7\u00f6z\u00fcmleri\u201d kitab\u0131n\u0131n size \u00e7ok \u015fey kataca\u011f\u0131na emin olabilirsiniz. Kendinizle ve \u0130li\u015fkinizle Bar\u0131\u015f\u0131k Kalman\u0131z Dile\u011fiyle&#8230;<\/p>\n","protected":false},"excerpt":{"rendered":"<p>\u201cSor-\u00c7\u00f6z Y\u00f6ntemiyle \u0130li\u015fki Sorunlar\u0131 ve \u00c7\u00f6z\u00fcmleri\u201d kitab\u0131, ili\u015fkilerde kar\u015f\u0131la\u015f\u0131lan sorunlara pratik ve yenilik\u00e7i \u00e7\u00f6z\u00fcmler sunan bir rehber olarak \u00f6ne \u00e7\u0131k\u0131yor. Psikoloji ve ileti\u015fim alanlar\u0131nda \u00f6d\u00fcll\u00fc uzman<span class=\"excerpt-hellip\"> [\u2026]<\/span><\/p>\n","protected":false},"featured_media":0,"template":"","meta":{"_monsterinsights_skip_tracking":false,"_monsterinsights_sitenote_active":false,"_monsterinsights_sitenote_note":"","_monsterinsights_sitenote_category":0},"product_brand":[],"product_cat":[12364,12376],"product_tag":[],"class_list":{"0":"post-764273","1":"product","2":"type-product","3":"status-publish","5":"product_cat-genel-konular","6":"product_cat-kisisel-gelisim","7":"pa_cilt-ciltsiz","8":"pa_tur-kitap","9":"pa_yayinevi-bilgekut-yayinlari","10":"pa_yazar-ekrem-culfa","12":"first","13":"instock","14":"sale","15":"shipping-taxable","16":"purchasable","17":"product-type-simple"},"_links":{"self":[{"href":"https:\/\/roveyayinevi.com.tr\/index.php\/wp-json\/wp\/v2\/product\/764273","targetHints":{"allow":["GET"]}}],"collection":[{"href":"https:\/\/roveyayinevi.com.tr\/index.php\/wp-json\/wp\/v2\/product"}],"about":[{"href":"https:\/\/roveyayinevi.com.tr\/index.php\/wp-json\/wp\/v2\/types\/product"}],"wp:attachment":[{"href":"https:\/\/roveyayinevi.com.tr\/index.php\/wp-json\/wp\/v2\/media?parent=764273"}],"wp:term":[{"taxonomy":"product_brand","embeddable":true,"href":"https:\/\/roveyayinevi.com.tr\/index.php\/wp-json\/wp\/v2\/product_brand?post=764273"},{"taxonomy":"product_cat","embeddable":true,"href":"https:\/\/roveyayinevi.com.tr\/index.php\/wp-json\/wp\/v2\/product_cat?post=764273"},{"taxonomy":"product_tag","embeddable":true,"href":"https:\/\/roveyayinevi.com.tr\/index.php\/wp-json\/wp\/v2\/product_tag?post=764273"}],"curies":[{"name":"wp","href":"https:\/\/api.w.org\/{rel}","templated":true}]}}