{"id":764272,"date":"2025-08-28T11:05:28","date_gmt":"2025-08-28T08:05:28","guid":{"rendered":"https:\/\/roveyayinevi.com.tr\/index.php\/urun\/sezai-karakocu-anlamak\/"},"modified":"2026-04-15T03:30:13","modified_gmt":"2026-04-15T00:30:13","slug":"sezai-karakocu-anlamak","status":"publish","type":"product","link":"https:\/\/roveyayinevi.com.tr\/index.php\/urun\/sezai-karakocu-anlamak\/","title":{"rendered":"Sezai Karako\u00e7\u2019u Anlamak"},"content":{"rendered":"<p>Bu eserde T\u00fcrk \u015fairi, yazar\u0131, d\u00fc\u015f\u00fcn\u00fcr\u00fc Sezai Karako\u00e7\u2019un poetikas\u0131, dirili\u015f tezi, \u015fiirlerinde \u015fehirler \u00fczerinden iki medeniyet kar\u015f\u0131tl\u0131\u011f\u0131, onda gelenekten yararlanma ve Leyla ile Mecnun \u00f6rne\u011fi, \u015eahdamar adl\u0131 eseri, \u201cY\u0131lan\u201d adl\u0131 \u015fiirinin tahlili \u00fczerinde durulmu\u015ftur.<\/p>\n","protected":false},"excerpt":{"rendered":"<p>Bu eserde T\u00fcrk \u015fairi, yazar\u0131, d\u00fc\u015f\u00fcn\u00fcr\u00fc Sezai Karako\u00e7\u2019un poetikas\u0131, dirili\u015f tezi, \u015fiirlerinde \u015fehirler \u00fczerinden iki medeniyet kar\u015f\u0131tl\u0131\u011f\u0131, onda gelenekten yararlanma ve Leyla ile Mecnun \u00f6rne\u011fi, \u015eahdamar<span class=\"excerpt-hellip\"> [\u2026]<\/span><\/p>\n","protected":false},"featured_media":0,"template":"","meta":{"_monsterinsights_skip_tracking":false,"_monsterinsights_sitenote_active":false,"_monsterinsights_sitenote_note":"","_monsterinsights_sitenote_category":0},"product_brand":[],"product_cat":[13072,12291],"product_tag":[],"class_list":{"0":"post-764272","1":"product","2":"type-product","3":"status-publish","5":"product_cat-arastirma-inceleme-referans","6":"product_cat-edebiyat","7":"pa_cilt-ciltsiz","8":"pa_tur-kitap","9":"pa_yayinevi-bilgekut-yayinlari","10":"pa_yazar-nurullah-cetin","12":"first","13":"instock","14":"sale","15":"shipping-taxable","16":"purchasable","17":"product-type-simple"},"_links":{"self":[{"href":"https:\/\/roveyayinevi.com.tr\/index.php\/wp-json\/wp\/v2\/product\/764272","targetHints":{"allow":["GET"]}}],"collection":[{"href":"https:\/\/roveyayinevi.com.tr\/index.php\/wp-json\/wp\/v2\/product"}],"about":[{"href":"https:\/\/roveyayinevi.com.tr\/index.php\/wp-json\/wp\/v2\/types\/product"}],"wp:attachment":[{"href":"https:\/\/roveyayinevi.com.tr\/index.php\/wp-json\/wp\/v2\/media?parent=764272"}],"wp:term":[{"taxonomy":"product_brand","embeddable":true,"href":"https:\/\/roveyayinevi.com.tr\/index.php\/wp-json\/wp\/v2\/product_brand?post=764272"},{"taxonomy":"product_cat","embeddable":true,"href":"https:\/\/roveyayinevi.com.tr\/index.php\/wp-json\/wp\/v2\/product_cat?post=764272"},{"taxonomy":"product_tag","embeddable":true,"href":"https:\/\/roveyayinevi.com.tr\/index.php\/wp-json\/wp\/v2\/product_tag?post=764272"}],"curies":[{"name":"wp","href":"https:\/\/api.w.org\/{rel}","templated":true}]}}