{"id":764271,"date":"2025-08-28T11:05:25","date_gmt":"2025-08-28T08:05:25","guid":{"rendered":"https:\/\/roveyayinevi.com.tr\/index.php\/urun\/sevda-ruzgarlari-esiyor\/"},"modified":"2026-04-15T03:30:13","modified_gmt":"2026-04-15T00:30:13","slug":"sevda-ruzgarlari-esiyor","status":"publish","type":"product","link":"https:\/\/roveyayinevi.com.tr\/index.php\/urun\/sevda-ruzgarlari-esiyor\/","title":{"rendered":"Sevda R\u00fczgarlar\u0131 Esiyor"},"content":{"rendered":"<p>Amasya iline ba\u011fl\u0131 G\u00fcm\u00fc\u015fhac\u0131k\u00f6y il\u00e7esi Yemi\u015fen k\u00f6y\u00fcnde 1972 y\u0131l\u0131nda d\u00fcnyaya geldi. Daha sonra k\u00f6y\u00fc Hamam\u00f6z\u00fc\u2019n\u00fcn il\u00e7e olmas\u0131yla Hamam\u00f6z\u00fc\u2019ne ba\u011fland\u0131. \u0130lkokul 1 ve 2 s\u0131n\u0131f\u0131 Yemi\u015fen k\u00f6y\u00fcnde; 3,4,5 s\u0131n\u0131f\u0131 Ankara Mamak Abidinpa\u015fa\u2019da Malazgirt ilkokuluna bitirdi. Ortaokulu ayn\u0131 semtte 29 Ekim ortaokulunda, Liseyi Abidinpa\u015fa End\u00fcstri Meslek Lisesi elektronik b\u00f6l\u00fcm\u00fcnde okudu. Bu kitaptaki \u015fiirleri ilkokul ve lise y\u0131llar\u0131 aras\u0131nda yazd\u0131\u011f\u0131 \u015fiirlerden olu\u015fmaktad\u0131r. Daha sonra \u00f6zel bir \u015firkette elektronik teknisyeni olarak \u00e7al\u0131\u015ft\u0131. Askerden geldikten sonra kendi kurdu\u011fu \u015firkette \u00e7al\u0131\u015fmaya devam etmekte. Suna Han\u0131m ile evli. Ozan ve Eyl\u00fcl ad\u0131nda iki \u00e7ocu\u011fu var.Sevda r\u00fczg\u00e2rlar\u0131 esiyorSevda da\u011f\u0131n\u0131n doru\u011fundan\u00dcst\u00fcm\u00fczden gelip ge\u00e7iyorKokusu bize u\u011framadan.Yakup G\u00f6kta\u015f (Acemi Ozan)<\/p>\n","protected":false},"excerpt":{"rendered":"<p>Amasya iline ba\u011fl\u0131 G\u00fcm\u00fc\u015fhac\u0131k\u00f6y il\u00e7esi Yemi\u015fen k\u00f6y\u00fcnde 1972 y\u0131l\u0131nda d\u00fcnyaya geldi. Daha sonra k\u00f6y\u00fc Hamam\u00f6z\u00fc\u2019n\u00fcn il\u00e7e olmas\u0131yla Hamam\u00f6z\u00fc\u2019ne ba\u011fland\u0131. \u0130lkokul 1 ve 2 s\u0131n\u0131f\u0131 Yemi\u015fen k\u00f6y\u00fcnde;<span class=\"excerpt-hellip\"> [\u2026]<\/span><\/p>\n","protected":false},"featured_media":0,"template":"","meta":{"_monsterinsights_skip_tracking":false,"_monsterinsights_sitenote_active":false,"_monsterinsights_sitenote_note":"","_monsterinsights_sitenote_category":0},"product_brand":[],"product_cat":[12291,12509],"product_tag":[],"class_list":{"0":"post-764271","1":"product","2":"type-product","3":"status-publish","5":"product_cat-edebiyat","6":"product_cat-siir","7":"pa_cilt-ciltsiz","8":"pa_tur-kitap","9":"pa_yayinevi-imbik-yayinlari","10":"pa_yazar-yakup-goktas","12":"first","13":"instock","14":"sale","15":"shipping-taxable","16":"purchasable","17":"product-type-simple"},"_links":{"self":[{"href":"https:\/\/roveyayinevi.com.tr\/index.php\/wp-json\/wp\/v2\/product\/764271","targetHints":{"allow":["GET"]}}],"collection":[{"href":"https:\/\/roveyayinevi.com.tr\/index.php\/wp-json\/wp\/v2\/product"}],"about":[{"href":"https:\/\/roveyayinevi.com.tr\/index.php\/wp-json\/wp\/v2\/types\/product"}],"wp:attachment":[{"href":"https:\/\/roveyayinevi.com.tr\/index.php\/wp-json\/wp\/v2\/media?parent=764271"}],"wp:term":[{"taxonomy":"product_brand","embeddable":true,"href":"https:\/\/roveyayinevi.com.tr\/index.php\/wp-json\/wp\/v2\/product_brand?post=764271"},{"taxonomy":"product_cat","embeddable":true,"href":"https:\/\/roveyayinevi.com.tr\/index.php\/wp-json\/wp\/v2\/product_cat?post=764271"},{"taxonomy":"product_tag","embeddable":true,"href":"https:\/\/roveyayinevi.com.tr\/index.php\/wp-json\/wp\/v2\/product_tag?post=764271"}],"curies":[{"name":"wp","href":"https:\/\/api.w.org\/{rel}","templated":true}]}}