{"id":764270,"date":"2025-08-28T11:05:23","date_gmt":"2025-08-28T08:05:23","guid":{"rendered":"https:\/\/roveyayinevi.com.tr\/index.php\/urun\/postalanmamis-mektuplar\/"},"modified":"2026-04-15T03:30:13","modified_gmt":"2026-04-15T00:30:13","slug":"postalanmamis-mektuplar","status":"publish","type":"product","link":"https:\/\/roveyayinevi.com.tr\/index.php\/urun\/postalanmamis-mektuplar\/","title":{"rendered":"Postalanmam\u0131\u015f Mektuplar"},"content":{"rendered":"<p>POSTALANMAMI\u015e MEKTUPLARSen hi\u00e7 g\u00f6nderemeyece\u011fini bile bile,Binlerce mektup yazd\u0131n m\u0131 sevdi\u011fine?G\u00fcl kokulu sand\u0131\u011f\u0131nda saklad\u0131n m\u0131?G\u00fcn gelir belki veririm diye.\u0130\u015fte o mektuplardan okunmay\u0131 bekleyen,Mektuplar\u0131n var&#8230;Her g\u00fcn senin i\u00e7in karalanm\u0131\u015fDizelerin sat\u0131r aralar\u0131nda hi\u00e7 eskimemi\u015f sevgin,Seni ya\u015fayarak, sana sar\u0131lm\u0131\u015f hislerim,\u00d6yle huzur veriyor ki kalemime,Seni yazarken bu dizelerde..Seninle ya\u015famaya de\u011fer karanl\u0131k,Gecelerimi ayd\u0131nlatan \u0131\u015f\u0131\u011f\u0131ms\u0131n,Hayat daha g\u00fczel seninle,D\u00fcnya daha renkli&#8230;T\u00fcm ya\u015fam\u0131n i\u00e7inde sen vars\u0131n&#8230;<\/p>\n","protected":false},"excerpt":{"rendered":"<p>POSTALANMAMI\u015e MEKTUPLARSen hi\u00e7 g\u00f6nderemeyece\u011fini bile bile,Binlerce mektup yazd\u0131n m\u0131 sevdi\u011fine?G\u00fcl kokulu sand\u0131\u011f\u0131nda saklad\u0131n m\u0131?G\u00fcn gelir belki veririm diye.\u0130\u015fte o mektuplardan okunmay\u0131 bekleyen,Mektuplar\u0131n var&#8230;Her g\u00fcn senin i\u00e7in<span class=\"excerpt-hellip\"> [\u2026]<\/span><\/p>\n","protected":false},"featured_media":0,"template":"","meta":{"_monsterinsights_skip_tracking":false,"_monsterinsights_sitenote_active":false,"_monsterinsights_sitenote_note":"","_monsterinsights_sitenote_category":0},"product_brand":[],"product_cat":[12291,12509],"product_tag":[],"class_list":{"0":"post-764270","1":"product","2":"type-product","3":"status-publish","5":"product_cat-edebiyat","6":"product_cat-siir","7":"pa_cilt-ciltsiz","8":"pa_tur-kitap","9":"pa_yayinevi-imbik-yayinlari","10":"pa_yazar-gulay-ozdemir","12":"first","13":"instock","14":"sale","15":"shipping-taxable","16":"purchasable","17":"product-type-simple"},"_links":{"self":[{"href":"https:\/\/roveyayinevi.com.tr\/index.php\/wp-json\/wp\/v2\/product\/764270","targetHints":{"allow":["GET"]}}],"collection":[{"href":"https:\/\/roveyayinevi.com.tr\/index.php\/wp-json\/wp\/v2\/product"}],"about":[{"href":"https:\/\/roveyayinevi.com.tr\/index.php\/wp-json\/wp\/v2\/types\/product"}],"wp:attachment":[{"href":"https:\/\/roveyayinevi.com.tr\/index.php\/wp-json\/wp\/v2\/media?parent=764270"}],"wp:term":[{"taxonomy":"product_brand","embeddable":true,"href":"https:\/\/roveyayinevi.com.tr\/index.php\/wp-json\/wp\/v2\/product_brand?post=764270"},{"taxonomy":"product_cat","embeddable":true,"href":"https:\/\/roveyayinevi.com.tr\/index.php\/wp-json\/wp\/v2\/product_cat?post=764270"},{"taxonomy":"product_tag","embeddable":true,"href":"https:\/\/roveyayinevi.com.tr\/index.php\/wp-json\/wp\/v2\/product_tag?post=764270"}],"curies":[{"name":"wp","href":"https:\/\/api.w.org\/{rel}","templated":true}]}}