{"id":764269,"date":"2025-08-28T11:05:22","date_gmt":"2025-08-28T08:05:22","guid":{"rendered":"https:\/\/roveyayinevi.com.tr\/index.php\/urun\/hicrani-yasayan-sehir\/"},"modified":"2026-04-15T03:30:13","modified_gmt":"2026-04-15T00:30:13","slug":"hicrani-yasayan-sehir","status":"publish","type":"product","link":"https:\/\/roveyayinevi.com.tr\/index.php\/urun\/hicrani-yasayan-sehir\/","title":{"rendered":"Hicran\u0131 Yas\u0327ayan \u015eehir"},"content":{"rendered":"<p>Bayproje Derne\u011fi y\u00f6neticileri Ak\u0131n Bayrak\u2019\u0131n te\u015fviki ve Prof. R\u0131fat Y\u0131ld\u0131z\u2019\u0131n son okumas\u0131 ve de\u011ferli katk\u0131lar\u0131; Hicran\u0131 Ya\u015fayan \u015eehir\u2019i ortaya \u00e7\u0131karm\u0131\u015ft\u0131r. Kendilerine kitab\u0131n m\u00fcellifi olarak te\u015fekk\u00fcr ederim. 2010 y\u0131l\u0131nda \u201cHicran\u0131 Anlayan \u015eehir\u201d ad\u0131yla yerel matbaa olan \u00d6zer Ofset\u2019te yay\u0131nlanan bu m\u00fctevaz\u0131 \u00e7al\u0131\u015fma; yaz\u0131l\u0131 yerel kaynaktan, ar\u015fivden, k\u00fct\u00fcphanelerden tarihinde ya\u015fad\u0131\u011f\u0131 i\u015fgallerin, g\u00f6\u00e7lerin etkisiyle yoksun kalm\u0131\u015f \u015fehrimizin ge\u00e7mi\u015fine, k\u00fclt\u00fcr\u00fcne tutulan \u0131\u015f\u0131klardan biri oldu. Nitekim tespit edebildi\u011fim kadar\u0131yla Murat Okutmu\u015f\u2019un 26 Aral\u0131k 2023\u2019te Dergi Park\u2019ta yay\u0131mlanan \u201cBayburt Kent Haf\u0131zas\u0131nda Sokak Sat\u0131c\u0131lar\u0131\u201d \u00e7al\u0131\u015fmas\u0131nda, \u00d6zlem \u00dcnalan\u2019\u0131n \u201cBayburt Mahalle Odalar\u0131n\u0131n Farkl\u0131 A\u00e7\u0131dan \u0130ncelenmesi\u201d ve \u201cT\u00fcrk K\u00fclt\u00fcr\u00fcnde Ku\u015fburnu\u201d adl\u0131 \u00e7al\u0131\u015fmalar\u0131nda, M. Yasin Ta\u015fkesenlio\u011flu\u2019nun \u201cGeleneksel Bayburt Evleri\u201d \u00e7al\u0131\u015fmas\u0131nda, Bekder\u2019in \u201cK\u00fclt\u00fcr\u00fcn Kale Kenti Bayburt\u201d eserinde kaynak olarak belirtilmesi de bunu g\u00f6steriyor. Y\u0131llara dayanan s\u00f6zl\u00fc kaynaklardan toplad\u0131\u011f\u0131m bilgiler yan\u0131nda, \u00e7ok say\u0131da yaz\u0131l\u0131 kaynaklar da katk\u0131 sa\u011flam\u0131\u015ft\u0131r. Bu \u00e7al\u0131\u015fman\u0131n \u015fehrimizin tan\u0131t\u0131m\u0131nda, haf\u0131zas\u0131nda \u00f6nemli bo\u015flu\u011fu az da olsa dolduraca\u011f\u0131na ve hi\u00e7bir iyi gayretin kar\u015f\u0131l\u0131ks\u0131z kalmayaca\u011f\u0131na inan\u0131yorum.<\/p>\n","protected":false},"excerpt":{"rendered":"<p>Bayproje Derne\u011fi y\u00f6neticileri Ak\u0131n Bayrak\u2019\u0131n te\u015fviki ve Prof. R\u0131fat Y\u0131ld\u0131z\u2019\u0131n son okumas\u0131 ve de\u011ferli katk\u0131lar\u0131; Hicran\u0131 Ya\u015fayan \u015eehir\u2019i ortaya \u00e7\u0131karm\u0131\u015ft\u0131r. Kendilerine kitab\u0131n m\u00fcellifi olarak te\u015fekk\u00fcr ederim.<span class=\"excerpt-hellip\"> [\u2026]<\/span><\/p>\n","protected":false},"featured_media":0,"template":"","meta":{"_monsterinsights_skip_tracking":false,"_monsterinsights_sitenote_active":false,"_monsterinsights_sitenote_note":"","_monsterinsights_sitenote_category":0},"product_brand":[],"product_cat":[12370,12304],"product_tag":[],"class_list":{"0":"post-764269","1":"product","2":"type-product","3":"status-publish","5":"product_cat-arastirma-inceleme","6":"product_cat-tarih","7":"pa_cilt-ciltsiz","8":"pa_tur-kitap","9":"pa_yayinevi-bilgekut-yayinlari","10":"pa_yazar-uygun-ahmet-aker","12":"first","13":"instock","14":"sale","15":"shipping-taxable","16":"purchasable","17":"product-type-simple"},"_links":{"self":[{"href":"https:\/\/roveyayinevi.com.tr\/index.php\/wp-json\/wp\/v2\/product\/764269","targetHints":{"allow":["GET"]}}],"collection":[{"href":"https:\/\/roveyayinevi.com.tr\/index.php\/wp-json\/wp\/v2\/product"}],"about":[{"href":"https:\/\/roveyayinevi.com.tr\/index.php\/wp-json\/wp\/v2\/types\/product"}],"wp:attachment":[{"href":"https:\/\/roveyayinevi.com.tr\/index.php\/wp-json\/wp\/v2\/media?parent=764269"}],"wp:term":[{"taxonomy":"product_brand","embeddable":true,"href":"https:\/\/roveyayinevi.com.tr\/index.php\/wp-json\/wp\/v2\/product_brand?post=764269"},{"taxonomy":"product_cat","embeddable":true,"href":"https:\/\/roveyayinevi.com.tr\/index.php\/wp-json\/wp\/v2\/product_cat?post=764269"},{"taxonomy":"product_tag","embeddable":true,"href":"https:\/\/roveyayinevi.com.tr\/index.php\/wp-json\/wp\/v2\/product_tag?post=764269"}],"curies":[{"name":"wp","href":"https:\/\/api.w.org\/{rel}","templated":true}]}}