{"id":764267,"date":"2025-08-28T11:05:18","date_gmt":"2025-08-28T08:05:18","guid":{"rendered":"https:\/\/roveyayinevi.com.tr\/index.php\/urun\/omer-seyfettin-kitabi\/"},"modified":"2026-04-15T03:30:13","modified_gmt":"2026-04-15T00:30:13","slug":"omer-seyfettin-kitabi","status":"publish","type":"product","link":"https:\/\/roveyayinevi.com.tr\/index.php\/urun\/omer-seyfettin-kitabi\/","title":{"rendered":"\u00d6mer Seyfettin Kitab\u0131"},"content":{"rendered":"<p>Bu kitapta T\u00fcrk edebiyat\u0131n\u0131n \u00f6nc\u00fc edebiyat\u00e7\u0131lar\u0131ndan biri olan \u00d6mer Seyfeddin\u2019in hayat hik\u00e2yesi, mill\u00ee edebiyat anlay\u0131\u015f\u0131, hik\u00e2ye tekni\u011fi, T\u00fcrk d\u00fc\u015f\u00fcnce ve edebiyat hayat\u0131ndaki yeri, onda mill\u00ee birlik ve beraberlik anlay\u0131\u015f\u0131, Turanc\u0131l\u0131k d\u00fc\u015f\u00fcncesi, mankurtluk, misyonerlik, Osmanl\u0131c\u0131l\u0131k kavramlar\u0131, Yaln\u0131z Efe, Ashab-\u0131 Kehfimiz, Efruz Bey eserleri \u00fczerine de\u011ferlendirmelere yer verildi.<\/p>\n","protected":false},"excerpt":{"rendered":"<p>Bu kitapta T\u00fcrk edebiyat\u0131n\u0131n \u00f6nc\u00fc edebiyat\u00e7\u0131lar\u0131ndan biri olan \u00d6mer Seyfeddin\u2019in hayat hik\u00e2yesi, mill\u00ee edebiyat anlay\u0131\u015f\u0131, hik\u00e2ye tekni\u011fi, T\u00fcrk d\u00fc\u015f\u00fcnce ve edebiyat hayat\u0131ndaki yeri, onda mill\u00ee birlik<span class=\"excerpt-hellip\"> [\u2026]<\/span><\/p>\n","protected":false},"featured_media":0,"template":"","meta":{"_monsterinsights_skip_tracking":false,"_monsterinsights_sitenote_active":false,"_monsterinsights_sitenote_note":"","_monsterinsights_sitenote_category":0},"product_brand":[],"product_cat":[13072,12291],"product_tag":[],"class_list":{"0":"post-764267","1":"product","2":"type-product","3":"status-publish","5":"product_cat-arastirma-inceleme-referans","6":"product_cat-edebiyat","7":"pa_cilt-ciltsiz","8":"pa_tur-kitap","9":"pa_yayinevi-bilgekut-yayinlari","10":"pa_yazar-nurullah-cetin","12":"first","13":"instock","14":"sale","15":"shipping-taxable","16":"purchasable","17":"product-type-simple"},"_links":{"self":[{"href":"https:\/\/roveyayinevi.com.tr\/index.php\/wp-json\/wp\/v2\/product\/764267","targetHints":{"allow":["GET"]}}],"collection":[{"href":"https:\/\/roveyayinevi.com.tr\/index.php\/wp-json\/wp\/v2\/product"}],"about":[{"href":"https:\/\/roveyayinevi.com.tr\/index.php\/wp-json\/wp\/v2\/types\/product"}],"wp:attachment":[{"href":"https:\/\/roveyayinevi.com.tr\/index.php\/wp-json\/wp\/v2\/media?parent=764267"}],"wp:term":[{"taxonomy":"product_brand","embeddable":true,"href":"https:\/\/roveyayinevi.com.tr\/index.php\/wp-json\/wp\/v2\/product_brand?post=764267"},{"taxonomy":"product_cat","embeddable":true,"href":"https:\/\/roveyayinevi.com.tr\/index.php\/wp-json\/wp\/v2\/product_cat?post=764267"},{"taxonomy":"product_tag","embeddable":true,"href":"https:\/\/roveyayinevi.com.tr\/index.php\/wp-json\/wp\/v2\/product_tag?post=764267"}],"curies":[{"name":"wp","href":"https:\/\/api.w.org\/{rel}","templated":true}]}}