{"id":764266,"date":"2025-08-28T11:05:16","date_gmt":"2025-08-28T08:05:16","guid":{"rendered":"https:\/\/roveyayinevi.com.tr\/index.php\/urun\/mavi-kapli-defter-hatiralar-izinde\/"},"modified":"2026-04-15T03:30:13","modified_gmt":"2026-04-15T00:30:13","slug":"mavi-kapli-defter-hatiralar-izinde","status":"publish","type":"product","link":"https:\/\/roveyayinevi.com.tr\/index.php\/urun\/mavi-kapli-defter-hatiralar-izinde\/","title":{"rendered":"Mavi Kapl\u0131 Defter Hat\u0131ralar \u0130zinde"},"content":{"rendered":"<p>Bitkin bir halde, koltu\u011funun alt\u0131ndan solgun mavi kapl\u0131 defterini \u00e7\u0131kararak: &#8211; Buyurun, dedi. Bu \u201cbuyurun\u201d ifadesi ile o, aradaki resmiyeti muhafaza etmeye \u00e7al\u0131\u015f\u0131yordu. Peki neden?.. Halbuki \u201cAl oku.\u201d demek istedi\u011fine ad\u0131m gibi emindim. Ellerini, avu\u00e7lar\u0131m\u0131n i\u00e7ine alarak, minnet duygular\u0131 i\u00e7erisinde defteri ald\u0131m. G\u00f6zleri dolmu\u015ftu. Evl\u00e2d\u0131n\u0131 teslim eder gibiydi. Ona uzun uzun bakt\u0131m ve: &#8211; \u00c7ok te\u015fekk\u00fcr ederim, dedim. Belli etmemeye \u00e7al\u0131\u015fsa da evl\u00e2d\u0131na veda eder gibiydi&#8230; Dudaklar\u0131 titreyerek: &#8211; O deftere g\u00f6z\u00fcn gibi bak. Allah\u2019a emanet ol o\u011f&#8230; s\u00f6z\u00fcn\u00fc tamamlayamam\u0131\u015ft\u0131. G\u00f6zleri dolu dolu olmas\u0131na ra\u011fmen g\u00fcl\u00fcmsemeye \u00e7al\u0131\u015ft\u0131. Damarlar\u0131 \u015fi\u015fmi\u015f, buru\u015fmu\u015f ellerini havaya kald\u0131rarak, bana el sallad\u0131 ve g\u00fc\u00e7l\u00fckle s\u00f6zlerine devam etti: &#8211; Sak\u0131n unutma! Aras\u0131na koydu\u011fum sar\u0131 zarf\u0131n i\u00e7indeki mektubu en son okuyacaks\u0131n. S\u00f6z m\u00fc?.. <\/p>\n","protected":false},"excerpt":{"rendered":"<p>Bitkin bir halde, koltu\u011funun alt\u0131ndan solgun mavi kapl\u0131 defterini \u00e7\u0131kararak: &#8211; Buyurun, dedi. Bu \u201cbuyurun\u201d ifadesi ile o, aradaki resmiyeti muhafaza etmeye \u00e7al\u0131\u015f\u0131yordu. Peki neden?.. Halbuki<span class=\"excerpt-hellip\"> [\u2026]<\/span><\/p>\n","protected":false},"featured_media":0,"template":"","meta":{"_monsterinsights_skip_tracking":false,"_monsterinsights_sitenote_active":false,"_monsterinsights_sitenote_note":"","_monsterinsights_sitenote_category":0},"product_brand":[],"product_cat":[12291,12711],"product_tag":[],"class_list":{"0":"post-764266","1":"product","2":"type-product","3":"status-publish","5":"product_cat-edebiyat","6":"product_cat-roman-oyku","7":"pa_cilt-ciltsiz","8":"pa_tur-kitap","9":"pa_yayinevi-bilge-tonyukuk-yayinlari","10":"pa_yazar-semra-iplikci","12":"first","13":"instock","14":"sale","15":"shipping-taxable","16":"purchasable","17":"product-type-simple"},"_links":{"self":[{"href":"https:\/\/roveyayinevi.com.tr\/index.php\/wp-json\/wp\/v2\/product\/764266","targetHints":{"allow":["GET"]}}],"collection":[{"href":"https:\/\/roveyayinevi.com.tr\/index.php\/wp-json\/wp\/v2\/product"}],"about":[{"href":"https:\/\/roveyayinevi.com.tr\/index.php\/wp-json\/wp\/v2\/types\/product"}],"wp:attachment":[{"href":"https:\/\/roveyayinevi.com.tr\/index.php\/wp-json\/wp\/v2\/media?parent=764266"}],"wp:term":[{"taxonomy":"product_brand","embeddable":true,"href":"https:\/\/roveyayinevi.com.tr\/index.php\/wp-json\/wp\/v2\/product_brand?post=764266"},{"taxonomy":"product_cat","embeddable":true,"href":"https:\/\/roveyayinevi.com.tr\/index.php\/wp-json\/wp\/v2\/product_cat?post=764266"},{"taxonomy":"product_tag","embeddable":true,"href":"https:\/\/roveyayinevi.com.tr\/index.php\/wp-json\/wp\/v2\/product_tag?post=764266"}],"curies":[{"name":"wp","href":"https:\/\/api.w.org\/{rel}","templated":true}]}}