{"id":764263,"date":"2025-08-28T11:05:10","date_gmt":"2025-08-28T08:05:10","guid":{"rendered":"https:\/\/roveyayinevi.com.tr\/index.php\/urun\/edebiyat-bilimine-katkilar-2\/"},"modified":"2026-04-15T03:30:13","modified_gmt":"2026-04-15T00:30:13","slug":"edebiyat-bilimine-katkilar-2","status":"publish","type":"product","link":"https:\/\/roveyayinevi.com.tr\/index.php\/urun\/edebiyat-bilimine-katkilar-2\/","title":{"rendered":"Edebiyat Bilimine Katk\u0131lar 2"},"content":{"rendered":"<p>Bilim kendine \u00f6zg\u00fc kavram ve terimlerine dayanarak ortak nitelikli sorulara verilen cevaplar arac\u0131l\u0131\u011f\u0131yla genel h\u00fck\u00fcmler olu\u015fturmad\u0131r. Se\u00e7ilmi\u015f ve ortak kavram ve terimlere dayal\u0131 ortak sorularla cevap aranmas\u0131 ise, bilimin y\u00f6ntemli olma \u00f6zelli\u011fidir. Edebiyat bilimi sosyal ve be\u015fer\u00ee bilimlerin en gen\u00e7lerinden biridir. Edebiyat bilimi, tarih, filoloji (dil bilgisi ve anlam bilim), sosyoloji, psikoloji, m\u00fbs\u0131ki, felsefe, inan\u00e7 alanlar\u0131na ait kavramlar\u0131n, terimlerin ve hatt\u00e2 ara\u015ft\u0131rma y\u00f6ntemlerinin deste\u011fini alarak zenginle\u015fen h\u00fck\u00fcmlerden olu\u015fmaktad\u0131r. Edebiyat bilimi, insanlar\u0131n i\u00e7 denizlerindeki etkile\u015fimlerin yans\u0131malar\u0131n\u0131 g\u00f6rmeye ve g\u00f6stermeye \u00e7al\u0131\u015fan, tahlil ve h\u00fck\u00fcmlere dayanan bir ara\u015ft\u0131rma alan\u0131d\u0131r.<\/p>\n","protected":false},"excerpt":{"rendered":"<p>Bilim kendine \u00f6zg\u00fc kavram ve terimlerine dayanarak ortak nitelikli sorulara verilen cevaplar arac\u0131l\u0131\u011f\u0131yla genel h\u00fck\u00fcmler olu\u015fturmad\u0131r. Se\u00e7ilmi\u015f ve ortak kavram ve terimlere dayal\u0131 ortak sorularla cevap<span class=\"excerpt-hellip\"> [\u2026]<\/span><\/p>\n","protected":false},"featured_media":0,"template":"","meta":{"_monsterinsights_skip_tracking":false,"_monsterinsights_sitenote_active":false,"_monsterinsights_sitenote_note":"","_monsterinsights_sitenote_category":0},"product_brand":[],"product_cat":[13072,12291],"product_tag":[],"class_list":{"0":"post-764263","1":"product","2":"type-product","3":"status-publish","5":"product_cat-arastirma-inceleme-referans","6":"product_cat-edebiyat","7":"pa_cilt-ciltsiz","8":"pa_tur-kitap","9":"pa_yayinevi-korkut-yayinlari","10":"pa_yazar-sadik-k-tural","12":"first","13":"instock","14":"sale","15":"shipping-taxable","16":"purchasable","17":"product-type-simple"},"_links":{"self":[{"href":"https:\/\/roveyayinevi.com.tr\/index.php\/wp-json\/wp\/v2\/product\/764263","targetHints":{"allow":["GET"]}}],"collection":[{"href":"https:\/\/roveyayinevi.com.tr\/index.php\/wp-json\/wp\/v2\/product"}],"about":[{"href":"https:\/\/roveyayinevi.com.tr\/index.php\/wp-json\/wp\/v2\/types\/product"}],"wp:attachment":[{"href":"https:\/\/roveyayinevi.com.tr\/index.php\/wp-json\/wp\/v2\/media?parent=764263"}],"wp:term":[{"taxonomy":"product_brand","embeddable":true,"href":"https:\/\/roveyayinevi.com.tr\/index.php\/wp-json\/wp\/v2\/product_brand?post=764263"},{"taxonomy":"product_cat","embeddable":true,"href":"https:\/\/roveyayinevi.com.tr\/index.php\/wp-json\/wp\/v2\/product_cat?post=764263"},{"taxonomy":"product_tag","embeddable":true,"href":"https:\/\/roveyayinevi.com.tr\/index.php\/wp-json\/wp\/v2\/product_tag?post=764263"}],"curies":[{"name":"wp","href":"https:\/\/api.w.org\/{rel}","templated":true}]}}