{"id":764262,"date":"2025-08-28T11:05:08","date_gmt":"2025-08-28T08:05:08","guid":{"rendered":"https:\/\/roveyayinevi.com.tr\/index.php\/urun\/define-sandigindan-cikan-buyuleyici-hikayeler\/"},"modified":"2026-04-15T03:30:13","modified_gmt":"2026-04-15T00:30:13","slug":"define-sandigindan-cikan-buyuleyici-hikayeler","status":"publish","type":"product","link":"https:\/\/roveyayinevi.com.tr\/index.php\/urun\/define-sandigindan-cikan-buyuleyici-hikayeler\/","title":{"rendered":"Define Sand\u0131\u011f\u0131ndan \u00c7\u0131kan B\u00fcy\u00fcleyici Hikayeler"},"content":{"rendered":"<p>1- DEN\u0130Z KIZI VE DEF\u0130NE SANDI\u011eI2- B\u0130LGE PROFES\u00d6R BAYKU\u015e AYDO3- ASTRONOT F\u0130L TUMBA4- S\u00dcPERMEN K\u00d6PEK U\u00c7AN PELER\u0130N5- \u00c7ALI\u015eKAN K\u00dc\u00c7\u00dcK ACAR KARINCA6- KED\u0130 SU\u015e\u0130 VE ASLAN G\u00dc\u00c7L\u00dc PEN\u00c7E S\u0130MBA7- KEND\u0130N\u0130 KU\u015e ZANNEDEN S\u0130NCAP PAN\u01308- K\u00dc\u00c7\u00dcK MAV\u0130 Y\u00dcZGE\u00c7 YUP\u01309- KURBA\u011eA KURB\u013010- YARAMAZ \u00d6RDEK N\u0130NO11- AT OLMAYA \u00d6ZENEN E\u015eEK KAD\u0130FE12- BEYAZ T\u0130LK\u0130 VE \u015e\u0130FA \u00c7\u0130\u00c7E\u011e\u013013- S\u0130RK\u0130N E\u011eLENCES\u0130 SEV\u0130ML\u0130 YUNUS BALI\u011eI14- B\u0130S\u0130KLETE B\u0130NMEY\u0130 SEVEN SU SAMURU S\u00dcSAM15- DEN\u0130Z ATI TAF\u0130\u2019N\u0130N G\u0130ZEML\u0130 D\u00dcNYASI16- ATE\u015e B\u00d6CE\u011e\u0130 \u0130LE TIRTIL17- K\u0130RP\u0130 P\u0130P\u0130R\u0130K\u2019\u0130N BALONLA SINAVI18- ANNE KOYUN VE KUZUSU KEMO19- KAPLUMBA\u011eA KUPS\u0130 VE S\u0130H\u0130RL\u0130 KELEBEK20- UZUN BOYLU A\u011eA\u00c7 VE KISA BOYLU A\u011eA\u00c721- ORMANIN SES\u013022- YARDIMSEVER MARTI ARMES<\/p>\n","protected":false},"excerpt":{"rendered":"<p>1- DEN\u0130Z KIZI VE DEF\u0130NE SANDI\u011eI2- B\u0130LGE PROFES\u00d6R BAYKU\u015e AYDO3- ASTRONOT F\u0130L TUMBA4- S\u00dcPERMEN K\u00d6PEK U\u00c7AN PELER\u0130N5- \u00c7ALI\u015eKAN K\u00dc\u00c7\u00dcK ACAR KARINCA6- KED\u0130 SU\u015e\u0130 VE ASLAN G\u00dc\u00c7L\u00dc<span class=\"excerpt-hellip\"> [\u2026]<\/span><\/p>\n","protected":false},"featured_media":0,"template":"","meta":{"_monsterinsights_skip_tracking":false,"_monsterinsights_sitenote_active":false,"_monsterinsights_sitenote_note":"","_monsterinsights_sitenote_category":0},"product_brand":[],"product_cat":[12274,12284],"product_tag":[],"class_list":{"0":"post-764262","1":"product","2":"type-product","3":"status-publish","5":"product_cat-cocuk-ve-genclik-kitaplari","6":"product_cat-hikayeler","7":"pa_cilt-ciltsiz","8":"pa_tur-kitap","9":"pa_yayinevi-bilge-tonyukuk-yayinlari","10":"pa_yazar-semra-iplikci","12":"first","13":"instock","14":"sale","15":"shipping-taxable","16":"purchasable","17":"product-type-simple"},"_links":{"self":[{"href":"https:\/\/roveyayinevi.com.tr\/index.php\/wp-json\/wp\/v2\/product\/764262","targetHints":{"allow":["GET"]}}],"collection":[{"href":"https:\/\/roveyayinevi.com.tr\/index.php\/wp-json\/wp\/v2\/product"}],"about":[{"href":"https:\/\/roveyayinevi.com.tr\/index.php\/wp-json\/wp\/v2\/types\/product"}],"wp:attachment":[{"href":"https:\/\/roveyayinevi.com.tr\/index.php\/wp-json\/wp\/v2\/media?parent=764262"}],"wp:term":[{"taxonomy":"product_brand","embeddable":true,"href":"https:\/\/roveyayinevi.com.tr\/index.php\/wp-json\/wp\/v2\/product_brand?post=764262"},{"taxonomy":"product_cat","embeddable":true,"href":"https:\/\/roveyayinevi.com.tr\/index.php\/wp-json\/wp\/v2\/product_cat?post=764262"},{"taxonomy":"product_tag","embeddable":true,"href":"https:\/\/roveyayinevi.com.tr\/index.php\/wp-json\/wp\/v2\/product_tag?post=764262"}],"curies":[{"name":"wp","href":"https:\/\/api.w.org\/{rel}","templated":true}]}}