{"id":764261,"date":"2025-08-28T11:05:06","date_gmt":"2025-08-28T08:05:06","guid":{"rendered":"https:\/\/roveyayinevi.com.tr\/index.php\/urun\/bahcemde-bahar\/"},"modified":"2026-04-05T03:21:14","modified_gmt":"2026-04-05T00:21:14","slug":"bahcemde-bahar","status":"publish","type":"product","link":"https:\/\/roveyayinevi.com.tr\/index.php\/urun\/bahcemde-bahar\/","title":{"rendered":"Bah\u00e7emde Bahar"},"content":{"rendered":"<p>\u015eiir, insan\u0131n \u00e7aresizli\u011fi kar\u015f\u0131s\u0131nda, ben de var\u0131m, \u00e7\u0131\u011fl\u0131\u011f\u0131 olmak ister. K\u00e2inat\u0131n sonsuzlu\u011fu kar\u015f\u0131s\u0131nda bir varl\u0131k davas\u0131 g\u00fctmek, b\u00fct\u00fcn anlay\u0131\u015fs\u0131zl\u0131klar\u0131n, b\u00fct\u00fcn ruhsuzluklar\u0131n isyan\u0131 olmak ister. Yoksullar\u0131n, \u00e7ile \u00e7ekenlerin, adaletsiz zindandan y\u00fckselen ahlar\u0131n sesi olmak ister. \u015eiir, \u015fiir olmak her merhalede ve her ya\u015ftaki insan\u0131n t\u00fcrk\u00fcs\u00fc olmak ister. Bu hedeflere ko\u015fan \u015fairin elinde T\u00fcrk\u00e7e var, y\u00fczbinlerce kelimesi ve sesleriyle, deyim ve atas\u00f6zleriyle koca bir dil, koca bir edebiyat var. S\u00f6ylenmi\u015f ve tarihe mal olmu\u015f \u015fiirler var. Diyebiliriz ki \u015fairin k\u00fclt\u00fcr ve sanat d\u00fcnyas\u0131n\u0131 besleyen kaynaklar T\u00fcrk Edebiyat\u0131 ve T\u00fcrk\u00e7enin zenginli\u011fi. \u0130kinci kaynak sanat\u0131n ve esteti\u011fin ya\u015fand\u0131\u011f\u0131 ve dile d\u00f6k\u00fclmeye \u00e7al\u0131\u015f\u0131ld\u0131\u011f\u0131 edebi muhitler. Bunlar\u0131n bir k\u0131sm\u0131 metinler halinde yay\u0131nlan\u0131yor, bir k\u0131sm\u0131 da \u015fifahi olarak anlat\u0131l\u0131yor. Edebiyat ve k\u00fclt\u00fcr malzemelerinin nesilden nesile aktar\u0131lmas\u0131 ve ya\u015fat\u0131lmas\u0131 s\u00f6z konusudur. \u015eair buralardan incelik ve ahenk dev\u015firir. Sanat\u0131n her kolu bir elini \u015faire vermelidir. Yahut \u015fairin bir eli sanat d\u00fcnyas\u0131nda olmal\u0131d\u0131r. Duygular ve inan\u00e7lar d\u00fcnyas\u0131 \u015fiirin yelpazesidir. \u015eiir onlarla kanatlan\u0131r. Bu r\u00fczg\u00e2r\u0131 yakalamak i\u00e7in \u015fair uzun bir \u015fiir ser\u00fcveni ya\u015far. Cebinde kalem ve k\u00e2\u011f\u0131d\u0131, her akl\u0131na d\u00fc\u015fende onlara sar\u0131l\u0131r, muhayyel sevgiliye, yak\u0131nlara, \u00f6zlem konusu olan ki\u015filere, zor durumdakilere ve y\u00fccelere seslenir. Bekler ki bunlar\u0131n bir yank\u0131s\u0131 olsun, bir ses getirsin, maveradan, sevgiliden, anne babadan, karde\u015ften. Muhayyile nerelere kadar uzan\u0131yorsa oralardan, ufuklardan, y\u0131ld\u0131zlardan, ya\u011fmurdan, kardan ses bekler. Ses gelsin ki, hitap etmeye vesile \u00e7\u0131ks\u0131n. Bu \u015fiirlerde kendinizi bulaca\u011f\u0131n\u0131z\u0131, ruhunuzla arkada\u015f bir iklime ula\u015faca\u011f\u0131n\u0131z\u0131 s\u00f6yleyebiliriz. Bu bah\u00e7eye u\u011frayanlar eli bo\u015f d\u00f6nmez.<\/p>\n","protected":false},"excerpt":{"rendered":"<p>\u015eiir, insan\u0131n \u00e7aresizli\u011fi kar\u015f\u0131s\u0131nda, ben de var\u0131m, \u00e7\u0131\u011fl\u0131\u011f\u0131 olmak ister. K\u00e2inat\u0131n sonsuzlu\u011fu kar\u015f\u0131s\u0131nda bir varl\u0131k davas\u0131 g\u00fctmek, b\u00fct\u00fcn anlay\u0131\u015fs\u0131zl\u0131klar\u0131n, b\u00fct\u00fcn ruhsuzluklar\u0131n isyan\u0131 olmak ister. Yoksullar\u0131n, \u00e7ile<span class=\"excerpt-hellip\"> [\u2026]<\/span><\/p>\n","protected":false},"featured_media":0,"template":"","meta":{"_monsterinsights_skip_tracking":false,"_monsterinsights_sitenote_active":false,"_monsterinsights_sitenote_note":"","_monsterinsights_sitenote_category":0},"product_brand":[],"product_cat":[12291,12509],"product_tag":[],"class_list":{"0":"post-764261","1":"product","2":"type-product","3":"status-publish","5":"product_cat-edebiyat","6":"product_cat-siir","7":"pa_cilt-ciltsiz","8":"pa_tur-kitap","9":"pa_yayinevi-imbik-yayinlari","10":"pa_yazar-ismail-ozmel","12":"first","13":"instock","14":"sale","15":"shipping-taxable","16":"purchasable","17":"product-type-simple"},"_links":{"self":[{"href":"https:\/\/roveyayinevi.com.tr\/index.php\/wp-json\/wp\/v2\/product\/764261","targetHints":{"allow":["GET"]}}],"collection":[{"href":"https:\/\/roveyayinevi.com.tr\/index.php\/wp-json\/wp\/v2\/product"}],"about":[{"href":"https:\/\/roveyayinevi.com.tr\/index.php\/wp-json\/wp\/v2\/types\/product"}],"wp:attachment":[{"href":"https:\/\/roveyayinevi.com.tr\/index.php\/wp-json\/wp\/v2\/media?parent=764261"}],"wp:term":[{"taxonomy":"product_brand","embeddable":true,"href":"https:\/\/roveyayinevi.com.tr\/index.php\/wp-json\/wp\/v2\/product_brand?post=764261"},{"taxonomy":"product_cat","embeddable":true,"href":"https:\/\/roveyayinevi.com.tr\/index.php\/wp-json\/wp\/v2\/product_cat?post=764261"},{"taxonomy":"product_tag","embeddable":true,"href":"https:\/\/roveyayinevi.com.tr\/index.php\/wp-json\/wp\/v2\/product_tag?post=764261"}],"curies":[{"name":"wp","href":"https:\/\/api.w.org\/{rel}","templated":true}]}}