{"id":764260,"date":"2025-08-28T11:05:05","date_gmt":"2025-08-28T08:05:05","guid":{"rendered":"https:\/\/roveyayinevi.com.tr\/index.php\/urun\/arabulucu-akranlar\/"},"modified":"2026-04-15T03:30:13","modified_gmt":"2026-04-15T00:30:13","slug":"arabulucu-akranlar","status":"publish","type":"product","link":"https:\/\/roveyayinevi.com.tr\/index.php\/urun\/arabulucu-akranlar\/","title":{"rendered":"Arabulucu Akranlar"},"content":{"rendered":"<p>\u0130nsanlar farkl\u0131 inan\u00e7lara, de\u011ferlere ve bak\u0131\u015f a\u00e7\u0131lar\u0131na sahiptir. B\u00f6yle olunca da aralar\u0131nda \u00e7at\u0131\u015fma ya\u015fanmas\u0131 ihtimali y\u00fcksektir. Son y\u0131llarda \u00f6\u011frenciler aras\u0131ndaki \u00e7at\u0131\u015fmalar\u0131n yo\u011funla\u015fmas\u0131 sebebiyle, sorunlara y\u00f6nelik \u00e7\u00f6z\u00fcm yollar\u0131 da e\u011fitimciler taraf\u0131ndan geli\u015ftirilmeye ba\u015fland\u0131. Ama en yak\u0131n y\u00f6ntem, akranlar\u0131n kendi aralar\u0131nda ya\u015fanan \u00e7at\u0131\u015fmalar\u0131 \u00e7\u00f6zmek i\u00e7in, bu y\u00f6nde bilin\u00e7lendirilmesi olarak g\u00f6r\u00fcnmektedir. T\u00fcrk\u00e7e\u2019de; \u00e7at\u0131\u015fma, uyu\u015fmazl\u0131k, s\u00fcrt\u00fc\u015fme, anla\u015fmazl\u0131k, gerginlik anlamlar\u0131nda kullan\u0131lmaktad\u0131r. \u00c7at\u0131\u015fma kavram\u0131, \u00f6rg\u00fct kuramc\u0131lar\u0131, y\u00f6neticileri, ara\u015ft\u0131rmac\u0131lar\u0131 taraf\u0131ndan de\u011fi\u015fik bak\u0131\u015f a\u00e7\u0131lar\u0131yla ele al\u0131narak a\u00e7\u0131klanmaktad\u0131r.<\/p>\n","protected":false},"excerpt":{"rendered":"<p>\u0130nsanlar farkl\u0131 inan\u00e7lara, de\u011ferlere ve bak\u0131\u015f a\u00e7\u0131lar\u0131na sahiptir. B\u00f6yle olunca da aralar\u0131nda \u00e7at\u0131\u015fma ya\u015fanmas\u0131 ihtimali y\u00fcksektir. Son y\u0131llarda \u00f6\u011frenciler aras\u0131ndaki \u00e7at\u0131\u015fmalar\u0131n yo\u011funla\u015fmas\u0131 sebebiyle, sorunlara y\u00f6nelik \u00e7\u00f6z\u00fcm<span class=\"excerpt-hellip\"> [\u2026]<\/span><\/p>\n","protected":false},"featured_media":0,"template":"","meta":{"_monsterinsights_skip_tracking":false,"_monsterinsights_sitenote_active":false,"_monsterinsights_sitenote_note":"","_monsterinsights_sitenote_category":0},"product_brand":[],"product_cat":[12364,12376],"product_tag":[],"class_list":{"0":"post-764260","1":"product","2":"type-product","3":"status-publish","5":"product_cat-genel-konular","6":"product_cat-kisisel-gelisim","7":"pa_cilt-ciltsiz","8":"pa_tur-kitap","9":"pa_yayinevi-semenderkitap-yayinlari","10":"pa_yazar-fehimdar-ciftci-ilksen-oben-erucar","12":"first","13":"instock","14":"sale","15":"shipping-taxable","16":"purchasable","17":"product-type-simple"},"_links":{"self":[{"href":"https:\/\/roveyayinevi.com.tr\/index.php\/wp-json\/wp\/v2\/product\/764260","targetHints":{"allow":["GET"]}}],"collection":[{"href":"https:\/\/roveyayinevi.com.tr\/index.php\/wp-json\/wp\/v2\/product"}],"about":[{"href":"https:\/\/roveyayinevi.com.tr\/index.php\/wp-json\/wp\/v2\/types\/product"}],"wp:attachment":[{"href":"https:\/\/roveyayinevi.com.tr\/index.php\/wp-json\/wp\/v2\/media?parent=764260"}],"wp:term":[{"taxonomy":"product_brand","embeddable":true,"href":"https:\/\/roveyayinevi.com.tr\/index.php\/wp-json\/wp\/v2\/product_brand?post=764260"},{"taxonomy":"product_cat","embeddable":true,"href":"https:\/\/roveyayinevi.com.tr\/index.php\/wp-json\/wp\/v2\/product_cat?post=764260"},{"taxonomy":"product_tag","embeddable":true,"href":"https:\/\/roveyayinevi.com.tr\/index.php\/wp-json\/wp\/v2\/product_tag?post=764260"}],"curies":[{"name":"wp","href":"https:\/\/api.w.org\/{rel}","templated":true}]}}