{"id":764259,"date":"2025-08-28T11:05:03","date_gmt":"2025-08-28T08:05:03","guid":{"rendered":"https:\/\/roveyayinevi.com.tr\/index.php\/urun\/yeni-bir-arkadas-edindim\/"},"modified":"2026-04-15T03:30:13","modified_gmt":"2026-04-15T00:30:13","slug":"yeni-bir-arkadas-edindim","status":"publish","type":"product","link":"https:\/\/roveyayinevi.com.tr\/index.php\/urun\/yeni-bir-arkadas-edindim\/","title":{"rendered":"Yeni Bir Arkada\u015f Edindim"},"content":{"rendered":"<p>Bilge, apartmana yeni ta\u015f\u0131nan kom\u015fular\u0131 ile tan\u0131\u015f\u0131yor ve iki yeni arkada\u015f\u0131 daha oldu\u011fu i\u00e7in mutlu oluyor. Yeni arkada\u015flar\u0131 tekerlekli sandalye kullanan Ayhan ve onun karde\u015fi Sevcan ile birbirinden e\u011flenceli oyunlar oynuyorlar. Ayhan\u2019\u0131n tekerlekli sandalye kullanmas\u0131n\u0131n birlikte oyun oynamalar\u0131na engel olmamas\u0131 Bilge\u2019yi \u00e7ok mutlu ediyor. G\u00fcn ge\u00e7tik\u00e7e Bilge, Ayhan ve Sevcan g\u00fc\u00e7l\u00fc bir arkada\u015fl\u0131k kuruyorlar. <\/p>\n","protected":false},"excerpt":{"rendered":"<p>Bilge, apartmana yeni ta\u015f\u0131nan kom\u015fular\u0131 ile tan\u0131\u015f\u0131yor ve iki yeni arkada\u015f\u0131 daha oldu\u011fu i\u00e7in mutlu oluyor. Yeni arkada\u015flar\u0131 tekerlekli sandalye kullanan Ayhan ve onun karde\u015fi Sevcan<span class=\"excerpt-hellip\"> [\u2026]<\/span><\/p>\n","protected":false},"featured_media":0,"template":"","meta":{"_monsterinsights_skip_tracking":false,"_monsterinsights_sitenote_active":false,"_monsterinsights_sitenote_note":"","_monsterinsights_sitenote_category":0},"product_brand":[],"product_cat":[12274,15842],"product_tag":[],"class_list":{"0":"post-764259","1":"product","2":"type-product","3":"status-publish","5":"product_cat-cocuk-ve-genclik-kitaplari","6":"product_cat-egitici-kitaplar","7":"pa_cilt-ciltsiz","8":"pa_tur-kitap","9":"pa_yayinevi-gulnar-yayinlari","10":"pa_yazar-umit-zafer-nekis","12":"first","13":"instock","14":"sale","15":"shipping-taxable","16":"purchasable","17":"product-type-simple"},"_links":{"self":[{"href":"https:\/\/roveyayinevi.com.tr\/index.php\/wp-json\/wp\/v2\/product\/764259","targetHints":{"allow":["GET"]}}],"collection":[{"href":"https:\/\/roveyayinevi.com.tr\/index.php\/wp-json\/wp\/v2\/product"}],"about":[{"href":"https:\/\/roveyayinevi.com.tr\/index.php\/wp-json\/wp\/v2\/types\/product"}],"wp:attachment":[{"href":"https:\/\/roveyayinevi.com.tr\/index.php\/wp-json\/wp\/v2\/media?parent=764259"}],"wp:term":[{"taxonomy":"product_brand","embeddable":true,"href":"https:\/\/roveyayinevi.com.tr\/index.php\/wp-json\/wp\/v2\/product_brand?post=764259"},{"taxonomy":"product_cat","embeddable":true,"href":"https:\/\/roveyayinevi.com.tr\/index.php\/wp-json\/wp\/v2\/product_cat?post=764259"},{"taxonomy":"product_tag","embeddable":true,"href":"https:\/\/roveyayinevi.com.tr\/index.php\/wp-json\/wp\/v2\/product_tag?post=764259"}],"curies":[{"name":"wp","href":"https:\/\/api.w.org\/{rel}","templated":true}]}}