{"id":764258,"date":"2025-08-28T11:05:02","date_gmt":"2025-08-28T08:05:02","guid":{"rendered":"https:\/\/roveyayinevi.com.tr\/index.php\/urun\/parmaklarimla-da-konusabiliyorum\/"},"modified":"2026-04-15T03:30:13","modified_gmt":"2026-04-15T00:30:13","slug":"parmaklarimla-da-konusabiliyorum","status":"publish","type":"product","link":"https:\/\/roveyayinevi.com.tr\/index.php\/urun\/parmaklarimla-da-konusabiliyorum\/","title":{"rendered":"Parmaklar\u0131mla da Konu\u015fabiliyorum"},"content":{"rendered":"<p>Bilge, annesi ile otob\u00fcse bindi\u011finde b\u00fcy\u00fck bir \u015fa\u015fk\u0131nl\u0131k ya\u015f\u0131yor. Otob\u00fcsteki yolculardan biri telefona bakarak parmaklar\u0131 ile bir \u015feyler anlatmaya \u00e7al\u0131\u015f\u0131yordu. Bilge insanlar\u0131n parmaklar\u0131 ile de konu\u015fabildi\u011fine ilk kez tan\u0131k oluyordu. \u015ea\u015fk\u0131nl\u0131\u011f\u0131n\u0131 g\u00f6ren annesi konu\u015famayan ve duyamayan i\u015fitme engelli insanlar\u0131n parmaklar\u0131 ile ileti\u015fim kurdu\u011funu anlat\u0131yor Bilge\u2019ye. Merak\u0131 iyice artan Bilge i\u015fitme engelli arkada\u015flar edinmeye karar verip i\u015faret dili \u00f6\u011frenmeye ba\u015fl\u0131yor. <\/p>\n","protected":false},"excerpt":{"rendered":"<p>Bilge, annesi ile otob\u00fcse bindi\u011finde b\u00fcy\u00fck bir \u015fa\u015fk\u0131nl\u0131k ya\u015f\u0131yor. Otob\u00fcsteki yolculardan biri telefona bakarak parmaklar\u0131 ile bir \u015feyler anlatmaya \u00e7al\u0131\u015f\u0131yordu. Bilge insanlar\u0131n parmaklar\u0131 ile de konu\u015fabildi\u011fine<span class=\"excerpt-hellip\"> [\u2026]<\/span><\/p>\n","protected":false},"featured_media":0,"template":"","meta":{"_monsterinsights_skip_tracking":false,"_monsterinsights_sitenote_active":false,"_monsterinsights_sitenote_note":"","_monsterinsights_sitenote_category":0},"product_brand":[],"product_cat":[12274,15842],"product_tag":[],"class_list":{"0":"post-764258","1":"product","2":"type-product","3":"status-publish","5":"product_cat-cocuk-ve-genclik-kitaplari","6":"product_cat-egitici-kitaplar","7":"pa_cilt-ciltsiz","8":"pa_tur-kitap","9":"pa_yayinevi-gulnar-yayinlari","10":"pa_yazar-umit-zafer-nekis","12":"first","13":"instock","14":"sale","15":"shipping-taxable","16":"purchasable","17":"product-type-simple"},"_links":{"self":[{"href":"https:\/\/roveyayinevi.com.tr\/index.php\/wp-json\/wp\/v2\/product\/764258","targetHints":{"allow":["GET"]}}],"collection":[{"href":"https:\/\/roveyayinevi.com.tr\/index.php\/wp-json\/wp\/v2\/product"}],"about":[{"href":"https:\/\/roveyayinevi.com.tr\/index.php\/wp-json\/wp\/v2\/types\/product"}],"wp:attachment":[{"href":"https:\/\/roveyayinevi.com.tr\/index.php\/wp-json\/wp\/v2\/media?parent=764258"}],"wp:term":[{"taxonomy":"product_brand","embeddable":true,"href":"https:\/\/roveyayinevi.com.tr\/index.php\/wp-json\/wp\/v2\/product_brand?post=764258"},{"taxonomy":"product_cat","embeddable":true,"href":"https:\/\/roveyayinevi.com.tr\/index.php\/wp-json\/wp\/v2\/product_cat?post=764258"},{"taxonomy":"product_tag","embeddable":true,"href":"https:\/\/roveyayinevi.com.tr\/index.php\/wp-json\/wp\/v2\/product_tag?post=764258"}],"curies":[{"name":"wp","href":"https:\/\/api.w.org\/{rel}","templated":true}]}}