{"id":764256,"date":"2025-08-28T11:04:57","date_gmt":"2025-08-28T08:04:57","guid":{"rendered":"https:\/\/roveyayinevi.com.tr\/index.php\/urun\/gormeden-yuruyebilir-misin-ki\/"},"modified":"2026-04-15T03:30:13","modified_gmt":"2026-04-15T00:30:13","slug":"gormeden-yuruyebilir-misin-ki","status":"publish","type":"product","link":"https:\/\/roveyayinevi.com.tr\/index.php\/urun\/gormeden-yuruyebilir-misin-ki\/","title":{"rendered":"G\u00f6rmeden Y\u00fcr\u00fcyebilir misin ki?"},"content":{"rendered":"<p>Bilge, annesi ile parka giderken yolda g\u00f6zleri g\u00f6rmeyen bir adamla kar\u015f\u0131la\u015f\u0131yor. Adam\u0131n g\u00f6zleri g\u00f6rmeden nas\u0131l hareket etti\u011fini merak eden Bilge, hem merak\u0131n\u0131 annesi ile payla\u015farak hem de adam\u0131 uzaktan seyrederek akl\u0131ndaki sorular\u0131n yan\u0131t\u0131n\u0131 ar\u0131yor. G\u00fcn\u00fcn sonunda Bilge g\u00f6rme engelli bireylerin ya\u015famlar\u0131na dair bir\u00e7ok \u015fey \u00f6\u011freniyor ve g\u00f6rme engellilerin ya\u015famlar\u0131n\u0131 kolayla\u015ft\u0131rmak i\u00e7in neler yapabilece\u011fini d\u00fc\u015f\u00fcnmeye ba\u015fl\u0131yor. <\/p>\n","protected":false},"excerpt":{"rendered":"<p>Bilge, annesi ile parka giderken yolda g\u00f6zleri g\u00f6rmeyen bir adamla kar\u015f\u0131la\u015f\u0131yor. Adam\u0131n g\u00f6zleri g\u00f6rmeden nas\u0131l hareket etti\u011fini merak eden Bilge, hem merak\u0131n\u0131 annesi ile payla\u015farak hem<span class=\"excerpt-hellip\"> [\u2026]<\/span><\/p>\n","protected":false},"featured_media":0,"template":"","meta":{"_monsterinsights_skip_tracking":false,"_monsterinsights_sitenote_active":false,"_monsterinsights_sitenote_note":"","_monsterinsights_sitenote_category":0},"product_brand":[],"product_cat":[12274,15842],"product_tag":[],"class_list":{"0":"post-764256","1":"product","2":"type-product","3":"status-publish","5":"product_cat-cocuk-ve-genclik-kitaplari","6":"product_cat-egitici-kitaplar","7":"pa_cilt-ciltsiz","8":"pa_tur-kitap","9":"pa_yayinevi-gulnar-yayinlari","10":"pa_yazar-umit-zafer-nekis","12":"first","13":"instock","14":"sale","15":"shipping-taxable","16":"purchasable","17":"product-type-simple"},"_links":{"self":[{"href":"https:\/\/roveyayinevi.com.tr\/index.php\/wp-json\/wp\/v2\/product\/764256","targetHints":{"allow":["GET"]}}],"collection":[{"href":"https:\/\/roveyayinevi.com.tr\/index.php\/wp-json\/wp\/v2\/product"}],"about":[{"href":"https:\/\/roveyayinevi.com.tr\/index.php\/wp-json\/wp\/v2\/types\/product"}],"wp:attachment":[{"href":"https:\/\/roveyayinevi.com.tr\/index.php\/wp-json\/wp\/v2\/media?parent=764256"}],"wp:term":[{"taxonomy":"product_brand","embeddable":true,"href":"https:\/\/roveyayinevi.com.tr\/index.php\/wp-json\/wp\/v2\/product_brand?post=764256"},{"taxonomy":"product_cat","embeddable":true,"href":"https:\/\/roveyayinevi.com.tr\/index.php\/wp-json\/wp\/v2\/product_cat?post=764256"},{"taxonomy":"product_tag","embeddable":true,"href":"https:\/\/roveyayinevi.com.tr\/index.php\/wp-json\/wp\/v2\/product_tag?post=764256"}],"curies":[{"name":"wp","href":"https:\/\/api.w.org\/{rel}","templated":true}]}}