{"id":764255,"date":"2025-08-28T11:04:55","date_gmt":"2025-08-28T08:04:55","guid":{"rendered":"https:\/\/roveyayinevi.com.tr\/index.php\/urun\/doga-her-seyi-bilir\/"},"modified":"2026-04-15T03:30:13","modified_gmt":"2026-04-15T00:30:13","slug":"doga-her-seyi-bilir","status":"publish","type":"product","link":"https:\/\/roveyayinevi.com.tr\/index.php\/urun\/doga-her-seyi-bilir\/","title":{"rendered":"Do\u011fa Her \u015eeyi Bilir"},"content":{"rendered":"<p>HAVA SU TOPRAK G\u00d6KY\u00dcZ\u00dc \u201cBu aforizmalar\u0131 yazarken, esen r\u00fczg\u00e2rdan ve hayat\u0131m\u0131zdaki di\u011fer unsurlardan esinlendim. Y\u0131llar var ki, ar\u0131yorum, kulak veriyorum ve bu tatl\u0131 u\u00e7urumlara ne\u015feyle atlamay\u0131 deniyorum ve m\u00fcmk\u00fcn her kap\u0131y\u0131 a\u00e7\u0131k b\u0131rak\u0131yorum. B\u00f6ylece gizemlerin sonsuz oldu\u011funu ve baz\u0131lar\u0131n\u0131n sadece az s\u00f6zle anlat\u0131labilece\u011fini ke\u015ffettim. \u00c7\u00fcnk\u00fc arkada\u015f\u0131m Oscar Wilde\u2019\u0131n dedi\u011fi gibi, hakikati s\u00f6yleyen er ge\u00e7 anla\u015f\u0131lacakt\u0131r.\u201d Alberto Casiraghy <\/p>\n","protected":false},"excerpt":{"rendered":"<p>HAVA SU TOPRAK G\u00d6KY\u00dcZ\u00dc \u201cBu aforizmalar\u0131 yazarken, esen r\u00fczg\u00e2rdan ve hayat\u0131m\u0131zdaki di\u011fer unsurlardan esinlendim. Y\u0131llar var ki, ar\u0131yorum, kulak veriyorum ve bu tatl\u0131 u\u00e7urumlara ne\u015feyle atlamay\u0131<span class=\"excerpt-hellip\"> [\u2026]<\/span><\/p>\n","protected":false},"featured_media":0,"template":"","meta":{"_monsterinsights_skip_tracking":false,"_monsterinsights_sitenote_active":false,"_monsterinsights_sitenote_note":"","_monsterinsights_sitenote_category":0},"product_brand":[],"product_cat":[12274,12284],"product_tag":[],"class_list":{"0":"post-764255","1":"product","2":"type-product","3":"status-publish","5":"product_cat-cocuk-ve-genclik-kitaplari","6":"product_cat-hikayeler","7":"pa_cilt-ciltsiz","8":"pa_tur-kitap","9":"pa_yayinevi-yapi-kredi-yayinlari","10":"pa_yazar-alberto-casiraghy","12":"first","13":"instock","14":"sale","15":"shipping-taxable","16":"purchasable","17":"product-type-simple"},"_links":{"self":[{"href":"https:\/\/roveyayinevi.com.tr\/index.php\/wp-json\/wp\/v2\/product\/764255","targetHints":{"allow":["GET"]}}],"collection":[{"href":"https:\/\/roveyayinevi.com.tr\/index.php\/wp-json\/wp\/v2\/product"}],"about":[{"href":"https:\/\/roveyayinevi.com.tr\/index.php\/wp-json\/wp\/v2\/types\/product"}],"wp:attachment":[{"href":"https:\/\/roveyayinevi.com.tr\/index.php\/wp-json\/wp\/v2\/media?parent=764255"}],"wp:term":[{"taxonomy":"product_brand","embeddable":true,"href":"https:\/\/roveyayinevi.com.tr\/index.php\/wp-json\/wp\/v2\/product_brand?post=764255"},{"taxonomy":"product_cat","embeddable":true,"href":"https:\/\/roveyayinevi.com.tr\/index.php\/wp-json\/wp\/v2\/product_cat?post=764255"},{"taxonomy":"product_tag","embeddable":true,"href":"https:\/\/roveyayinevi.com.tr\/index.php\/wp-json\/wp\/v2\/product_tag?post=764255"}],"curies":[{"name":"wp","href":"https:\/\/api.w.org\/{rel}","templated":true}]}}