{"id":764254,"date":"2025-08-28T11:04:53","date_gmt":"2025-08-28T08:04:53","guid":{"rendered":"https:\/\/roveyayinevi.com.tr\/index.php\/urun\/balkabagi-ile-tohumlarin-sovalyesi\/"},"modified":"2026-04-15T03:30:13","modified_gmt":"2026-04-15T00:30:13","slug":"balkabagi-ile-tohumlarin-sovalyesi","status":"publish","type":"product","link":"https:\/\/roveyayinevi.com.tr\/index.php\/urun\/balkabagi-ile-tohumlarin-sovalyesi\/","title":{"rendered":"Balkaba\u011f\u0131 ile Tohumlar\u0131n \u015e\u00f6valyesi"},"content":{"rendered":"<p>Sevgili \u00e7ocuk, istersen sen de tohum s\u00fcrd\u00fcr\u00fcc\u00fcs\u00fc olabilirsin! Sana da Tohumlar\u0131n \u015e\u00f6valyesi desinler istemez misin?   Belki elma, \u015feftali, kiraz, karpuz&#8230; Belki domates, biber&#8230; Hatta sevdi\u011fin \u00e7i\u00e7ekler! \u0130stedi\u011fini se\u00e7. Bunlar\u0131n tohumlar\u0131n\u0131 do\u011frudan topra\u011fa ekebilirsin. Bu olana\u011f\u0131n yoksa da \u00fcz\u00fclme. Sevdi\u011fin bitkilerin s\u00fcrd\u00fcr\u00fcc\u00fcs\u00fc olman\u0131n bir yolu daha var: Tohum toplar\u0131 yapmak!   Berat Alanyal\u0131\u2019n\u0131n yazd\u0131\u011f\u0131 Balkaba\u011f\u0131 ile Tohumlar\u0131n \u015e\u00f6valyesi\u2019ne Tu\u011f\u00e7e Karabur\u00e7ak ne\u015feli resimleriyle e\u015flik ediyor. <\/p>\n","protected":false},"excerpt":{"rendered":"<p>Sevgili \u00e7ocuk, istersen sen de tohum s\u00fcrd\u00fcr\u00fcc\u00fcs\u00fc olabilirsin! Sana da Tohumlar\u0131n \u015e\u00f6valyesi desinler istemez misin? Belki elma, \u015feftali, kiraz, karpuz&#8230; Belki domates, biber&#8230; Hatta sevdi\u011fin \u00e7i\u00e7ekler!<span class=\"excerpt-hellip\"> [\u2026]<\/span><\/p>\n","protected":false},"featured_media":0,"template":"","meta":{"_monsterinsights_skip_tracking":false,"_monsterinsights_sitenote_active":false,"_monsterinsights_sitenote_note":"","_monsterinsights_sitenote_category":0},"product_brand":[],"product_cat":[12274,12284],"product_tag":[],"class_list":{"0":"post-764254","1":"product","2":"type-product","3":"status-publish","5":"product_cat-cocuk-ve-genclik-kitaplari","6":"product_cat-hikayeler","7":"pa_cilt-ciltsiz","8":"pa_tur-kitap","9":"pa_yayinevi-yapi-kredi-yayinlari","10":"pa_yazar-berat-alanyali","12":"first","13":"instock","14":"sale","15":"shipping-taxable","16":"purchasable","17":"product-type-simple"},"_links":{"self":[{"href":"https:\/\/roveyayinevi.com.tr\/index.php\/wp-json\/wp\/v2\/product\/764254","targetHints":{"allow":["GET"]}}],"collection":[{"href":"https:\/\/roveyayinevi.com.tr\/index.php\/wp-json\/wp\/v2\/product"}],"about":[{"href":"https:\/\/roveyayinevi.com.tr\/index.php\/wp-json\/wp\/v2\/types\/product"}],"wp:attachment":[{"href":"https:\/\/roveyayinevi.com.tr\/index.php\/wp-json\/wp\/v2\/media?parent=764254"}],"wp:term":[{"taxonomy":"product_brand","embeddable":true,"href":"https:\/\/roveyayinevi.com.tr\/index.php\/wp-json\/wp\/v2\/product_brand?post=764254"},{"taxonomy":"product_cat","embeddable":true,"href":"https:\/\/roveyayinevi.com.tr\/index.php\/wp-json\/wp\/v2\/product_cat?post=764254"},{"taxonomy":"product_tag","embeddable":true,"href":"https:\/\/roveyayinevi.com.tr\/index.php\/wp-json\/wp\/v2\/product_tag?post=764254"}],"curies":[{"name":"wp","href":"https:\/\/api.w.org\/{rel}","templated":true}]}}