{"id":764253,"date":"2025-08-28T11:04:51","date_gmt":"2025-08-28T08:04:51","guid":{"rendered":"https:\/\/roveyayinevi.com.tr\/index.php\/urun\/anlamak\/"},"modified":"2026-04-15T03:30:13","modified_gmt":"2026-04-15T00:30:13","slug":"anlamak","status":"publish","type":"product","link":"https:\/\/roveyayinevi.com.tr\/index.php\/urun\/anlamak\/","title":{"rendered":"Anlamak"},"content":{"rendered":"<p>Sorununa ba\u015fka bir a\u00e7\u0131dan bak\u0131nca zaten daha iyi anlam\u0131\u015f olursun. E\u011fer kap\u0131 kapal\u0131ysa ve senin anahtar\u0131n yoksa o zaman iyice ara sakince, dikkatlice. Dene, e\u011fil ve bak: Bulacaks\u0131n anahtar\u0131 paspas\u0131n alt\u0131nda.   Antonio Ferrara\u2019n\u0131n gezegenimizi, \u00e7evremizdeki insanlar\u0131 ve hatta kendimizi nas\u0131l anlad\u0131\u011f\u0131m\u0131z\u0131 d\u00fc\u015f\u00fcnd\u00fcrten bu merak uyand\u0131r\u0131c\u0131 metnini Arianna Papini resimledi. <\/p>\n","protected":false},"excerpt":{"rendered":"<p>Sorununa ba\u015fka bir a\u00e7\u0131dan bak\u0131nca zaten daha iyi anlam\u0131\u015f olursun. E\u011fer kap\u0131 kapal\u0131ysa ve senin anahtar\u0131n yoksa o zaman iyice ara sakince, dikkatlice. Dene, e\u011fil ve<span class=\"excerpt-hellip\"> [\u2026]<\/span><\/p>\n","protected":false},"featured_media":0,"template":"","meta":{"_monsterinsights_skip_tracking":false,"_monsterinsights_sitenote_active":false,"_monsterinsights_sitenote_note":"","_monsterinsights_sitenote_category":0},"product_brand":[],"product_cat":[12274,12284],"product_tag":[],"class_list":{"0":"post-764253","1":"product","2":"type-product","3":"status-publish","5":"product_cat-cocuk-ve-genclik-kitaplari","6":"product_cat-hikayeler","7":"pa_cilt-ciltsiz","8":"pa_tur-kitap","9":"pa_yayinevi-yapi-kredi-yayinlari","10":"pa_yazar-antonio-ferrara","12":"first","13":"instock","14":"sale","15":"shipping-taxable","16":"purchasable","17":"product-type-simple"},"_links":{"self":[{"href":"https:\/\/roveyayinevi.com.tr\/index.php\/wp-json\/wp\/v2\/product\/764253","targetHints":{"allow":["GET"]}}],"collection":[{"href":"https:\/\/roveyayinevi.com.tr\/index.php\/wp-json\/wp\/v2\/product"}],"about":[{"href":"https:\/\/roveyayinevi.com.tr\/index.php\/wp-json\/wp\/v2\/types\/product"}],"wp:attachment":[{"href":"https:\/\/roveyayinevi.com.tr\/index.php\/wp-json\/wp\/v2\/media?parent=764253"}],"wp:term":[{"taxonomy":"product_brand","embeddable":true,"href":"https:\/\/roveyayinevi.com.tr\/index.php\/wp-json\/wp\/v2\/product_brand?post=764253"},{"taxonomy":"product_cat","embeddable":true,"href":"https:\/\/roveyayinevi.com.tr\/index.php\/wp-json\/wp\/v2\/product_cat?post=764253"},{"taxonomy":"product_tag","embeddable":true,"href":"https:\/\/roveyayinevi.com.tr\/index.php\/wp-json\/wp\/v2\/product_tag?post=764253"}],"curies":[{"name":"wp","href":"https:\/\/api.w.org\/{rel}","templated":true}]}}