{"id":764252,"date":"2025-08-28T11:04:49","date_gmt":"2025-08-28T08:04:49","guid":{"rendered":"https:\/\/roveyayinevi.com.tr\/index.php\/urun\/hayata-baslarken\/"},"modified":"2026-04-15T03:30:13","modified_gmt":"2026-04-15T00:30:13","slug":"hayata-baslarken","status":"publish","type":"product","link":"https:\/\/roveyayinevi.com.tr\/index.php\/urun\/hayata-baslarken\/","title":{"rendered":"Hayata Ba\u015flarken"},"content":{"rendered":"<p>Hayata Ba\u015flarken\u2019de yazar\u0131n \u00e7ekmecesinde kalm\u0131\u015f ve ancak 1983\u2019ten sonra kitaplar\u0131na al\u0131nm\u0131\u015f \u00f6yk\u00fcleri okuyacaks\u0131n\u0131z. Bu tarihsiz \u00f6yk\u00fcler bir araya getirilirken yaz\u0131m ve anlat\u0131m bi\u00e7imleri dikkate al\u0131nd\u0131, tematik ili\u015fkilerine g\u00f6re s\u0131raland\u0131.   Bilindi\u011fi gibi, Esendal\u2019\u0131n hemen hemen t\u00fcm \u00f6yk\u00fcleri temelde \u201chayata at\u0131lma\u201d ve \u201cev kurma\u201d \u00fcst\u00fcnedir; gen\u00e7li\u011fin sevgi ve mutluluk aray\u0131\u015f\u0131 \u00fcst\u00fcnedir. Hayata Ba\u015flarken ad\u0131n\u0131 verdi\u011fimiz bu kitapta da kad\u0131n-erkek, aile-\u00e7ocuk ili\u015fkileri ele al\u0131n\u0131yor. Sevgi ve ac\u0131ma duygular\u0131na, mutlu ve mutsuz evliliklere, yitirilen insani de\u011ferlere, k\u00fclt\u00fcrel yozla\u015fmalara ve e\u011fitim i\u015flerindeki bozuk d\u00fczene vurgu yap\u0131l\u0131yor. Esendal\u2019\u0131n renkli tipleri (esnaf, ev kad\u0131n\u0131, din adam\u0131, alafranga-z\u00fcppe, b\u00fcrokrat, memur, yar\u0131 ayd\u0131n) bu kitab\u0131n her \u00f6yk\u00fcs\u00fcnde farkl\u0131 k\u0131l\u0131klarda boy g\u00f6steriyor.   \u201c\u00c7ocuklar\u0131n i\u00e7inde, aldat\u0131lmaktan, mazlum, zavall\u0131 olmaktan ve a\u011flamaktan ho\u015flananlar var. Hatta sevdalar, muhabbet ve maceralar hayal edip mahzun olan, a\u011flayanlar var. H\u00fcseyin Hulki isminde birini tan\u0131d\u0131m ki, her g\u00fcn hik\u00e2yeler icat eder, hi\u00e7 olmayan k\u0131zlara \u00e2\u015f\u0131k olur, sonra da mahzun kal\u0131rd\u0131.\u201d <\/p>\n","protected":false},"excerpt":{"rendered":"<p>Hayata Ba\u015flarken\u2019de yazar\u0131n \u00e7ekmecesinde kalm\u0131\u015f ve ancak 1983\u2019ten sonra kitaplar\u0131na al\u0131nm\u0131\u015f \u00f6yk\u00fcleri okuyacaks\u0131n\u0131z. Bu tarihsiz \u00f6yk\u00fcler bir araya getirilirken yaz\u0131m ve anlat\u0131m bi\u00e7imleri dikkate al\u0131nd\u0131, tematik<span class=\"excerpt-hellip\"> [\u2026]<\/span><\/p>\n","protected":false},"featured_media":0,"template":"","meta":{"_monsterinsights_skip_tracking":false,"_monsterinsights_sitenote_active":false,"_monsterinsights_sitenote_note":"","_monsterinsights_sitenote_category":0},"product_brand":[],"product_cat":[12291,12711],"product_tag":[],"class_list":{"0":"post-764252","1":"product","2":"type-product","3":"status-publish","5":"product_cat-edebiyat","6":"product_cat-roman-oyku","7":"pa_cilt-ciltsiz","8":"pa_tur-kitap","9":"pa_yayinevi-yapi-kredi-yayinlari","10":"pa_yazar-memduh-sevket-esendal","12":"first","13":"instock","14":"sale","15":"shipping-taxable","16":"purchasable","17":"product-type-simple"},"_links":{"self":[{"href":"https:\/\/roveyayinevi.com.tr\/index.php\/wp-json\/wp\/v2\/product\/764252","targetHints":{"allow":["GET"]}}],"collection":[{"href":"https:\/\/roveyayinevi.com.tr\/index.php\/wp-json\/wp\/v2\/product"}],"about":[{"href":"https:\/\/roveyayinevi.com.tr\/index.php\/wp-json\/wp\/v2\/types\/product"}],"wp:attachment":[{"href":"https:\/\/roveyayinevi.com.tr\/index.php\/wp-json\/wp\/v2\/media?parent=764252"}],"wp:term":[{"taxonomy":"product_brand","embeddable":true,"href":"https:\/\/roveyayinevi.com.tr\/index.php\/wp-json\/wp\/v2\/product_brand?post=764252"},{"taxonomy":"product_cat","embeddable":true,"href":"https:\/\/roveyayinevi.com.tr\/index.php\/wp-json\/wp\/v2\/product_cat?post=764252"},{"taxonomy":"product_tag","embeddable":true,"href":"https:\/\/roveyayinevi.com.tr\/index.php\/wp-json\/wp\/v2\/product_tag?post=764252"}],"curies":[{"name":"wp","href":"https:\/\/api.w.org\/{rel}","templated":true}]}}