{"id":764246,"date":"2025-08-28T11:04:37","date_gmt":"2025-08-28T08:04:37","guid":{"rendered":"https:\/\/roveyayinevi.com.tr\/index.php\/urun\/dalga-boyu\/"},"modified":"2026-04-07T03:24:18","modified_gmt":"2026-04-07T00:24:18","slug":"dalga-boyu","status":"publish","type":"product","link":"https:\/\/roveyayinevi.com.tr\/index.php\/urun\/dalga-boyu\/","title":{"rendered":"Dalga Boyu"},"content":{"rendered":"<p>Bir \u015feye ge\u00e7 kalm\u0131\u015f\u0131m da o gecikmeyi, neye ge\u00e7 kald\u0131\u011f\u0131m\u0131 anlamak i\u00e7in, g\u00f6lgemin yan\u0131nda heykelle\u015ferek giderece\u011fimi san\u0131yorum.   Murat Yal\u00e7\u0131n\u2019\u0131n yedi y\u0131l aradan sonra \u00e7\u0131kan yedinci \u00f6yk\u00fc kitab\u0131 Dalga Boyu otuz be\u015f y\u0131ll\u0131k \u00f6yk\u00fc ser\u00fcvenini a\u00e7\u0131\u011fa \u00e7\u0131kar\u0131yor.   G\u00f6lgelerin d\u00fc\u015flerine dal\u0131p \u00e7\u0131kan, s\u00f6zc\u00fcklerin yank\u0131s\u0131na kulak veren bir kitap Dalga Boyu. Anlat\u0131c\u0131lar, bir kaleydoskopun oyna\u015fan renklerinde r\u00fcyaya yatm\u0131\u015f bir \u015fehirde geziyor; ya\u015fam\u0131n g\u00fczelli\u011fine ve \u00f6l\u00fcm\u00fcn a\u011f\u0131rl\u0131\u011f\u0131na al\u0131\u015fman\u0131n yollar\u0131n\u0131 ar\u0131yor. Bazen bir an\u0131ya bazen bir bak\u0131\u015fa odaklanan \u00f6yk\u00fclerde ge\u00e7mi\u015f zaman\u0131n dehlizlerinde, uykunun s\u0131n\u0131r boylar\u0131nda dola\u015fan bilincin izi s\u00fcr\u00fcl\u00fcyor. <\/p>\n","protected":false},"excerpt":{"rendered":"<p>Bir \u015feye ge\u00e7 kalm\u0131\u015f\u0131m da o gecikmeyi, neye ge\u00e7 kald\u0131\u011f\u0131m\u0131 anlamak i\u00e7in, g\u00f6lgemin yan\u0131nda heykelle\u015ferek giderece\u011fimi san\u0131yorum. Murat Yal\u00e7\u0131n\u2019\u0131n yedi y\u0131l aradan sonra \u00e7\u0131kan yedinci \u00f6yk\u00fc<span class=\"excerpt-hellip\"> [\u2026]<\/span><\/p>\n","protected":false},"featured_media":0,"template":"","meta":{"_monsterinsights_skip_tracking":false,"_monsterinsights_sitenote_active":false,"_monsterinsights_sitenote_note":"","_monsterinsights_sitenote_category":0},"product_brand":[],"product_cat":[12291,12711],"product_tag":[],"class_list":{"0":"post-764246","1":"product","2":"type-product","3":"status-publish","5":"product_cat-edebiyat","6":"product_cat-roman-oyku","7":"pa_cilt-ciltsiz","8":"pa_tur-kitap","9":"pa_yayinevi-yapi-kredi-yayinlari","10":"pa_yazar-murat-yalcin","12":"first","13":"instock","14":"sale","15":"shipping-taxable","16":"purchasable","17":"product-type-simple"},"_links":{"self":[{"href":"https:\/\/roveyayinevi.com.tr\/index.php\/wp-json\/wp\/v2\/product\/764246","targetHints":{"allow":["GET"]}}],"collection":[{"href":"https:\/\/roveyayinevi.com.tr\/index.php\/wp-json\/wp\/v2\/product"}],"about":[{"href":"https:\/\/roveyayinevi.com.tr\/index.php\/wp-json\/wp\/v2\/types\/product"}],"wp:attachment":[{"href":"https:\/\/roveyayinevi.com.tr\/index.php\/wp-json\/wp\/v2\/media?parent=764246"}],"wp:term":[{"taxonomy":"product_brand","embeddable":true,"href":"https:\/\/roveyayinevi.com.tr\/index.php\/wp-json\/wp\/v2\/product_brand?post=764246"},{"taxonomy":"product_cat","embeddable":true,"href":"https:\/\/roveyayinevi.com.tr\/index.php\/wp-json\/wp\/v2\/product_cat?post=764246"},{"taxonomy":"product_tag","embeddable":true,"href":"https:\/\/roveyayinevi.com.tr\/index.php\/wp-json\/wp\/v2\/product_tag?post=764246"}],"curies":[{"name":"wp","href":"https:\/\/api.w.org\/{rel}","templated":true}]}}