{"id":764245,"date":"2025-08-28T11:04:35","date_gmt":"2025-08-28T08:04:35","guid":{"rendered":"https:\/\/roveyayinevi.com.tr\/index.php\/urun\/kucuk-kardesim\/"},"modified":"2026-04-15T03:30:13","modified_gmt":"2026-04-15T00:30:13","slug":"kucuk-kardesim","status":"publish","type":"product","link":"https:\/\/roveyayinevi.com.tr\/index.php\/urun\/kucuk-kardesim\/","title":{"rendered":"K\u00fc\u00e7\u00fck Karde\u015fim"},"content":{"rendered":"<p>Birbirinden tamamen farkl\u0131 iki erkek karde\u015f. B\u00fcy\u00fc\u011f\u00fc \u00e7apk\u0131n, geveze, \u00f6zg\u00fcvenli, tembel, s\u00f6zc\u00fcklere \u00e2\u015f\u0131k Jean-Louis. K\u00fc\u00e7\u00fc\u011f\u00fc \u00e7ekingen, ketum, utanga\u00e7, s\u0131n\u0131f birincisi, say\u0131lara tutkun Yves-Marie. Z\u0131t karakterlerine kar\u015f\u0131n, birbirine son derece ba\u011fl\u0131 bu iki karde\u015fin Arras kentinde ge\u00e7en yer yer mizahi, yer yer h\u00fcz\u00fcnl\u00fc hik\u00e2yesi. K\u00fc\u00e7\u00fck Karde\u015fim Fournier\u2019nin b\u00fcy\u00fck aile anlat\u0131s\u0131n\u0131n \u2013\u015fimdilik\u2013 son halkas\u0131. Yitirilen bir karde\u015fin hat\u0131ras\u0131na yaz\u0131lm\u0131\u015f veda s\u00f6zc\u00fckleri. Karde\u015fim bir ses olsa, g\u00fcl\u00fcmseyen bir sessizlik olurdu herhalde. <\/p>\n","protected":false},"excerpt":{"rendered":"<p>Birbirinden tamamen farkl\u0131 iki erkek karde\u015f. B\u00fcy\u00fc\u011f\u00fc \u00e7apk\u0131n, geveze, \u00f6zg\u00fcvenli, tembel, s\u00f6zc\u00fcklere \u00e2\u015f\u0131k Jean-Louis. K\u00fc\u00e7\u00fc\u011f\u00fc \u00e7ekingen, ketum, utanga\u00e7, s\u0131n\u0131f birincisi, say\u0131lara tutkun Yves-Marie. Z\u0131t karakterlerine kar\u015f\u0131n,<span class=\"excerpt-hellip\"> [\u2026]<\/span><\/p>\n","protected":false},"featured_media":0,"template":"","meta":{"_monsterinsights_skip_tracking":false,"_monsterinsights_sitenote_active":false,"_monsterinsights_sitenote_note":"","_monsterinsights_sitenote_category":0},"product_brand":[],"product_cat":[18545,12291],"product_tag":[],"class_list":{"0":"post-764245","1":"product","2":"type-product","3":"status-publish","5":"product_cat-anlati","6":"product_cat-edebiyat","7":"pa_cilt-ciltsiz","8":"pa_tur-kitap","9":"pa_yayinevi-yapi-kredi-yayinlari","10":"pa_yazar-jean-louis-fournier","12":"first","13":"instock","14":"sale","15":"shipping-taxable","16":"purchasable","17":"product-type-simple"},"_links":{"self":[{"href":"https:\/\/roveyayinevi.com.tr\/index.php\/wp-json\/wp\/v2\/product\/764245","targetHints":{"allow":["GET"]}}],"collection":[{"href":"https:\/\/roveyayinevi.com.tr\/index.php\/wp-json\/wp\/v2\/product"}],"about":[{"href":"https:\/\/roveyayinevi.com.tr\/index.php\/wp-json\/wp\/v2\/types\/product"}],"wp:attachment":[{"href":"https:\/\/roveyayinevi.com.tr\/index.php\/wp-json\/wp\/v2\/media?parent=764245"}],"wp:term":[{"taxonomy":"product_brand","embeddable":true,"href":"https:\/\/roveyayinevi.com.tr\/index.php\/wp-json\/wp\/v2\/product_brand?post=764245"},{"taxonomy":"product_cat","embeddable":true,"href":"https:\/\/roveyayinevi.com.tr\/index.php\/wp-json\/wp\/v2\/product_cat?post=764245"},{"taxonomy":"product_tag","embeddable":true,"href":"https:\/\/roveyayinevi.com.tr\/index.php\/wp-json\/wp\/v2\/product_tag?post=764245"}],"curies":[{"name":"wp","href":"https:\/\/api.w.org\/{rel}","templated":true}]}}