{"id":764243,"date":"2025-08-28T11:04:31","date_gmt":"2025-08-28T08:04:31","guid":{"rendered":"https:\/\/roveyayinevi.com.tr\/index.php\/urun\/ferdydurke\/"},"modified":"2026-04-15T03:30:13","modified_gmt":"2026-04-15T00:30:13","slug":"ferdydurke","status":"publish","type":"product","link":"https:\/\/roveyayinevi.com.tr\/index.php\/urun\/ferdydurke\/","title":{"rendered":"Ferdydurke"},"content":{"rendered":"<p>Roman\u0131n ba\u015fkarakteri, otuz ya\u015f\u0131ndaki Yujo kaderin bir cilvesiyle yeniden \u00f6\u011frencili\u011fe d\u00f6ner. Okuldayken ve okul d\u0131\u015f\u0131nda, kendisini bask\u0131 alt\u0131nda tutan normlardan ve team\u00fcllerden kurtar\u0131p \u00f6zg\u00fcrle\u015ftirebilecek tek \u00e7\u00f6z\u00fcm yolu olarak g\u00f6rd\u00fc\u011f\u00fc \u201cuygun bi\u00e7im aray\u0131\u015f\u0131\u201dna dair tak\u0131nt\u0131s\u0131n\u0131 besler ve b\u00fcy\u00fct\u00fcr. Sonunda, safl\u0131\u011f\u0131ndan kurtulmak i\u00e7in t\u00fcm \u00e7abalamalar\u0131na kar\u015f\u0131n yenilgiye u\u011frar ve \u201csaf\u201dl\u0131\u011f\u0131n\u0131 korur.   Witold Gombrowicz\u2019in 1937\u2019de yay\u0131mlanan ilk roman\u0131 Ferdydurke, \u201csonsuz olgunla\u015fmam\u0131\u015fl\u0131k \u00fcst\u00fcne bir tez\u201din roman bi\u00e7iminde anlat\u0131m\u0131d\u0131r.   Y\u00fczy\u0131l\u0131m\u0131z\u0131n en b\u00fcy\u00fck roman yazarlar\u0131ndan biri. Milan Kundera   K\u00fclt\u00fcrel yalanlar\u0131n ac\u0131mas\u0131z avc\u0131s\u0131. Bruno Schulz<\/p>\n","protected":false},"excerpt":{"rendered":"<p>Roman\u0131n ba\u015fkarakteri, otuz ya\u015f\u0131ndaki Yujo kaderin bir cilvesiyle yeniden \u00f6\u011frencili\u011fe d\u00f6ner. Okuldayken ve okul d\u0131\u015f\u0131nda, kendisini bask\u0131 alt\u0131nda tutan normlardan ve team\u00fcllerden kurtar\u0131p \u00f6zg\u00fcrle\u015ftirebilecek tek \u00e7\u00f6z\u00fcm<span class=\"excerpt-hellip\"> [\u2026]<\/span><\/p>\n","protected":false},"featured_media":0,"template":"","meta":{"_monsterinsights_skip_tracking":false,"_monsterinsights_sitenote_active":false,"_monsterinsights_sitenote_note":"","_monsterinsights_sitenote_category":0},"product_brand":[],"product_cat":[12291,12711],"product_tag":[],"class_list":{"0":"post-764243","1":"product","2":"type-product","3":"status-publish","5":"product_cat-edebiyat","6":"product_cat-roman-oyku","7":"pa_cilt-ciltsiz","8":"pa_tur-kitap","9":"pa_yayinevi-yapi-kredi-yayinlari","10":"pa_yazar-witold-gombrowicz","12":"first","13":"instock","14":"sale","15":"shipping-taxable","16":"purchasable","17":"product-type-simple"},"_links":{"self":[{"href":"https:\/\/roveyayinevi.com.tr\/index.php\/wp-json\/wp\/v2\/product\/764243","targetHints":{"allow":["GET"]}}],"collection":[{"href":"https:\/\/roveyayinevi.com.tr\/index.php\/wp-json\/wp\/v2\/product"}],"about":[{"href":"https:\/\/roveyayinevi.com.tr\/index.php\/wp-json\/wp\/v2\/types\/product"}],"wp:attachment":[{"href":"https:\/\/roveyayinevi.com.tr\/index.php\/wp-json\/wp\/v2\/media?parent=764243"}],"wp:term":[{"taxonomy":"product_brand","embeddable":true,"href":"https:\/\/roveyayinevi.com.tr\/index.php\/wp-json\/wp\/v2\/product_brand?post=764243"},{"taxonomy":"product_cat","embeddable":true,"href":"https:\/\/roveyayinevi.com.tr\/index.php\/wp-json\/wp\/v2\/product_cat?post=764243"},{"taxonomy":"product_tag","embeddable":true,"href":"https:\/\/roveyayinevi.com.tr\/index.php\/wp-json\/wp\/v2\/product_tag?post=764243"}],"curies":[{"name":"wp","href":"https:\/\/api.w.org\/{rel}","templated":true}]}}