{"id":764241,"date":"2025-08-28T11:04:26","date_gmt":"2025-08-28T08:04:26","guid":{"rendered":"https:\/\/roveyayinevi.com.tr\/index.php\/urun\/doga-defteri\/"},"modified":"2026-04-15T03:30:13","modified_gmt":"2026-04-15T00:30:13","slug":"doga-defteri","status":"publish","type":"product","link":"https:\/\/roveyayinevi.com.tr\/index.php\/urun\/doga-defteri\/","title":{"rendered":"Do\u011fa Defteri"},"content":{"rendered":"<p>Bir zamanlar nas\u0131l ya\u015fanaca\u011f\u0131na, hareketli takvimler y\u00f6n verirdi. Topra\u011f\u0131n, ekinlerin, bolluk ta\u015f\u0131yan su kaynaklar\u0131n\u0131n mevsim ge\u00e7i\u015flerine uyumla giyinip soyundu\u011fu, dolup bo\u015fald\u0131\u011f\u0131 bu zamanlarda, bir mevsimin s\u00fcresi ve karakteri, topra\u011f\u0131n, bitkilerin, tak\u0131my\u0131ld\u0131zlar\u0131n, ya\u011fmurlar\u0131n karar\u0131yla bi\u00e7imlenir, do\u011fan\u0131n zaman ku\u015fa\u011f\u0131 kendi halince sal\u0131n\u0131rd\u0131. Bu d\u00f6ng\u00fcsel seyir adeta de\u011fi\u015fken bir ritimle gezinen b\u00fct\u00fcn bir canl\u0131l\u0131kt\u0131.   Deniz Gezgin\u2019in antropoloji, mitoloji, edebiyat, tarih, s\u00f6ylence gibi, \u00e7ok \u00e7e\u015fitli disiplinlere u\u011frayarak kaleme ald\u0131\u011f\u0131 Do\u011fa Defteri, \u00e7i\u00e7ek tozlar\u0131n\u0131 birbirine kavu\u015fturan r\u00fczg\u00e2rlar\u0131n seyrinde, g\u00f6\u00e7men ku\u015flar\u0131 \u00f6n\u00fcne katan f\u0131rt\u0131nalara kar\u0131\u015farak, g\u00fcnd\u00f6n\u00fcmlerinin, mevsim \u00e7arklar\u0131n\u0131n, \u00e7iy damlalar\u0131n\u0131n, tohumlar\u0131n bahsini a\u00e7\u0131yor. \u0130klimi ve mevsimleri do\u011fan\u0131n geni\u015f zaman\u0131yla d\u00fc\u015f\u00fcnerek her \u015feyi i\u00e7ine alan bir e\u015f duyumu dile ta\u015f\u0131yor.   \u0130\u015fte yaban\u0131l bir hayvana karde\u015fim demenin tam zaman\u0131, ba\u011flar\u0131n gev\u015feyi\u015fiyle yak\u0131nl\u0131\u011f\u0131n duyumsand\u0131\u011f\u0131 ba\u015fka bir kavray\u0131\u015f imk\u00e2n\u0131&#8230; <\/p>\n","protected":false},"excerpt":{"rendered":"<p>Bir zamanlar nas\u0131l ya\u015fanaca\u011f\u0131na, hareketli takvimler y\u00f6n verirdi. Topra\u011f\u0131n, ekinlerin, bolluk ta\u015f\u0131yan su kaynaklar\u0131n\u0131n mevsim ge\u00e7i\u015flerine uyumla giyinip soyundu\u011fu, dolup bo\u015fald\u0131\u011f\u0131 bu zamanlarda, bir mevsimin s\u00fcresi<span class=\"excerpt-hellip\"> [\u2026]<\/span><\/p>\n","protected":false},"featured_media":0,"template":"","meta":{"_monsterinsights_skip_tracking":false,"_monsterinsights_sitenote_active":false,"_monsterinsights_sitenote_note":"","_monsterinsights_sitenote_category":0},"product_brand":[],"product_cat":[12777,12291],"product_tag":[],"class_list":{"0":"post-764241","1":"product","2":"type-product","3":"status-publish","5":"product_cat-deneme","6":"product_cat-edebiyat","7":"pa_cilt-ciltsiz","8":"pa_tur-kitap","9":"pa_yayinevi-yapi-kredi-yayinlari","10":"pa_yazar-deniz-gezgin","12":"first","13":"instock","14":"sale","15":"shipping-taxable","16":"purchasable","17":"product-type-simple"},"_links":{"self":[{"href":"https:\/\/roveyayinevi.com.tr\/index.php\/wp-json\/wp\/v2\/product\/764241","targetHints":{"allow":["GET"]}}],"collection":[{"href":"https:\/\/roveyayinevi.com.tr\/index.php\/wp-json\/wp\/v2\/product"}],"about":[{"href":"https:\/\/roveyayinevi.com.tr\/index.php\/wp-json\/wp\/v2\/types\/product"}],"wp:attachment":[{"href":"https:\/\/roveyayinevi.com.tr\/index.php\/wp-json\/wp\/v2\/media?parent=764241"}],"wp:term":[{"taxonomy":"product_brand","embeddable":true,"href":"https:\/\/roveyayinevi.com.tr\/index.php\/wp-json\/wp\/v2\/product_brand?post=764241"},{"taxonomy":"product_cat","embeddable":true,"href":"https:\/\/roveyayinevi.com.tr\/index.php\/wp-json\/wp\/v2\/product_cat?post=764241"},{"taxonomy":"product_tag","embeddable":true,"href":"https:\/\/roveyayinevi.com.tr\/index.php\/wp-json\/wp\/v2\/product_tag?post=764241"}],"curies":[{"name":"wp","href":"https:\/\/api.w.org\/{rel}","templated":true}]}}